{"id":30708,"date":"2026-01-18T12:43:54","date_gmt":"2026-01-18T11:43:54","guid":{"rendered":"https:\/\/granuluxfrance.com\/?post_type=product&#038;p=30708"},"modified":"2026-04-20T21:48:19","modified_gmt":"2026-04-20T20:48:19","slug":"bougie-allumage-poele-pellets-150mm-3-8-gaz","status":"publish","type":"product","link":"https:\/\/granuluxfrance.com\/en\/produit\/bougie-allumage-poele-pellets-150mm-3-8-gaz\/","title":{"rendered":"Bougie d\u2019allumage avec raccord 3\/8&#8243; GAZ \u2013 150 mm \u2013 280 W \u2013 Po\u00eale \u00e0 granul\u00e9s-pellets"},"content":{"rendered":"<p data-start=\"802\" data-end=\"1134\">Cette <strong data-start=\"808\" data-end=\"850\">bougie d\u2019allumage pour po\u00eale \u00e0 pellets avec raccord filet\u00e9 3\/8&#8243; GAZ\u00a0 fabriqu\u00e9e en union europ\u00e9enne <\/strong>est sp\u00e9cialement con\u00e7ue pour assurer un <strong data-start=\"924\" data-end=\"956\">d\u00e9marrage rapide et s\u00e9curis\u00e9<\/strong> de votre appareil de chauffage. Gr\u00e2ce \u00e0 sa conception robuste et \u00e0 ses performances thermiques \u00e9lev\u00e9es, elle garantit une mont\u00e9e en temp\u00e9rature efficace d\u00e8s la phase d\u2019allumage.<\/p>\n<p data-start=\"1136\" data-end=\"1429\">Avec un <strong data-start=\"1144\" data-end=\"1173\">diam\u00e8tre pr\u00e9cis de 9,9 mm<\/strong>, une <strong data-start=\"1179\" data-end=\"1208\">longueur totale de 150 mm<\/strong> et une <strong data-start=\"1216\" data-end=\"1249\">longueur sous-\u00e9crou de 140 mm<\/strong>, cette bougie est parfaitement adapt\u00e9e aux po\u00eales n\u00e9cessitant ce format sp\u00e9cifique. Sa <strong data-start=\"1337\" data-end=\"1359\">puissance de 280 W<\/strong> permet un allumage fiable des granul\u00e9s de bois, m\u00eame par temps froid.<\/p>\n<h3 style=\"text-align: center;\">\u00a0Caract\u00e9ristiques techniques<\/h3>\n<table>\n<thead>\n<tr>\n<th>Caract\u00e9ristique<\/th>\n<th>Sp\u00e9cification<\/th>\n<\/tr>\n<\/thead>\n<tbody>\n<tr>\n<td>Fixation<\/td>\n<td>\u00c9crou 3\/8 gaz<\/td>\n<\/tr>\n<tr>\n<td>Longueur totale<\/td>\n<td>150 mm<\/td>\n<\/tr>\n<tr>\n<td>Longueur sous \u00e9crou<\/td>\n<td>140 mm<\/td>\n<\/tr>\n<tr>\n<td>Diam\u00e8tre<\/td>\n<td>9,9 mm<\/td>\n<\/tr>\n<tr>\n<td>Puissance<\/td>\n<td>280 W<\/td>\n<\/tr>\n<tr>\n<td>Longueur de c\u00e2ble<\/td>\n<td>50 cm<\/td>\n<\/tr>\n<\/tbody>\n<\/table>\n<p>&nbsp;<\/p>\n<p>&nbsp;<\/p>\n<h3 data-start=\"2164\" data-end=\"2188\">Pourquoi choisir cette bougie ?<\/h3>\n<p data-start=\"1479\" data-end=\"1662\">Fabriqu\u00e9e pour un usage intensif, cette bougie a \u00e9t\u00e9 <strong data-start=\"1532\" data-end=\"1596\">test\u00e9e pour plus de 10 000 cycles d\u2019allumage et d\u2019extinction<\/strong>, assurant une excellente dur\u00e9e de vie. Elle convient aussi bien :<\/p>\n<ul data-start=\"1663\" data-end=\"1749\">\n<li data-start=\"1663\" data-end=\"1689\">\n<p data-start=\"1665\" data-end=\"1689\">aux <strong data-start=\"1669\" data-end=\"1689\">po\u00eales \u00e0 pellets<\/strong><\/p>\n<\/li>\n<li data-start=\"1690\" data-end=\"1721\">\n<p data-start=\"1692\" data-end=\"1721\">aux <strong data-start=\"1696\" data-end=\"1721\">chaudi\u00e8res \u00e0 granul\u00e9s<\/strong><\/p>\n<\/li>\n<li data-start=\"1722\" data-end=\"1749\">\n<p data-start=\"1724\" data-end=\"1749\">aux <strong data-start=\"1728\" data-end=\"1749\">br\u00fbleurs biomasse<\/strong><\/p>\n<\/li>\n<\/ul>\n<p data-start=\"1751\" data-end=\"1896\">Elle constitue une <strong data-start=\"1770\" data-end=\"1815\">solution id\u00e9ale en remplacement d\u2019origine<\/strong> pour de nombreuses marques de po\u00eales compatibles . (voir pages marques associ\u00e9es).<\/p>\n<p>&nbsp;<\/p>\n<h3 style=\"text-align: center;\" data-start=\"2164\" data-end=\"2188\"><strong data-start=\"2168\" data-end=\"2186\">B\u00e9n\u00e9fices cl\u00e9s<\/strong><\/h3>\n<ul data-start=\"2189\" data-end=\"2385\">\n<li data-start=\"2189\" data-end=\"2225\">\n<p data-start=\"2191\" data-end=\"2225\">\ud83d\udd25 <strong data-start=\"2194\" data-end=\"2223\">Allumage rapide et fiable<\/strong><\/p>\n<\/li>\n<li data-start=\"2226\" data-end=\"2286\">\n<p data-start=\"2228\" data-end=\"2286\">\ud83d\udcaa <strong data-start=\"2231\" data-end=\"2255\">Mat\u00e9riaux r\u00e9sistants<\/strong> pour une longue dur\u00e9e de vie<\/p>\n<\/li>\n<li data-start=\"2287\" data-end=\"2340\">\n<p data-start=\"2289\" data-end=\"2340\">\u26a1 <strong data-start=\"2291\" data-end=\"2312\">Puissance adapt\u00e9e<\/strong> pour un rendement optimal<\/p>\n<\/li>\n<li data-start=\"2341\" data-end=\"2385\">\n<p data-start=\"2343\" data-end=\"2385\">\ud83d\udce6 <strong data-start=\"2346\" data-end=\"2383\">Livraison rapide depuis la France<\/strong><\/p>\n<\/li>\n<\/ul>\n","protected":false},"excerpt":{"rendered":"<h3 style=\"text-align: center;\">Po\u00eales compatibles<\/h3>\n<p style=\"text-align: center;\" data-start=\"1661\" data-end=\"1805\"><strong>Deux cosses m\u00e2le-femelle isol\u00e9es offertes avec votre bougie.<\/strong><\/p>\n<p data-start=\"1661\" data-end=\"1805\">Bougie d\u2019allumage pour po\u00eale \u00e0 pellets avec raccord filet\u00e9 <strong data-start=\"460\" data-end=\"472\">3\/8&#8243; GAZ<\/strong>, con\u00e7ue pour un <strong data-start=\"489\" data-end=\"527\">allumage rapide, fiable et durable<\/strong>. Compatible avec de nombreux mod\u00e8les de po\u00eales \u00e0 granul\u00e9s, chaudi\u00e8res et br\u00fbleurs. Test\u00e9e pour plus de <strong data-start=\"631\" data-end=\"670\">10 000 cycles d\u2019allumage\/extinction<\/strong>.<\/p>\n<p data-start=\"1661\" data-end=\"1805\"><a href=\"https:\/\/granuluxfrance.com\/?page_id=30718&amp;preview=true\">Deville ( voir les mod\u00e8les compatibles)<\/a> &#8211; <a href=\"https:\/\/granuluxfrance.com\/?page_id=30720&amp;preview=true\">Brisach ( voir les mod\u00e8les compatibles)<\/a> &#8211; <a href=\"https:\/\/granuluxfrance.com\/?page_id=30722&amp;preview=true\">Nobis ( voir les mod\u00e8les compatibles)<\/a> &#8211;<a href=\"https:\/\/granuluxfrance.com\/?page_id=30716&amp;preview=true\"> Interstoves ( voir les mod\u00e8les compatibles) <\/a>&#8211; <a href=\"https:\/\/granuluxfrance.com\/?page_id=30714&amp;preview=true\">Invicta (voir les mod\u00e8les compatibles)<\/a> &#8211;\u00a0 <a href=\"https:\/\/granuluxfrance.com\/?page_id=30724&amp;preview=true\">Casatelli ( voir les mod\u00e8les compatibles)<\/a> &#8211; <a href=\"https:\/\/granuluxfrance.com\/?page_id=30727&amp;preview=true\">Etna ( voir les mod\u00e8les compatibles)<\/a> &#8211; <a href=\"https:\/\/granuluxfrance.com\/?page_id=30729&amp;preview=true\">Austroflamm ( voir les mod\u00e8les compatibles)<\/a> &#8211; <a href=\"https:\/\/granuluxfrance.com\/?page_id=30731&amp;preview=true\">Kausiflam (voir les mod\u00e8les compatibles)<\/a><\/p>\n<p data-start=\"1661\" data-end=\"1805\">D&#8217;autres marques et mod\u00e8les compatibles : Lincar &#8211; Pegaso &#8211; optiline &#8211; Fair &#8211;\u00a0 Olsberg &#8211; Sarom Fuoco &#8211; Austropell &#8211; Bronpi &#8211; Ferlux &#8211;\u00a0 Laugil Energies &#8211; Nobis &#8211; Punto Fuoco &#8211; Sannover &#8211; Unicanal &#8211; Wodtke &#8211; Belleza &#8211; Biotech &#8211; Dielle &#8211; Optimo &#8211; Paterno &#8211; Vibrok &#8211; Hagebau &#8211; Hapero &#8211; Austropell &#8211;\u00a0 Palladio &#8211; TMC &#8211; Vulcania &#8211; Wamsler\u00a0 &#8211; Arce &#8211; Bosch &#8211; Klover &#8211; Origine Concept &#8211; Euroclimat &#8211; TSP Thermo Stuf \u00e0 pellet &#8211; Green Puros &#8211; Richard Le Droff <a href=\"https:\/\/granuluxfrance.com\/?page_id=30734&amp;preview=true\">(Voir les mod\u00e8les compatibles)<\/a><\/p>\n<p data-start=\"1661\" data-end=\"1805\">V\u00e9rifiez toujours la compatibilit\u00e9 avec le mod\u00e8le exact de votre appareil avant commande ( Voir le plan)<\/p>\n","protected":false},"featured_media":30102,"comment_status":"open","ping_status":"closed","template":"","meta":[],"product_brand":[276,252,256,265,266,191,245,257,277,216,267,116,280,253,258,281,271,272,222,217,237,259,278,260,249,261,254,251,268,279,273,269,250,262,226,219,255,229,244,263,270,274,275,264],"product_cat":[293,294,295,296,297,190,72,298,299,300,202,301,115,302,303,304,305,306,307,208,203,308,309,310,311,312,313,314,315,316,317,318,319,320,321,211,205,153,214,322,323,324,325,326,327],"product_tag":[130,103],"class_list":{"0":"post-30708","1":"product","2":"type-product","3":"status-publish","4":"has-post-thumbnail","6":"product_brand-arce","7":"product_brand-austroflamm","8":"product_brand-austropell","9":"product_brand-belleza","10":"product_brand-biotech","11":"product_brand-bosch","12":"product_brand-brisach","13":"product_brand-bronpi","14":"product_brand-casatelli","15":"product_brand-deville","16":"product_brand-dielle","17":"product_brand-etna","18":"product_brand-euroclimat","19":"product_brand-fair","20":"product_brand-ferlux","21":"product_brand-green-puros","22":"product_brand-hagebau","23":"product_brand-hapero","24":"product_brand-hoben","25":"product_brand-interstoves","26":"product_brand-invicta","27":"product_brand-kausiflam","28":"product_brand-klover","29":"product_brand-laugil-energies","30":"product_brand-lincar","31":"product_brand-nobis","32":"product_brand-olsberg","33":"product_brand-optiline","34":"product_brand-optimo","35":"product_brand-origine-design-concept","36":"product_brand-palladio","37":"product_brand-paterno","38":"product_brand-pegaso","39":"product_brand-punto-fuoco","40":"product_brand-richard-le-droff","41":"product_brand-sannover","42":"product_brand-sarom-fuoco","43":"product_brand-t-s-p-thermo-stufe-pellet","44":"product_brand-tmc","45":"product_brand-unicanal","46":"product_brand-vibrok","47":"product_brand-vulcania","48":"product_brand-wamsler","49":"product_brand-wodtke","50":"product_cat-arce","51":"product_cat-austroflamm","52":"product_cat-austropell","53":"product_cat-belleza","54":"product_cat-biotech","55":"product_cat-bosch","56":"product_cat-bougie-dallumage-poeles-a-granules-pellets","57":"product_cat-brisach","58":"product_cat-bronpi","59":"product_cat-casatelli","60":"product_cat-deville","61":"product_cat-dielle","62":"product_cat-etna","63":"product_cat-euroclimat","64":"product_cat-fair","65":"product_cat-ferlux","66":"product_cat-green-puros","67":"product_cat-hagebau","68":"product_cat-hapero","69":"product_cat-hoben","70":"product_cat-interstove","71":"product_cat-invicta","72":"product_cat-kausiflam","73":"product_cat-klover","74":"product_cat-laugil-energies","75":"product_cat-lincar","76":"product_cat-nobis","77":"product_cat-olsberg","78":"product_cat-optiline","79":"product_cat-optimo","80":"product_cat-origine-design-concept","81":"product_cat-palladio","82":"product_cat-paterno","83":"product_cat-pegaso","84":"product_cat-punto-fuoco","85":"product_cat-richard-le-droff","86":"product_cat-sannover","87":"product_cat-stove-italia","88":"product_cat-t-s-p-thermo-stufe-pellet","89":"product_cat-tmc","90":"product_cat-unicanal","91":"product_cat-vibrok","92":"product_cat-vulcania","93":"product_cat-wamsler","94":"product_cat-wodtke","95":"product_tag-150-mm","96":"product_tag-bougie","98":"first","99":"instock","100":"taxable","101":"shipping-taxable","102":"purchasable","103":"product-type-variable","104":"has-default-attributes"},"yoast_head":"<!-- This site is optimized with the Yoast SEO plugin v27.4 - https:\/\/yoast.com\/product\/yoast-seo-wordpress\/ -->\n<title>Bougie d\u2019allumage avec raccord 3\/8&quot; GAZ \u2013 150 mm \u2013 280 W \u2013 Po\u00eale \u00e0 granul\u00e9s-pellets - granuluxfrance<\/title>\n<meta name=\"description\" content=\"Bougie d\u2019allumage pour po\u00eale \u00e0 pellets 150 mm avec raccord 3\/8&quot; GAS. 280 W, allumage rapide, test\u00e9e 10 000 cycles. Compatible avec de nombreuses marques.\" \/>\n<meta name=\"robots\" content=\"index, follow, max-snippet:-1, max-image-preview:large, max-video-preview:-1\" \/>\n<link rel=\"canonical\" href=\"https:\/\/granuluxfrance.com\/produit\/bougie-allumage-poele-pellets-150mm-3-8-gaz\/\" \/>\n<meta property=\"og:locale\" content=\"en_US\" \/>\n<meta property=\"og:type\" content=\"article\" \/>\n<meta property=\"og:title\" content=\"Bougie d\u2019allumage avec raccord 3\/8&quot; GAZ \u2013 150 mm \u2013 280 W \u2013 Po\u00eale \u00e0 granul\u00e9s-pellets - granuluxfrance\" \/>\n<meta property=\"og:description\" content=\"Bougie d\u2019allumage pour po\u00eale \u00e0 pellets 150 mm avec raccord 3\/8&quot; GAS. 280 W, allumage rapide, test\u00e9e 10 000 cycles. Compatible avec de nombreuses marques.\" \/>\n<meta property=\"og:url\" content=\"https:\/\/granuluxfrance.com\/produit\/bougie-allumage-poele-pellets-150mm-3-8-gaz\/\" \/>\n<meta property=\"og:site_name\" content=\"granuluxfrance\" \/>\n<meta property=\"article:modified_time\" content=\"2026-04-20T20:48:19+00:00\" \/>\n<meta property=\"og:image\" content=\"https:\/\/granuluxfrance.com\/wp-content\/uploads\/2025\/08\/Bougie-140-mm-de-long.webp\" \/>\n\t<meta property=\"og:image:width\" content=\"1024\" \/>\n\t<meta property=\"og:image:height\" content=\"1536\" \/>\n\t<meta property=\"og:image:type\" content=\"image\/webp\" \/>\n<meta name=\"twitter:card\" content=\"summary_large_image\" \/>\n<meta name=\"twitter:label1\" content=\"Est. reading time\" \/>\n\t<meta name=\"twitter:data1\" content=\"2 minutes\" \/>\n<script type=\"application\/ld+json\" class=\"yoast-schema-graph\">{\"@context\":\"https:\\\/\\\/schema.org\",\"@graph\":[{\"@type\":\"WebPage\",\"@id\":\"https:\\\/\\\/granuluxfrance.com\\\/produit\\\/bougie-allumage-poele-pellets-150mm-3-8-gaz\\\/\",\"url\":\"https:\\\/\\\/granuluxfrance.com\\\/produit\\\/bougie-allumage-poele-pellets-150mm-3-8-gaz\\\/\",\"name\":\"Bougie d\u2019allumage avec raccord 3\\\/8\\\" GAZ \u2013 150 mm \u2013 280 W \u2013 Po\u00eale \u00e0 granul\u00e9s-pellets - granuluxfrance\",\"isPartOf\":{\"@id\":\"https:\\\/\\\/granuluxfrance.com\\\/#website\"},\"primaryImageOfPage\":{\"@id\":\"https:\\\/\\\/granuluxfrance.com\\\/produit\\\/bougie-allumage-poele-pellets-150mm-3-8-gaz\\\/#primaryimage\"},\"image\":{\"@id\":\"https:\\\/\\\/granuluxfrance.com\\\/produit\\\/bougie-allumage-poele-pellets-150mm-3-8-gaz\\\/#primaryimage\"},\"thumbnailUrl\":\"https:\\\/\\\/granuluxfrance.com\\\/wp-content\\\/uploads\\\/2025\\\/08\\\/Bougie-140-mm-de-long.webp\",\"datePublished\":\"2026-01-18T11:43:54+00:00\",\"dateModified\":\"2026-04-20T20:48:19+00:00\",\"description\":\"Bougie d\u2019allumage pour po\u00eale \u00e0 pellets 150 mm avec raccord 3\\\/8\\\" GAS. 280 W, allumage rapide, test\u00e9e 10 000 cycles. Compatible avec de nombreuses marques.\",\"breadcrumb\":{\"@id\":\"https:\\\/\\\/granuluxfrance.com\\\/produit\\\/bougie-allumage-poele-pellets-150mm-3-8-gaz\\\/#breadcrumb\"},\"inLanguage\":\"en-US\",\"potentialAction\":[{\"@type\":\"ReadAction\",\"target\":[\"https:\\\/\\\/granuluxfrance.com\\\/produit\\\/bougie-allumage-poele-pellets-150mm-3-8-gaz\\\/\"]}]},{\"@type\":\"ImageObject\",\"inLanguage\":\"en-US\",\"@id\":\"https:\\\/\\\/granuluxfrance.com\\\/produit\\\/bougie-allumage-poele-pellets-150mm-3-8-gaz\\\/#primaryimage\",\"url\":\"https:\\\/\\\/granuluxfrance.com\\\/wp-content\\\/uploads\\\/2025\\\/08\\\/Bougie-140-mm-de-long.webp\",\"contentUrl\":\"https:\\\/\\\/granuluxfrance.com\\\/wp-content\\\/uploads\\\/2025\\\/08\\\/Bougie-140-mm-de-long.webp\",\"width\":1024,\"height\":1536,\"caption\":\"bougie-AMG\"},{\"@type\":\"BreadcrumbList\",\"@id\":\"https:\\\/\\\/granuluxfrance.com\\\/produit\\\/bougie-allumage-poele-pellets-150mm-3-8-gaz\\\/#breadcrumb\",\"itemListElement\":[{\"@type\":\"ListItem\",\"position\":1,\"name\":\"Accueil\",\"item\":\"https:\\\/\\\/granuluxfrance.com\\\/\"},{\"@type\":\"ListItem\",\"position\":2,\"name\":\"BOUTIQUE\",\"item\":\"https:\\\/\\\/granuluxfrance.com\\\/shop\\\/\"},{\"@type\":\"ListItem\",\"position\":3,\"name\":\"Bougie d\u2019allumage avec raccord 3\\\/8&Prime; GAZ \u2013 150 mm \u2013 280 W \u2013 Po\u00eale \u00e0 granul\u00e9s-pellets\"}]},{\"@type\":\"WebSite\",\"@id\":\"https:\\\/\\\/granuluxfrance.com\\\/#website\",\"url\":\"https:\\\/\\\/granuluxfrance.com\\\/\",\"name\":\"granuluxfrance\",\"description\":\"\",\"publisher\":{\"@id\":\"https:\\\/\\\/granuluxfrance.com\\\/#organization\"},\"potentialAction\":[{\"@type\":\"SearchAction\",\"target\":{\"@type\":\"EntryPoint\",\"urlTemplate\":\"https:\\\/\\\/granuluxfrance.com\\\/?s={search_term_string}\"},\"query-input\":{\"@type\":\"PropertyValueSpecification\",\"valueRequired\":true,\"valueName\":\"search_term_string\"}}],\"inLanguage\":\"en-US\"},{\"@type\":\"Organization\",\"@id\":\"https:\\\/\\\/granuluxfrance.com\\\/#organization\",\"name\":\"granuluxfrance\",\"url\":\"https:\\\/\\\/granuluxfrance.com\\\/\",\"logo\":{\"@type\":\"ImageObject\",\"inLanguage\":\"en-US\",\"@id\":\"https:\\\/\\\/granuluxfrance.com\\\/#\\\/schema\\\/logo\\\/image\\\/\",\"url\":\"https:\\\/\\\/granuluxfrance.com\\\/wp-content\\\/uploads\\\/2025\\\/07\\\/Screenshot_259.png\",\"contentUrl\":\"https:\\\/\\\/granuluxfrance.com\\\/wp-content\\\/uploads\\\/2025\\\/07\\\/Screenshot_259.png\",\"width\":510,\"height\":382,\"caption\":\"granuluxfrance\"},\"image\":{\"@id\":\"https:\\\/\\\/granuluxfrance.com\\\/#\\\/schema\\\/logo\\\/image\\\/\"}}]}<\/script>\n<!-- \/ Yoast SEO plugin. -->","yoast_head_json":{"title":"Bougie d\u2019allumage avec raccord 3\/8\" GAZ \u2013 150 mm \u2013 280 W \u2013 Po\u00eale \u00e0 granul\u00e9s-pellets - granuluxfrance","description":"Bougie d\u2019allumage pour po\u00eale \u00e0 pellets 150 mm avec raccord 3\/8\" GAS. 280 W, allumage rapide, test\u00e9e 10 000 cycles. Compatible avec de nombreuses marques.","robots":{"index":"index","follow":"follow","max-snippet":"max-snippet:-1","max-image-preview":"max-image-preview:large","max-video-preview":"max-video-preview:-1"},"canonical":"https:\/\/granuluxfrance.com\/produit\/bougie-allumage-poele-pellets-150mm-3-8-gaz\/","og_locale":"en_US","og_type":"article","og_title":"Bougie d\u2019allumage avec raccord 3\/8\" GAZ \u2013 150 mm \u2013 280 W \u2013 Po\u00eale \u00e0 granul\u00e9s-pellets - granuluxfrance","og_description":"Bougie d\u2019allumage pour po\u00eale \u00e0 pellets 150 mm avec raccord 3\/8\" GAS. 280 W, allumage rapide, test\u00e9e 10 000 cycles. Compatible avec de nombreuses marques.","og_url":"https:\/\/granuluxfrance.com\/produit\/bougie-allumage-poele-pellets-150mm-3-8-gaz\/","og_site_name":"granuluxfrance","article_modified_time":"2026-04-20T20:48:19+00:00","og_image":[{"width":1024,"height":1536,"url":"https:\/\/granuluxfrance.com\/wp-content\/uploads\/2025\/08\/Bougie-140-mm-de-long.webp","type":"image\/webp"}],"twitter_card":"summary_large_image","twitter_misc":{"Est. reading time":"2 minutes"},"schema":{"@context":"https:\/\/schema.org","@graph":[{"@type":"WebPage","@id":"https:\/\/granuluxfrance.com\/produit\/bougie-allumage-poele-pellets-150mm-3-8-gaz\/","url":"https:\/\/granuluxfrance.com\/produit\/bougie-allumage-poele-pellets-150mm-3-8-gaz\/","name":"Bougie d\u2019allumage avec raccord 3\/8\" GAZ \u2013 150 mm \u2013 280 W \u2013 Po\u00eale \u00e0 granul\u00e9s-pellets - granuluxfrance","isPartOf":{"@id":"https:\/\/granuluxfrance.com\/#website"},"primaryImageOfPage":{"@id":"https:\/\/granuluxfrance.com\/produit\/bougie-allumage-poele-pellets-150mm-3-8-gaz\/#primaryimage"},"image":{"@id":"https:\/\/granuluxfrance.com\/produit\/bougie-allumage-poele-pellets-150mm-3-8-gaz\/#primaryimage"},"thumbnailUrl":"https:\/\/granuluxfrance.com\/wp-content\/uploads\/2025\/08\/Bougie-140-mm-de-long.webp","datePublished":"2026-01-18T11:43:54+00:00","dateModified":"2026-04-20T20:48:19+00:00","description":"Bougie d\u2019allumage pour po\u00eale \u00e0 pellets 150 mm avec raccord 3\/8\" GAS. 280 W, allumage rapide, test\u00e9e 10 000 cycles. Compatible avec de nombreuses marques.","breadcrumb":{"@id":"https:\/\/granuluxfrance.com\/produit\/bougie-allumage-poele-pellets-150mm-3-8-gaz\/#breadcrumb"},"inLanguage":"en-US","potentialAction":[{"@type":"ReadAction","target":["https:\/\/granuluxfrance.com\/produit\/bougie-allumage-poele-pellets-150mm-3-8-gaz\/"]}]},{"@type":"ImageObject","inLanguage":"en-US","@id":"https:\/\/granuluxfrance.com\/produit\/bougie-allumage-poele-pellets-150mm-3-8-gaz\/#primaryimage","url":"https:\/\/granuluxfrance.com\/wp-content\/uploads\/2025\/08\/Bougie-140-mm-de-long.webp","contentUrl":"https:\/\/granuluxfrance.com\/wp-content\/uploads\/2025\/08\/Bougie-140-mm-de-long.webp","width":1024,"height":1536,"caption":"bougie-AMG"},{"@type":"BreadcrumbList","@id":"https:\/\/granuluxfrance.com\/produit\/bougie-allumage-poele-pellets-150mm-3-8-gaz\/#breadcrumb","itemListElement":[{"@type":"ListItem","position":1,"name":"Accueil","item":"https:\/\/granuluxfrance.com\/"},{"@type":"ListItem","position":2,"name":"BOUTIQUE","item":"https:\/\/granuluxfrance.com\/shop\/"},{"@type":"ListItem","position":3,"name":"Bougie d\u2019allumage avec raccord 3\/8&Prime; GAZ \u2013 150 mm \u2013 280 W \u2013 Po\u00eale \u00e0 granul\u00e9s-pellets"}]},{"@type":"WebSite","@id":"https:\/\/granuluxfrance.com\/#website","url":"https:\/\/granuluxfrance.com\/","name":"granuluxfrance","description":"","publisher":{"@id":"https:\/\/granuluxfrance.com\/#organization"},"potentialAction":[{"@type":"SearchAction","target":{"@type":"EntryPoint","urlTemplate":"https:\/\/granuluxfrance.com\/?s={search_term_string}"},"query-input":{"@type":"PropertyValueSpecification","valueRequired":true,"valueName":"search_term_string"}}],"inLanguage":"en-US"},{"@type":"Organization","@id":"https:\/\/granuluxfrance.com\/#organization","name":"granuluxfrance","url":"https:\/\/granuluxfrance.com\/","logo":{"@type":"ImageObject","inLanguage":"en-US","@id":"https:\/\/granuluxfrance.com\/#\/schema\/logo\/image\/","url":"https:\/\/granuluxfrance.com\/wp-content\/uploads\/2025\/07\/Screenshot_259.png","contentUrl":"https:\/\/granuluxfrance.com\/wp-content\/uploads\/2025\/07\/Screenshot_259.png","width":510,"height":382,"caption":"granuluxfrance"},"image":{"@id":"https:\/\/granuluxfrance.com\/#\/schema\/logo\/image\/"}}]}},"jetpack_sharing_enabled":true,"_links":{"self":[{"href":"https:\/\/granuluxfrance.com\/en\/wp-json\/wp\/v2\/product\/30708","targetHints":{"allow":["GET"]}}],"collection":[{"href":"https:\/\/granuluxfrance.com\/en\/wp-json\/wp\/v2\/product"}],"about":[{"href":"https:\/\/granuluxfrance.com\/en\/wp-json\/wp\/v2\/types\/product"}],"replies":[{"embeddable":true,"href":"https:\/\/granuluxfrance.com\/en\/wp-json\/wp\/v2\/comments?post=30708"}],"version-history":[{"count":7,"href":"https:\/\/granuluxfrance.com\/en\/wp-json\/wp\/v2\/product\/30708\/revisions"}],"predecessor-version":[{"id":31001,"href":"https:\/\/granuluxfrance.com\/en\/wp-json\/wp\/v2\/product\/30708\/revisions\/31001"}],"wp:featuredmedia":[{"embeddable":true,"href":"https:\/\/granuluxfrance.com\/en\/wp-json\/wp\/v2\/media\/30102"}],"wp:attachment":[{"href":"https:\/\/granuluxfrance.com\/en\/wp-json\/wp\/v2\/media?parent=30708"}],"wp:term":[{"taxonomy":"product_brand","embeddable":true,"href":"https:\/\/granuluxfrance.com\/en\/wp-json\/wp\/v2\/product_brand?post=30708"},{"taxonomy":"product_cat","embeddable":true,"href":"https:\/\/granuluxfrance.com\/en\/wp-json\/wp\/v2\/product_cat?post=30708"},{"taxonomy":"product_tag","embeddable":true,"href":"https:\/\/granuluxfrance.com\/en\/wp-json\/wp\/v2\/product_tag?post=30708"}],"curies":[{"name":"wp","href":"https:\/\/api.w.org\/{rel}","templated":true}]}}