{"id":30515,"date":"2025-12-25T09:34:26","date_gmt":"2025-12-25T08:34:26","guid":{"rendered":"https:\/\/granuluxfrance.com\/?post_type=product&#038;p=30515"},"modified":"2026-01-25T11:11:29","modified_gmt":"2026-01-25T10:11:29","slug":"bougie-dallumage-en-ceramique-315-w-avec-bride-poeles-a-pellets","status":"publish","type":"product","link":"https:\/\/granuluxfrance.com\/en\/produit\/bougie-dallumage-en-ceramique-315-w-avec-bride-poeles-a-pellets\/","title":{"rendered":"Bougie d\u2019allumage en c\u00e9ramique 315 W \u2013 Avec bride \u2013 Po\u00eales \u00e0 pellets"},"content":{"rendered":"<p data-start=\"282\" data-end=\"577\">La <strong data-start=\"285\" data-end=\"341\">bougie d\u2019allumage en c\u00e9ramique pour po\u00eales \u00e0 pellets <\/strong>est con\u00e7ue pour assurer un <strong data-start=\"369\" data-end=\"410\">allumage rapide, fiable et performant<\/strong> des granul\u00e9s et copeaux. Gr\u00e2ce \u00e0 sa <strong data-start=\"447\" data-end=\"490\">technologie c\u00e9ramique haute performance<\/strong>, elle atteint des temp\u00e9ratures tr\u00e8s \u00e9lev\u00e9es tout en offrant une excellente durabilit\u00e9.<\/p>\n<p data-start=\"579\" data-end=\"829\">Avec une <strong data-start=\"588\" data-end=\"610\">puissance de 315 W<\/strong> et une <strong data-start=\"618\" data-end=\"667\">temp\u00e9rature de fonctionnement jusqu\u2019\u00e0 1000 \u00b0C<\/strong>, cette bougie garantit une mise \u00e0 feu efficace des po\u00eales, chaudi\u00e8res et br\u00fbleurs \u00e0 pellets. Elle est \u00e9quip\u00e9e d\u2019une <strong data-start=\"784\" data-end=\"793\">bride<\/strong> pour un montage s\u00e9curis\u00e9 et pr\u00e9cis.<\/p>\n<h3 style=\"text-align: center;\">\u00a0Caract\u00e9ristiques techniques<\/h3>\n<p>&nbsp;<\/p>\n<table>\n<thead>\n<tr>\n<th><strong>Caract\u00e9ristique<\/strong><\/th>\n<th><strong>Sp\u00e9cification<\/strong><\/th>\n<\/tr>\n<\/thead>\n<tbody>\n<tr>\n<td>Type<\/td>\n<td>Bougie d\u2019allumage en c\u00e9ramique<\/td>\n<\/tr>\n<tr>\n<td>Utilisation<\/td>\n<td>Po\u00eale \u00e0 pellets<\/td>\n<\/tr>\n<tr>\n<td>Fixation<\/td>\n<td>Avec bride<\/td>\n<\/tr>\n<tr>\n<td>Diam\u00e8tre<\/td>\n<td><strong>11,55 mm<\/strong><\/td>\n<\/tr>\n<tr>\n<td>Longueur totale<\/td>\n<td><strong>107 mm<\/strong><\/td>\n<\/tr>\n<tr>\n<td>Longueur sous \u00e9crou<\/td>\n<td><strong>96 mm<\/strong><\/td>\n<\/tr>\n<tr>\n<td>Puissance<\/td>\n<td><strong>315 W<\/strong><\/td>\n<\/tr>\n<tr>\n<td>Temp\u00e9rature maximale<\/td>\n<td>Jusqu\u2019\u00e0 <strong>1000 \u00b0C<\/strong><\/td>\n<\/tr>\n<tr>\n<td>Technologie<\/td>\n<td>C\u00e9ramique haute performance<\/td>\n<\/tr>\n<\/tbody>\n<\/table>\n<p>&nbsp;<\/p>\n<h3 style=\"text-align: center;\" data-start=\"836\" data-end=\"851\">Avantages<\/h3>\n<p data-start=\"854\" data-end=\"893\">Allumage rapide et efficace des pellets<\/p>\n<p data-start=\"896\" data-end=\"939\">Technologie <strong data-start=\"908\" data-end=\"939\">c\u00e9ramique haute temp\u00e9rature<\/strong><\/p>\n<p data-start=\"942\" data-end=\"972\">R\u00e9sistance jusqu\u2019\u00e0 <strong data-start=\"961\" data-end=\"972\">1000 \u00b0C<\/strong><\/p>\n<p data-start=\"975\" data-end=\"998\">Faible temps de chauffe<\/p>\n<p data-start=\"1001\" data-end=\"1020\">Longue dur\u00e9e de vie<\/p>\n<p data-start=\"1023\" data-end=\"1069\">Montage s\u00e9curis\u00e9 gr\u00e2ce \u00e0 la <strong data-start=\"1051\" data-end=\"1069\">bride int\u00e9gr\u00e9e<\/strong><\/p>\n","protected":false},"excerpt":{"rendered":"<h3 style=\"text-align: center;\">Po\u00eales compatibles<\/h3>\n<p style=\"text-align: center;\" data-start=\"1661\" data-end=\"1805\"><strong>Deux cosses m\u00e2le-femelle isol\u00e9es offertes avec votre bougie.<\/strong><\/p>\n<p data-start=\"1203\" data-end=\"1348\">Cette bougie d\u2019allumage en c\u00e9ramique offre un <strong data-start=\"2077\" data-end=\"2115\">allumage rapide, fiable et durable<\/strong>, m\u00eame en conditions intensives. Elle constitue une solution de remplacement id\u00e9ale pour les po\u00eales MCZ, RED CADEL et BRISACH, tout en garantissant des performances \u00e9lev\u00e9es et une excellente long\u00e9vit\u00e9.<\/p>\n<p data-start=\"1350\" data-end=\"1509\"><a href=\"https:\/\/granuluxfrance.com\/?page_id=30520&amp;preview=true\">MCZ ( Voir les mod\u00e8les compatibles MCZ)<\/a><\/p>\n<p data-start=\"1350\" data-end=\"1509\"><a href=\"https:\/\/granuluxfrance.com\/?page_id=30525&amp;preview=true\">RED (Voir les mod\u00e8les compatibles RED)<\/a><\/p>\n<p data-start=\"1350\" data-end=\"1509\"><a href=\"https:\/\/granuluxfrance.com\/?page_id=30527&amp;preview=true\">CADEL (Voir les mod\u00e8les compatibles CADEL)<\/a><\/p>\n<p data-start=\"1350\" data-end=\"1509\"><a href=\"https:\/\/granuluxfrance.com\/?page_id=30529&amp;preview=true\">BRISACH (Voir les mod\u00e8les compatibles BRISACH)<\/a><\/p>\n<p data-start=\"1350\" data-end=\"1509\"><strong data-start=\"1353\" data-end=\"1431\">V\u00e9rifiez imp\u00e9rativement les dimensions, la puissance et le type de montage<\/strong> avant commande afin d\u2019assurer une compatibilit\u00e9 parfaite avec votre appareil ( Voir le plan)<\/p>\n<p data-start=\"1350\" data-end=\"1509\"><strong>NB: Une bougie en c\u00e9ramique ne peut pas remplacer une bougie en acier.<\/strong><\/p>\n<p data-start=\"1661\" data-end=\"1805\">\n","protected":false},"featured_media":30609,"comment_status":"open","ping_status":"closed","template":"","meta":[],"product_brand":[245,132,177,134],"product_cat":[72,298,131,180,176,133],"product_tag":[201,183],"class_list":{"0":"post-30515","1":"product","2":"type-product","3":"status-publish","4":"has-post-thumbnail","6":"product_brand-brisach","7":"product_brand-cadel","8":"product_brand-mcz","9":"product_brand-red","10":"product_cat-bougie-dallumage-poeles-a-granules-pellets","11":"product_cat-brisach","12":"product_cat-cadel","13":"product_cat-ceramique","14":"product_cat-mcz","15":"product_cat-red","16":"product_tag-96-mm","17":"product_tag-bougie-ceramique","19":"first","20":"instock","21":"taxable","22":"shipping-taxable","23":"purchasable","24":"product-type-variable","25":"has-default-attributes"},"yoast_head":"<!-- This site is optimized with the Yoast SEO plugin v27.4 - https:\/\/yoast.com\/product\/yoast-seo-wordpress\/ -->\n<title>Bougie d\u2019allumage en c\u00e9ramique 315 W \u2013 Avec bride \u2013 Po\u00eales \u00e0 pellets - granuluxfrance<\/title>\n<meta name=\"description\" content=\"bougie c\u00e9ramique po\u00eale \u00e0 pellets, bougie allumage 315W, bougie po\u00eale MCZ, Cadel, Freepoint et Red bougie, allumeur c\u00e9ramique pellet, bougie allumage haute temp\u00e9rature\" \/>\n<meta name=\"robots\" content=\"index, follow, max-snippet:-1, max-image-preview:large, max-video-preview:-1\" \/>\n<link rel=\"canonical\" href=\"https:\/\/granuluxfrance.com\/produit\/bougie-dallumage-en-ceramique-315-w-avec-bride-poeles-a-pellets\/\" \/>\n<meta property=\"og:locale\" content=\"en_US\" \/>\n<meta property=\"og:type\" content=\"article\" \/>\n<meta property=\"og:title\" content=\"Bougie d\u2019allumage en c\u00e9ramique 315 W \u2013 Avec bride \u2013 Po\u00eales \u00e0 pellets - granuluxfrance\" \/>\n<meta property=\"og:description\" content=\"bougie c\u00e9ramique po\u00eale \u00e0 pellets, bougie allumage 315W, bougie po\u00eale MCZ, Cadel, Freepoint et Red bougie, allumeur c\u00e9ramique pellet, bougie allumage haute temp\u00e9rature\" \/>\n<meta property=\"og:url\" content=\"https:\/\/granuluxfrance.com\/produit\/bougie-dallumage-en-ceramique-315-w-avec-bride-poeles-a-pellets\/\" \/>\n<meta property=\"og:site_name\" content=\"granuluxfrance\" \/>\n<meta property=\"article:modified_time\" content=\"2026-01-25T10:11:29+00:00\" \/>\n<meta property=\"og:image\" content=\"https:\/\/granuluxfrance.com\/wp-content\/uploads\/2025\/12\/bougie-ceramique-avec-bride-96mm.png\" \/>\n\t<meta property=\"og:image:width\" content=\"1024\" \/>\n\t<meta property=\"og:image:height\" content=\"1536\" \/>\n\t<meta property=\"og:image:type\" content=\"image\/png\" \/>\n<meta name=\"twitter:card\" content=\"summary_large_image\" \/>\n<meta name=\"twitter:label1\" content=\"Est. reading time\" \/>\n\t<meta name=\"twitter:data1\" content=\"1 minute\" \/>\n<script type=\"application\/ld+json\" class=\"yoast-schema-graph\">{\"@context\":\"https:\\\/\\\/schema.org\",\"@graph\":[{\"@type\":\"WebPage\",\"@id\":\"https:\\\/\\\/granuluxfrance.com\\\/produit\\\/bougie-dallumage-en-ceramique-315-w-avec-bride-poeles-a-pellets\\\/\",\"url\":\"https:\\\/\\\/granuluxfrance.com\\\/produit\\\/bougie-dallumage-en-ceramique-315-w-avec-bride-poeles-a-pellets\\\/\",\"name\":\"Bougie d\u2019allumage en c\u00e9ramique 315 W \u2013 Avec bride \u2013 Po\u00eales \u00e0 pellets - granuluxfrance\",\"isPartOf\":{\"@id\":\"https:\\\/\\\/granuluxfrance.com\\\/#website\"},\"primaryImageOfPage\":{\"@id\":\"https:\\\/\\\/granuluxfrance.com\\\/produit\\\/bougie-dallumage-en-ceramique-315-w-avec-bride-poeles-a-pellets\\\/#primaryimage\"},\"image\":{\"@id\":\"https:\\\/\\\/granuluxfrance.com\\\/produit\\\/bougie-dallumage-en-ceramique-315-w-avec-bride-poeles-a-pellets\\\/#primaryimage\"},\"thumbnailUrl\":\"https:\\\/\\\/granuluxfrance.com\\\/wp-content\\\/uploads\\\/2025\\\/12\\\/bougie-ceramique-avec-bride-96mm.png\",\"datePublished\":\"2025-12-25T08:34:26+00:00\",\"dateModified\":\"2026-01-25T10:11:29+00:00\",\"description\":\"bougie c\u00e9ramique po\u00eale \u00e0 pellets, bougie allumage 315W, bougie po\u00eale MCZ, Cadel, Freepoint et Red bougie, allumeur c\u00e9ramique pellet, bougie allumage haute temp\u00e9rature\",\"breadcrumb\":{\"@id\":\"https:\\\/\\\/granuluxfrance.com\\\/produit\\\/bougie-dallumage-en-ceramique-315-w-avec-bride-poeles-a-pellets\\\/#breadcrumb\"},\"inLanguage\":\"en-US\",\"potentialAction\":[{\"@type\":\"ReadAction\",\"target\":[\"https:\\\/\\\/granuluxfrance.com\\\/produit\\\/bougie-dallumage-en-ceramique-315-w-avec-bride-poeles-a-pellets\\\/\"]}]},{\"@type\":\"ImageObject\",\"inLanguage\":\"en-US\",\"@id\":\"https:\\\/\\\/granuluxfrance.com\\\/produit\\\/bougie-dallumage-en-ceramique-315-w-avec-bride-poeles-a-pellets\\\/#primaryimage\",\"url\":\"https:\\\/\\\/granuluxfrance.com\\\/wp-content\\\/uploads\\\/2025\\\/12\\\/bougie-ceramique-avec-bride-96mm.png\",\"contentUrl\":\"https:\\\/\\\/granuluxfrance.com\\\/wp-content\\\/uploads\\\/2025\\\/12\\\/bougie-ceramique-avec-bride-96mm.png\",\"width\":1024,\"height\":1536,\"caption\":\"bougie c\u00e9ramique avec 96mm sous bride, Po\u00eale granul\u00e9s RED\"},{\"@type\":\"BreadcrumbList\",\"@id\":\"https:\\\/\\\/granuluxfrance.com\\\/produit\\\/bougie-dallumage-en-ceramique-315-w-avec-bride-poeles-a-pellets\\\/#breadcrumb\",\"itemListElement\":[{\"@type\":\"ListItem\",\"position\":1,\"name\":\"Accueil\",\"item\":\"https:\\\/\\\/granuluxfrance.com\\\/\"},{\"@type\":\"ListItem\",\"position\":2,\"name\":\"BOUTIQUE\",\"item\":\"https:\\\/\\\/granuluxfrance.com\\\/shop\\\/\"},{\"@type\":\"ListItem\",\"position\":3,\"name\":\"Bougie d\u2019allumage en c\u00e9ramique 315 W \u2013 Avec bride \u2013 Po\u00eales \u00e0 pellets\"}]},{\"@type\":\"WebSite\",\"@id\":\"https:\\\/\\\/granuluxfrance.com\\\/#website\",\"url\":\"https:\\\/\\\/granuluxfrance.com\\\/\",\"name\":\"granuluxfrance\",\"description\":\"\",\"publisher\":{\"@id\":\"https:\\\/\\\/granuluxfrance.com\\\/#organization\"},\"potentialAction\":[{\"@type\":\"SearchAction\",\"target\":{\"@type\":\"EntryPoint\",\"urlTemplate\":\"https:\\\/\\\/granuluxfrance.com\\\/?s={search_term_string}\"},\"query-input\":{\"@type\":\"PropertyValueSpecification\",\"valueRequired\":true,\"valueName\":\"search_term_string\"}}],\"inLanguage\":\"en-US\"},{\"@type\":\"Organization\",\"@id\":\"https:\\\/\\\/granuluxfrance.com\\\/#organization\",\"name\":\"granuluxfrance\",\"url\":\"https:\\\/\\\/granuluxfrance.com\\\/\",\"logo\":{\"@type\":\"ImageObject\",\"inLanguage\":\"en-US\",\"@id\":\"https:\\\/\\\/granuluxfrance.com\\\/#\\\/schema\\\/logo\\\/image\\\/\",\"url\":\"https:\\\/\\\/granuluxfrance.com\\\/wp-content\\\/uploads\\\/2025\\\/07\\\/Screenshot_259.png\",\"contentUrl\":\"https:\\\/\\\/granuluxfrance.com\\\/wp-content\\\/uploads\\\/2025\\\/07\\\/Screenshot_259.png\",\"width\":510,\"height\":382,\"caption\":\"granuluxfrance\"},\"image\":{\"@id\":\"https:\\\/\\\/granuluxfrance.com\\\/#\\\/schema\\\/logo\\\/image\\\/\"}}]}<\/script>\n<!-- \/ Yoast SEO plugin. -->","yoast_head_json":{"title":"Bougie d\u2019allumage en c\u00e9ramique 315 W \u2013 Avec bride \u2013 Po\u00eales \u00e0 pellets - granuluxfrance","description":"bougie c\u00e9ramique po\u00eale \u00e0 pellets, bougie allumage 315W, bougie po\u00eale MCZ, Cadel, Freepoint et Red bougie, allumeur c\u00e9ramique pellet, bougie allumage haute temp\u00e9rature","robots":{"index":"index","follow":"follow","max-snippet":"max-snippet:-1","max-image-preview":"max-image-preview:large","max-video-preview":"max-video-preview:-1"},"canonical":"https:\/\/granuluxfrance.com\/produit\/bougie-dallumage-en-ceramique-315-w-avec-bride-poeles-a-pellets\/","og_locale":"en_US","og_type":"article","og_title":"Bougie d\u2019allumage en c\u00e9ramique 315 W \u2013 Avec bride \u2013 Po\u00eales \u00e0 pellets - granuluxfrance","og_description":"bougie c\u00e9ramique po\u00eale \u00e0 pellets, bougie allumage 315W, bougie po\u00eale MCZ, Cadel, Freepoint et Red bougie, allumeur c\u00e9ramique pellet, bougie allumage haute temp\u00e9rature","og_url":"https:\/\/granuluxfrance.com\/produit\/bougie-dallumage-en-ceramique-315-w-avec-bride-poeles-a-pellets\/","og_site_name":"granuluxfrance","article_modified_time":"2026-01-25T10:11:29+00:00","og_image":[{"width":1024,"height":1536,"url":"https:\/\/granuluxfrance.com\/wp-content\/uploads\/2025\/12\/bougie-ceramique-avec-bride-96mm.png","type":"image\/png"}],"twitter_card":"summary_large_image","twitter_misc":{"Est. reading time":"1 minute"},"schema":{"@context":"https:\/\/schema.org","@graph":[{"@type":"WebPage","@id":"https:\/\/granuluxfrance.com\/produit\/bougie-dallumage-en-ceramique-315-w-avec-bride-poeles-a-pellets\/","url":"https:\/\/granuluxfrance.com\/produit\/bougie-dallumage-en-ceramique-315-w-avec-bride-poeles-a-pellets\/","name":"Bougie d\u2019allumage en c\u00e9ramique 315 W \u2013 Avec bride \u2013 Po\u00eales \u00e0 pellets - granuluxfrance","isPartOf":{"@id":"https:\/\/granuluxfrance.com\/#website"},"primaryImageOfPage":{"@id":"https:\/\/granuluxfrance.com\/produit\/bougie-dallumage-en-ceramique-315-w-avec-bride-poeles-a-pellets\/#primaryimage"},"image":{"@id":"https:\/\/granuluxfrance.com\/produit\/bougie-dallumage-en-ceramique-315-w-avec-bride-poeles-a-pellets\/#primaryimage"},"thumbnailUrl":"https:\/\/granuluxfrance.com\/wp-content\/uploads\/2025\/12\/bougie-ceramique-avec-bride-96mm.png","datePublished":"2025-12-25T08:34:26+00:00","dateModified":"2026-01-25T10:11:29+00:00","description":"bougie c\u00e9ramique po\u00eale \u00e0 pellets, bougie allumage 315W, bougie po\u00eale MCZ, Cadel, Freepoint et Red bougie, allumeur c\u00e9ramique pellet, bougie allumage haute temp\u00e9rature","breadcrumb":{"@id":"https:\/\/granuluxfrance.com\/produit\/bougie-dallumage-en-ceramique-315-w-avec-bride-poeles-a-pellets\/#breadcrumb"},"inLanguage":"en-US","potentialAction":[{"@type":"ReadAction","target":["https:\/\/granuluxfrance.com\/produit\/bougie-dallumage-en-ceramique-315-w-avec-bride-poeles-a-pellets\/"]}]},{"@type":"ImageObject","inLanguage":"en-US","@id":"https:\/\/granuluxfrance.com\/produit\/bougie-dallumage-en-ceramique-315-w-avec-bride-poeles-a-pellets\/#primaryimage","url":"https:\/\/granuluxfrance.com\/wp-content\/uploads\/2025\/12\/bougie-ceramique-avec-bride-96mm.png","contentUrl":"https:\/\/granuluxfrance.com\/wp-content\/uploads\/2025\/12\/bougie-ceramique-avec-bride-96mm.png","width":1024,"height":1536,"caption":"bougie c\u00e9ramique avec 96mm sous bride, Po\u00eale granul\u00e9s RED"},{"@type":"BreadcrumbList","@id":"https:\/\/granuluxfrance.com\/produit\/bougie-dallumage-en-ceramique-315-w-avec-bride-poeles-a-pellets\/#breadcrumb","itemListElement":[{"@type":"ListItem","position":1,"name":"Accueil","item":"https:\/\/granuluxfrance.com\/"},{"@type":"ListItem","position":2,"name":"BOUTIQUE","item":"https:\/\/granuluxfrance.com\/shop\/"},{"@type":"ListItem","position":3,"name":"Bougie d\u2019allumage en c\u00e9ramique 315 W \u2013 Avec bride \u2013 Po\u00eales \u00e0 pellets"}]},{"@type":"WebSite","@id":"https:\/\/granuluxfrance.com\/#website","url":"https:\/\/granuluxfrance.com\/","name":"granuluxfrance","description":"","publisher":{"@id":"https:\/\/granuluxfrance.com\/#organization"},"potentialAction":[{"@type":"SearchAction","target":{"@type":"EntryPoint","urlTemplate":"https:\/\/granuluxfrance.com\/?s={search_term_string}"},"query-input":{"@type":"PropertyValueSpecification","valueRequired":true,"valueName":"search_term_string"}}],"inLanguage":"en-US"},{"@type":"Organization","@id":"https:\/\/granuluxfrance.com\/#organization","name":"granuluxfrance","url":"https:\/\/granuluxfrance.com\/","logo":{"@type":"ImageObject","inLanguage":"en-US","@id":"https:\/\/granuluxfrance.com\/#\/schema\/logo\/image\/","url":"https:\/\/granuluxfrance.com\/wp-content\/uploads\/2025\/07\/Screenshot_259.png","contentUrl":"https:\/\/granuluxfrance.com\/wp-content\/uploads\/2025\/07\/Screenshot_259.png","width":510,"height":382,"caption":"granuluxfrance"},"image":{"@id":"https:\/\/granuluxfrance.com\/#\/schema\/logo\/image\/"}}]}},"jetpack_sharing_enabled":true,"_links":{"self":[{"href":"https:\/\/granuluxfrance.com\/en\/wp-json\/wp\/v2\/product\/30515","targetHints":{"allow":["GET"]}}],"collection":[{"href":"https:\/\/granuluxfrance.com\/en\/wp-json\/wp\/v2\/product"}],"about":[{"href":"https:\/\/granuluxfrance.com\/en\/wp-json\/wp\/v2\/types\/product"}],"replies":[{"embeddable":true,"href":"https:\/\/granuluxfrance.com\/en\/wp-json\/wp\/v2\/comments?post=30515"}],"version-history":[{"count":3,"href":"https:\/\/granuluxfrance.com\/en\/wp-json\/wp\/v2\/product\/30515\/revisions"}],"predecessor-version":[{"id":30532,"href":"https:\/\/granuluxfrance.com\/en\/wp-json\/wp\/v2\/product\/30515\/revisions\/30532"}],"wp:featuredmedia":[{"embeddable":true,"href":"https:\/\/granuluxfrance.com\/en\/wp-json\/wp\/v2\/media\/30609"}],"wp:attachment":[{"href":"https:\/\/granuluxfrance.com\/en\/wp-json\/wp\/v2\/media?parent=30515"}],"wp:term":[{"taxonomy":"product_brand","embeddable":true,"href":"https:\/\/granuluxfrance.com\/en\/wp-json\/wp\/v2\/product_brand?post=30515"},{"taxonomy":"product_cat","embeddable":true,"href":"https:\/\/granuluxfrance.com\/en\/wp-json\/wp\/v2\/product_cat?post=30515"},{"taxonomy":"product_tag","embeddable":true,"href":"https:\/\/granuluxfrance.com\/en\/wp-json\/wp\/v2\/product_tag?post=30515"}],"curies":[{"name":"wp","href":"https:\/\/api.w.org\/{rel}","templated":true}]}}