{"id":30511,"date":"2025-12-24T18:05:57","date_gmt":"2025-12-24T17:05:57","guid":{"rendered":"https:\/\/granuluxfrance.com\/?post_type=product&#038;p=30511"},"modified":"2026-01-06T18:38:32","modified_gmt":"2026-01-06T17:38:32","slug":"condensateur-1-%c2%b5f-pour-moteurs-425v-475v-aspirateur-de-fumees","status":"publish","type":"product","link":"https:\/\/granuluxfrance.com\/en\/produit\/condensateur-1-%c2%b5f-pour-moteurs-425v-475v-aspirateur-de-fumees\/","title":{"rendered":"Condensateur 1 \u00b5F pour moteurs \u2013 425V \/ 475V \u2013 Aspirateur de fum\u00e9es"},"content":{"rendered":"<p data-start=\"236\" data-end=\"459\">Le <strong data-start=\"239\" data-end=\"285\">condensateur 1 \u00b5F pour moteurs \u00e9lectriques<\/strong> est une pi\u00e8ce essentielle pour assurer l\u2019<strong data-start=\"327\" data-end=\"376\">allumage et le bon fonctionnement des moteurs<\/strong>, notamment ceux des <strong data-start=\"397\" data-end=\"422\">aspirateurs de fum\u00e9es<\/strong> utilis\u00e9s dans les po\u00eales \u00e0 granul\u00e9s.<\/p>\n<p data-start=\"461\" data-end=\"763\">Con\u00e7u en <strong data-start=\"470\" data-end=\"497\">polypropyl\u00e8ne m\u00e9tallis\u00e9<\/strong> et \u00e9quip\u00e9 d\u2019un <strong data-start=\"513\" data-end=\"545\">bo\u00eetier en plastique isolant<\/strong>, ce condensateur garantit une excellente stabilit\u00e9 \u00e9lectrique, une longue dur\u00e9e de vie et une s\u00e9curit\u00e9 optimale. Il est fourni avec les <strong data-start=\"682\" data-end=\"728\">principales certifications internationales<\/strong>, assurant fiabilit\u00e9 et conformit\u00e9.<\/p>\n<h3 data-start=\"801\" data-end=\"816\">Avantages<\/h3>\n<p data-start=\"788\" data-end=\"844\">Assure le d\u00e9marrage et la marche des moteurs \u00e9lectriques<\/p>\n<p data-start=\"847\" data-end=\"896\">Sp\u00e9cialement adapt\u00e9 aux <strong data-start=\"871\" data-end=\"896\">aspirateurs de fum\u00e9es<\/strong><\/p>\n<p data-start=\"899\" data-end=\"958\">Condensateur en <strong data-start=\"915\" data-end=\"942\">polypropyl\u00e8ne m\u00e9tallis\u00e9<\/strong> haute fiabilit\u00e9<\/p>\n<p data-start=\"961\" data-end=\"1016\">Bo\u00eetier plastique isolant \u2013 <strong data-start=\"989\" data-end=\"1016\">classe de protection P0<\/strong><\/p>\n<p data-start=\"1019\" data-end=\"1075\">Conforme aux normes internationales (IMQ, VDE, UL, GOST)<\/p>\n<h3 data-start=\"1407\" data-end=\"1441\">Caract\u00e9ristiques techniques<\/h3>\n<p data-start=\"1453\" data-end=\"1485\"><strong data-start=\"1453\" data-end=\"1461\">Type<\/strong> : Condensateur moteur<\/p>\n<p data-start=\"1488\" data-end=\"1513\"><strong data-start=\"1488\" data-end=\"1500\">Capacit\u00e9<\/strong> : <strong data-start=\"1503\" data-end=\"1511\">1 \u00b5F<\/strong><\/p>\n<p data-start=\"1516\" data-end=\"1556\"><strong data-start=\"1516\" data-end=\"1536\">Tension nominale<\/strong> : <strong data-start=\"1539\" data-end=\"1554\">425V \u2013 475V<\/strong><\/p>\n<p data-start=\"1559\" data-end=\"1599\"><strong data-start=\"1559\" data-end=\"1571\">Mat\u00e9riau<\/strong> : Polypropyl\u00e8ne m\u00e9tallis\u00e9<\/p>\n<p data-start=\"1602\" data-end=\"1639\"><strong data-start=\"1602\" data-end=\"1613\">Bo\u00eetier<\/strong> : Plastique \u2013 classe P0<\/p>\n<p data-start=\"1642\" data-end=\"1693\"><strong data-start=\"1642\" data-end=\"1654\">Fonction<\/strong> : D\u00e9marrage et fonctionnement moteur<\/p>\n<p data-start=\"1696\" data-end=\"1740\"><strong data-start=\"1696\" data-end=\"1714\">Certifications<\/strong> : IMQ \u2013 VDE \u2013 UL \u2013 GOST<\/p>\n<h3 data-start=\"1740\" data-end=\"1767\">Conseils de montage<\/h3>\n<p data-start=\"1770\" data-end=\"1829\">Couper l\u2019alimentation \u00e9lectrique avant toute intervention<\/p>\n<p data-start=\"1832\" data-end=\"1904\">Remplacer uniquement par un condensateur de <strong data-start=\"1876\" data-end=\"1902\">m\u00eame capacit\u00e9 (1 \u00b5F)<\/strong><\/p>\n<p data-start=\"1907\" data-end=\"1959\">Faire installer par un professionnel si n\u00e9cessaire<\/p>\n","protected":false},"excerpt":{"rendered":"<p data-start=\"2197\" data-end=\"2465\">Ce condensateur 1 \u00b5F est une <strong data-start=\"2226\" data-end=\"2249\">pi\u00e8ce indispensable<\/strong> pour garantir le bon fonctionnement de l\u2019aspirateur de fum\u00e9es de votre po\u00eale \u00e0 granul\u00e9s. Fiable, certifi\u00e9 et parfaitement compatible avec plusieurs marques, il constitue une solution de remplacement s\u00fbre et durable.<\/p>\n<h3 data-start=\"1259\" data-end=\"1286\">Compatibilit\u00e9 po\u00eales<\/h3>\n<p data-start=\"1298\" data-end=\"1352\"><strong data-start=\"1298\" data-end=\"1309\">ECOTECK<\/strong> \u2013 r\u00e9f. <strong data-start=\"1317\" data-end=\"1326\">55198<\/strong> (combin\u00e9 avec code 55119)<\/p>\n<p data-start=\"1355\" data-end=\"1409\"><strong data-start=\"1355\" data-end=\"1366\">RAVELLI<\/strong> \u2013 r\u00e9f. <strong data-start=\"1374\" data-end=\"1383\">55198<\/strong> (combin\u00e9 avec code 55119)<\/p>\n","protected":false},"featured_media":30597,"comment_status":"open","ping_status":"closed","template":"","meta":[],"product_brand":[],"product_cat":[196,195],"product_tag":[197,198,199],"class_list":{"0":"post-30511","1":"product","2":"type-product","3":"status-publish","4":"has-post-thumbnail","6":"product_cat-condensateur","7":"product_cat-electronique","8":"product_tag-condensateur","9":"product_tag-ecoteck","10":"product_tag-ravelli","12":"first","13":"instock","14":"taxable","15":"shipping-taxable","16":"purchasable","17":"product-type-simple"},"yoast_head":"<!-- This site is optimized with the Yoast SEO plugin v27.4 - https:\/\/yoast.com\/product\/yoast-seo-wordpress\/ -->\n<title>Condensateur 1 \u00b5F pour moteurs \u2013 425V \/ 475V \u2013 Aspirateur de fum\u00e9es - granuluxfrance<\/title>\n<meta name=\"description\" content=\"condensateur 1\u00b5F moteur, condensateur aspirateur fum\u00e9e po\u00eale, condensateur 425V 475V, condensateur po\u00eale \u00e0 granul\u00e9s, pi\u00e8ce d\u00e9tach\u00e9e po\u00eale Ecoteck Ravelli\" \/>\n<meta name=\"robots\" content=\"index, follow, max-snippet:-1, max-image-preview:large, max-video-preview:-1\" \/>\n<link rel=\"canonical\" href=\"https:\/\/granuluxfrance.com\/produit\/condensateur-1-\u00b5f-pour-moteurs-425v-475v-aspirateur-de-fumees\/\" \/>\n<meta property=\"og:locale\" content=\"en_US\" \/>\n<meta property=\"og:type\" content=\"article\" \/>\n<meta property=\"og:title\" content=\"Condensateur 1 \u00b5F pour moteurs \u2013 425V \/ 475V \u2013 Aspirateur de fum\u00e9es - granuluxfrance\" \/>\n<meta property=\"og:description\" content=\"condensateur 1\u00b5F moteur, condensateur aspirateur fum\u00e9e po\u00eale, condensateur 425V 475V, condensateur po\u00eale \u00e0 granul\u00e9s, pi\u00e8ce d\u00e9tach\u00e9e po\u00eale Ecoteck Ravelli\" \/>\n<meta property=\"og:url\" content=\"https:\/\/granuluxfrance.com\/produit\/condensateur-1-\u00b5f-pour-moteurs-425v-475v-aspirateur-de-fumees\/\" \/>\n<meta property=\"og:site_name\" content=\"granuluxfrance\" \/>\n<meta property=\"article:modified_time\" content=\"2026-01-06T17:38:32+00:00\" \/>\n<meta property=\"og:image\" content=\"https:\/\/granuluxfrance.com\/wp-content\/uploads\/2025\/12\/file_00000000f76c720abc944f8924cc2373.png\" \/>\n\t<meta property=\"og:image:width\" content=\"1024\" \/>\n\t<meta property=\"og:image:height\" content=\"1536\" \/>\n\t<meta property=\"og:image:type\" content=\"image\/png\" \/>\n<meta name=\"twitter:card\" content=\"summary_large_image\" \/>\n<meta name=\"twitter:label1\" content=\"Est. reading time\" \/>\n\t<meta name=\"twitter:data1\" content=\"2 minutes\" \/>\n<script type=\"application\/ld+json\" class=\"yoast-schema-graph\">{\"@context\":\"https:\\\/\\\/schema.org\",\"@graph\":[{\"@type\":\"WebPage\",\"@id\":\"https:\\\/\\\/granuluxfrance.com\\\/produit\\\/condensateur-1-%c2%b5f-pour-moteurs-425v-475v-aspirateur-de-fumees\\\/\",\"url\":\"https:\\\/\\\/granuluxfrance.com\\\/produit\\\/condensateur-1-%c2%b5f-pour-moteurs-425v-475v-aspirateur-de-fumees\\\/\",\"name\":\"Condensateur 1 \u00b5F pour moteurs \u2013 425V \\\/ 475V \u2013 Aspirateur de fum\u00e9es - granuluxfrance\",\"isPartOf\":{\"@id\":\"https:\\\/\\\/granuluxfrance.com\\\/#website\"},\"primaryImageOfPage\":{\"@id\":\"https:\\\/\\\/granuluxfrance.com\\\/produit\\\/condensateur-1-%c2%b5f-pour-moteurs-425v-475v-aspirateur-de-fumees\\\/#primaryimage\"},\"image\":{\"@id\":\"https:\\\/\\\/granuluxfrance.com\\\/produit\\\/condensateur-1-%c2%b5f-pour-moteurs-425v-475v-aspirateur-de-fumees\\\/#primaryimage\"},\"thumbnailUrl\":\"https:\\\/\\\/granuluxfrance.com\\\/wp-content\\\/uploads\\\/2025\\\/12\\\/file_00000000f76c720abc944f8924cc2373.png\",\"datePublished\":\"2025-12-24T17:05:57+00:00\",\"dateModified\":\"2026-01-06T17:38:32+00:00\",\"description\":\"condensateur 1\u00b5F moteur, condensateur aspirateur fum\u00e9e po\u00eale, condensateur 425V 475V, condensateur po\u00eale \u00e0 granul\u00e9s, pi\u00e8ce d\u00e9tach\u00e9e po\u00eale Ecoteck Ravelli\",\"breadcrumb\":{\"@id\":\"https:\\\/\\\/granuluxfrance.com\\\/produit\\\/condensateur-1-%c2%b5f-pour-moteurs-425v-475v-aspirateur-de-fumees\\\/#breadcrumb\"},\"inLanguage\":\"en-US\",\"potentialAction\":[{\"@type\":\"ReadAction\",\"target\":[\"https:\\\/\\\/granuluxfrance.com\\\/produit\\\/condensateur-1-%c2%b5f-pour-moteurs-425v-475v-aspirateur-de-fumees\\\/\"]}]},{\"@type\":\"ImageObject\",\"inLanguage\":\"en-US\",\"@id\":\"https:\\\/\\\/granuluxfrance.com\\\/produit\\\/condensateur-1-%c2%b5f-pour-moteurs-425v-475v-aspirateur-de-fumees\\\/#primaryimage\",\"url\":\"https:\\\/\\\/granuluxfrance.com\\\/wp-content\\\/uploads\\\/2025\\\/12\\\/file_00000000f76c720abc944f8924cc2373.png\",\"contentUrl\":\"https:\\\/\\\/granuluxfrance.com\\\/wp-content\\\/uploads\\\/2025\\\/12\\\/file_00000000f76c720abc944f8924cc2373.png\",\"width\":1024,\"height\":1536},{\"@type\":\"BreadcrumbList\",\"@id\":\"https:\\\/\\\/granuluxfrance.com\\\/produit\\\/condensateur-1-%c2%b5f-pour-moteurs-425v-475v-aspirateur-de-fumees\\\/#breadcrumb\",\"itemListElement\":[{\"@type\":\"ListItem\",\"position\":1,\"name\":\"Accueil\",\"item\":\"https:\\\/\\\/granuluxfrance.com\\\/\"},{\"@type\":\"ListItem\",\"position\":2,\"name\":\"BOUTIQUE\",\"item\":\"https:\\\/\\\/granuluxfrance.com\\\/shop\\\/\"},{\"@type\":\"ListItem\",\"position\":3,\"name\":\"Condensateur 1 \u00b5F pour moteurs \u2013 425V \\\/ 475V \u2013 Aspirateur de fum\u00e9es\"}]},{\"@type\":\"WebSite\",\"@id\":\"https:\\\/\\\/granuluxfrance.com\\\/#website\",\"url\":\"https:\\\/\\\/granuluxfrance.com\\\/\",\"name\":\"granuluxfrance\",\"description\":\"\",\"publisher\":{\"@id\":\"https:\\\/\\\/granuluxfrance.com\\\/#organization\"},\"potentialAction\":[{\"@type\":\"SearchAction\",\"target\":{\"@type\":\"EntryPoint\",\"urlTemplate\":\"https:\\\/\\\/granuluxfrance.com\\\/?s={search_term_string}\"},\"query-input\":{\"@type\":\"PropertyValueSpecification\",\"valueRequired\":true,\"valueName\":\"search_term_string\"}}],\"inLanguage\":\"en-US\"},{\"@type\":\"Organization\",\"@id\":\"https:\\\/\\\/granuluxfrance.com\\\/#organization\",\"name\":\"granuluxfrance\",\"url\":\"https:\\\/\\\/granuluxfrance.com\\\/\",\"logo\":{\"@type\":\"ImageObject\",\"inLanguage\":\"en-US\",\"@id\":\"https:\\\/\\\/granuluxfrance.com\\\/#\\\/schema\\\/logo\\\/image\\\/\",\"url\":\"https:\\\/\\\/granuluxfrance.com\\\/wp-content\\\/uploads\\\/2025\\\/07\\\/Screenshot_259.png\",\"contentUrl\":\"https:\\\/\\\/granuluxfrance.com\\\/wp-content\\\/uploads\\\/2025\\\/07\\\/Screenshot_259.png\",\"width\":510,\"height\":382,\"caption\":\"granuluxfrance\"},\"image\":{\"@id\":\"https:\\\/\\\/granuluxfrance.com\\\/#\\\/schema\\\/logo\\\/image\\\/\"}}]}<\/script>\n<!-- \/ Yoast SEO plugin. -->","yoast_head_json":{"title":"Condensateur 1 \u00b5F pour moteurs \u2013 425V \/ 475V \u2013 Aspirateur de fum\u00e9es - granuluxfrance","description":"condensateur 1\u00b5F moteur, condensateur aspirateur fum\u00e9e po\u00eale, condensateur 425V 475V, condensateur po\u00eale \u00e0 granul\u00e9s, pi\u00e8ce d\u00e9tach\u00e9e po\u00eale Ecoteck Ravelli","robots":{"index":"index","follow":"follow","max-snippet":"max-snippet:-1","max-image-preview":"max-image-preview:large","max-video-preview":"max-video-preview:-1"},"canonical":"https:\/\/granuluxfrance.com\/produit\/condensateur-1-\u00b5f-pour-moteurs-425v-475v-aspirateur-de-fumees\/","og_locale":"en_US","og_type":"article","og_title":"Condensateur 1 \u00b5F pour moteurs \u2013 425V \/ 475V \u2013 Aspirateur de fum\u00e9es - granuluxfrance","og_description":"condensateur 1\u00b5F moteur, condensateur aspirateur fum\u00e9e po\u00eale, condensateur 425V 475V, condensateur po\u00eale \u00e0 granul\u00e9s, pi\u00e8ce d\u00e9tach\u00e9e po\u00eale Ecoteck Ravelli","og_url":"https:\/\/granuluxfrance.com\/produit\/condensateur-1-\u00b5f-pour-moteurs-425v-475v-aspirateur-de-fumees\/","og_site_name":"granuluxfrance","article_modified_time":"2026-01-06T17:38:32+00:00","og_image":[{"width":1024,"height":1536,"url":"https:\/\/granuluxfrance.com\/wp-content\/uploads\/2025\/12\/file_00000000f76c720abc944f8924cc2373.png","type":"image\/png"}],"twitter_card":"summary_large_image","twitter_misc":{"Est. reading time":"2 minutes"},"schema":{"@context":"https:\/\/schema.org","@graph":[{"@type":"WebPage","@id":"https:\/\/granuluxfrance.com\/produit\/condensateur-1-%c2%b5f-pour-moteurs-425v-475v-aspirateur-de-fumees\/","url":"https:\/\/granuluxfrance.com\/produit\/condensateur-1-%c2%b5f-pour-moteurs-425v-475v-aspirateur-de-fumees\/","name":"Condensateur 1 \u00b5F pour moteurs \u2013 425V \/ 475V \u2013 Aspirateur de fum\u00e9es - granuluxfrance","isPartOf":{"@id":"https:\/\/granuluxfrance.com\/#website"},"primaryImageOfPage":{"@id":"https:\/\/granuluxfrance.com\/produit\/condensateur-1-%c2%b5f-pour-moteurs-425v-475v-aspirateur-de-fumees\/#primaryimage"},"image":{"@id":"https:\/\/granuluxfrance.com\/produit\/condensateur-1-%c2%b5f-pour-moteurs-425v-475v-aspirateur-de-fumees\/#primaryimage"},"thumbnailUrl":"https:\/\/granuluxfrance.com\/wp-content\/uploads\/2025\/12\/file_00000000f76c720abc944f8924cc2373.png","datePublished":"2025-12-24T17:05:57+00:00","dateModified":"2026-01-06T17:38:32+00:00","description":"condensateur 1\u00b5F moteur, condensateur aspirateur fum\u00e9e po\u00eale, condensateur 425V 475V, condensateur po\u00eale \u00e0 granul\u00e9s, pi\u00e8ce d\u00e9tach\u00e9e po\u00eale Ecoteck Ravelli","breadcrumb":{"@id":"https:\/\/granuluxfrance.com\/produit\/condensateur-1-%c2%b5f-pour-moteurs-425v-475v-aspirateur-de-fumees\/#breadcrumb"},"inLanguage":"en-US","potentialAction":[{"@type":"ReadAction","target":["https:\/\/granuluxfrance.com\/produit\/condensateur-1-%c2%b5f-pour-moteurs-425v-475v-aspirateur-de-fumees\/"]}]},{"@type":"ImageObject","inLanguage":"en-US","@id":"https:\/\/granuluxfrance.com\/produit\/condensateur-1-%c2%b5f-pour-moteurs-425v-475v-aspirateur-de-fumees\/#primaryimage","url":"https:\/\/granuluxfrance.com\/wp-content\/uploads\/2025\/12\/file_00000000f76c720abc944f8924cc2373.png","contentUrl":"https:\/\/granuluxfrance.com\/wp-content\/uploads\/2025\/12\/file_00000000f76c720abc944f8924cc2373.png","width":1024,"height":1536},{"@type":"BreadcrumbList","@id":"https:\/\/granuluxfrance.com\/produit\/condensateur-1-%c2%b5f-pour-moteurs-425v-475v-aspirateur-de-fumees\/#breadcrumb","itemListElement":[{"@type":"ListItem","position":1,"name":"Accueil","item":"https:\/\/granuluxfrance.com\/"},{"@type":"ListItem","position":2,"name":"BOUTIQUE","item":"https:\/\/granuluxfrance.com\/shop\/"},{"@type":"ListItem","position":3,"name":"Condensateur 1 \u00b5F pour moteurs \u2013 425V \/ 475V \u2013 Aspirateur de fum\u00e9es"}]},{"@type":"WebSite","@id":"https:\/\/granuluxfrance.com\/#website","url":"https:\/\/granuluxfrance.com\/","name":"granuluxfrance","description":"","publisher":{"@id":"https:\/\/granuluxfrance.com\/#organization"},"potentialAction":[{"@type":"SearchAction","target":{"@type":"EntryPoint","urlTemplate":"https:\/\/granuluxfrance.com\/?s={search_term_string}"},"query-input":{"@type":"PropertyValueSpecification","valueRequired":true,"valueName":"search_term_string"}}],"inLanguage":"en-US"},{"@type":"Organization","@id":"https:\/\/granuluxfrance.com\/#organization","name":"granuluxfrance","url":"https:\/\/granuluxfrance.com\/","logo":{"@type":"ImageObject","inLanguage":"en-US","@id":"https:\/\/granuluxfrance.com\/#\/schema\/logo\/image\/","url":"https:\/\/granuluxfrance.com\/wp-content\/uploads\/2025\/07\/Screenshot_259.png","contentUrl":"https:\/\/granuluxfrance.com\/wp-content\/uploads\/2025\/07\/Screenshot_259.png","width":510,"height":382,"caption":"granuluxfrance"},"image":{"@id":"https:\/\/granuluxfrance.com\/#\/schema\/logo\/image\/"}}]}},"jetpack_sharing_enabled":true,"_links":{"self":[{"href":"https:\/\/granuluxfrance.com\/en\/wp-json\/wp\/v2\/product\/30511","targetHints":{"allow":["GET"]}}],"collection":[{"href":"https:\/\/granuluxfrance.com\/en\/wp-json\/wp\/v2\/product"}],"about":[{"href":"https:\/\/granuluxfrance.com\/en\/wp-json\/wp\/v2\/types\/product"}],"replies":[{"embeddable":true,"href":"https:\/\/granuluxfrance.com\/en\/wp-json\/wp\/v2\/comments?post=30511"}],"version-history":[{"count":2,"href":"https:\/\/granuluxfrance.com\/en\/wp-json\/wp\/v2\/product\/30511\/revisions"}],"predecessor-version":[{"id":30599,"href":"https:\/\/granuluxfrance.com\/en\/wp-json\/wp\/v2\/product\/30511\/revisions\/30599"}],"wp:featuredmedia":[{"embeddable":true,"href":"https:\/\/granuluxfrance.com\/en\/wp-json\/wp\/v2\/media\/30597"}],"wp:attachment":[{"href":"https:\/\/granuluxfrance.com\/en\/wp-json\/wp\/v2\/media?parent=30511"}],"wp:term":[{"taxonomy":"product_brand","embeddable":true,"href":"https:\/\/granuluxfrance.com\/en\/wp-json\/wp\/v2\/product_brand?post=30511"},{"taxonomy":"product_cat","embeddable":true,"href":"https:\/\/granuluxfrance.com\/en\/wp-json\/wp\/v2\/product_cat?post=30511"},{"taxonomy":"product_tag","embeddable":true,"href":"https:\/\/granuluxfrance.com\/en\/wp-json\/wp\/v2\/product_tag?post=30511"}],"curies":[{"name":"wp","href":"https:\/\/api.w.org\/{rel}","templated":true}]}}