{"id":30509,"date":"2026-01-10T12:07:03","date_gmt":"2026-01-10T11:07:03","guid":{"rendered":"https:\/\/granuluxfrance.com\/?post_type=product&#038;p=30509"},"modified":"2026-01-10T12:07:03","modified_gmt":"2026-01-10T11:07:03","slug":"condensateur-25-%c2%b5f-pour-moteurs-400v-450v-poeles-a-granules","status":"publish","type":"product","link":"https:\/\/granuluxfrance.com\/en\/produit\/condensateur-25-%c2%b5f-pour-moteurs-400v-450v-poeles-a-granules\/","title":{"rendered":"Condensateur 2,5 \u00b5F pour moteurs \u2013 400V \/ 450V \u2013 Po\u00eales \u00e0 granul\u00e9s"},"content":{"rendered":"<p data-start=\"261\" data-end=\"468\">Le <strong data-start=\"264\" data-end=\"312\">condensateur 2,5 \u00b5F pour moteurs \u00e9lectriques<\/strong> est con\u00e7u pour assurer l\u2019<strong data-start=\"338\" data-end=\"387\">allumage et le bon fonctionnement des moteurs<\/strong>, notamment des <strong data-start=\"403\" data-end=\"431\">ventilateurs centrifuges<\/strong> utilis\u00e9s dans les po\u00eales \u00e0 granul\u00e9s.<\/p>\n<p data-start=\"470\" data-end=\"794\">Fabriqu\u00e9 en <strong data-start=\"482\" data-end=\"509\">polypropyl\u00e8ne m\u00e9tallis\u00e9<\/strong> et prot\u00e9g\u00e9 par un <strong data-start=\"528\" data-end=\"552\">bo\u00eetier en plastique<\/strong>, ce condensateur garantit une excellente stabilit\u00e9 \u00e9lectrique, une longue dur\u00e9e de vie et une s\u00e9curit\u00e9 optimale. Il est conforme aux principaux standards internationaux, ce qui en fait une pi\u00e8ce fiable pour le remplacement ou la maintenance.<\/p>\n<h3 data-start=\"801\" data-end=\"816\">Avantages<\/h3>\n<p data-start=\"819\" data-end=\"873\">Assure l\u2019allumage et la marche des moteurs \u00e9lectriques<\/p>\n<p data-start=\"876\" data-end=\"925\">Id\u00e9al pour <strong data-start=\"887\" data-end=\"925\">ventilateurs centrifuges de po\u00eales<\/strong><\/p>\n<p data-start=\"928\" data-end=\"987\">Condensateur en <strong data-start=\"944\" data-end=\"971\">polypropyl\u00e8ne m\u00e9tallis\u00e9<\/strong> haute fiabilit\u00e9<\/p>\n<p data-start=\"990\" data-end=\"1045\">Bo\u00eetier plastique isolant \u2013 <strong data-start=\"1018\" data-end=\"1045\">classe de protection P0<\/strong><\/p>\n<p data-start=\"1048\" data-end=\"1104\">Conforme aux normes internationales (IMQ, VDE, UL, GOST)<\/p>\n<h3 data-start=\"1407\" data-end=\"1441\">Caract\u00e9ristiques techniques<\/h3>\n<p data-start=\"1444\" data-end=\"1476\"><strong data-start=\"1444\" data-end=\"1452\">Type<\/strong> : Condensateur moteur<\/p>\n<p data-start=\"1479\" data-end=\"1506\"><strong data-start=\"1479\" data-end=\"1491\">Capacit\u00e9<\/strong> : <strong data-start=\"1494\" data-end=\"1504\">2,5 \u00b5F<\/strong><\/p>\n<p data-start=\"1509\" data-end=\"1549\"><strong data-start=\"1509\" data-end=\"1529\">Tension nominale<\/strong> : <strong data-start=\"1532\" data-end=\"1547\">400V \u2013 450V<\/strong><\/p>\n<p data-start=\"1552\" data-end=\"1592\"><strong data-start=\"1552\" data-end=\"1564\">Mat\u00e9riau<\/strong> : Polypropyl\u00e8ne m\u00e9tallis\u00e9<\/p>\n<p data-start=\"1595\" data-end=\"1632\"><strong data-start=\"1595\" data-end=\"1606\">Bo\u00eetier<\/strong> : Plastique \u2013 classe P0<\/p>\n<p data-start=\"1635\" data-end=\"1686\"><strong data-start=\"1635\" data-end=\"1647\">Fonction<\/strong> : D\u00e9marrage et fonctionnement moteur<\/p>\n<p data-start=\"1689\" data-end=\"1733\"><strong data-start=\"1689\" data-end=\"1707\">Certifications<\/strong> : IMQ \u2013 VDE \u2013 UL \u2013 GOST<\/p>\n<h3 data-start=\"1740\" data-end=\"1767\">Conseils de montage<\/h3>\n<p data-start=\"1770\" data-end=\"1829\">Couper l\u2019alimentation \u00e9lectrique avant toute intervention<\/p>\n<p data-start=\"1832\" data-end=\"1904\">Remplacer uniquement par un condensateur de <strong data-start=\"1876\" data-end=\"1902\">m\u00eame capacit\u00e9 (2,5 \u00b5F)<\/strong><\/p>\n<p data-start=\"1907\" data-end=\"1959\">Faire installer par un professionnel si n\u00e9cessaire<\/p>\n","protected":false},"excerpt":{"rendered":"<p>Ce condensateur 2,5 \u00b5F est une <strong data-start=\"2216\" data-end=\"2237\">pi\u00e8ce essentielle<\/strong> pour garantir le bon fonctionnement du moteur de votre po\u00eale \u00e0 granul\u00e9s. Fiable, certifi\u00e9 et compatible avec plusieurs marques, il constitue une solution de remplacement s\u00fbre et durable.<\/p>\n<h3 data-start=\"1259\" data-end=\"1286\">Compatibilit\u00e9 po\u00eales<\/h3>\n<p data-start=\"1289\" data-end=\"1343\"><strong data-start=\"1289\" data-end=\"1300\">ECOTECK<\/strong> \u2013 r\u00e9f. <strong data-start=\"1308\" data-end=\"1317\">55093<\/strong> (combin\u00e9 avec code 55017)<\/p>\n<p data-start=\"1346\" data-end=\"1400\"><strong data-start=\"1346\" data-end=\"1357\">RAVELLI<\/strong> \u2013 r\u00e9f. <strong data-start=\"1365\" data-end=\"1374\">55093<\/strong> (combin\u00e9 avec code 55017)<\/p>\n","protected":false},"featured_media":30607,"comment_status":"open","ping_status":"closed","template":"","meta":[],"product_brand":[],"product_cat":[196,195],"product_tag":[197,198,199],"class_list":{"0":"post-30509","1":"product","2":"type-product","3":"status-publish","4":"has-post-thumbnail","6":"product_cat-condensateur","7":"product_cat-electronique","8":"product_tag-condensateur","9":"product_tag-ecoteck","10":"product_tag-ravelli","12":"first","13":"instock","14":"taxable","15":"shipping-taxable","16":"purchasable","17":"product-type-simple"},"yoast_head":"<!-- This site is optimized with the Yoast SEO plugin v27.4 - https:\/\/yoast.com\/product\/yoast-seo-wordpress\/ -->\n<title>Condensateur 2,5 \u00b5F pour moteurs \u2013 400V \/ 450V \u2013 Po\u00eales \u00e0 granul\u00e9s - granuluxfrance<\/title>\n<meta name=\"description\" content=\"condensateur 2,5\u00b5F moteur, condensateur po\u00eale \u00e0 granul\u00e9s, condensateur ventilateur po\u00eale, condensateur 400V 450V, pi\u00e8ce d\u00e9tach\u00e9e po\u00eale Ecoteck Ravelli\" \/>\n<meta name=\"robots\" content=\"index, follow, max-snippet:-1, max-image-preview:large, max-video-preview:-1\" \/>\n<link rel=\"canonical\" href=\"https:\/\/granuluxfrance.com\/produit\/condensateur-25-\u00b5f-pour-moteurs-400v-450v-poeles-a-granules\/\" \/>\n<meta property=\"og:locale\" content=\"en_US\" \/>\n<meta property=\"og:type\" content=\"article\" \/>\n<meta property=\"og:title\" content=\"Condensateur 2,5 \u00b5F pour moteurs \u2013 400V \/ 450V \u2013 Po\u00eales \u00e0 granul\u00e9s - granuluxfrance\" \/>\n<meta property=\"og:description\" content=\"condensateur 2,5\u00b5F moteur, condensateur po\u00eale \u00e0 granul\u00e9s, condensateur ventilateur po\u00eale, condensateur 400V 450V, pi\u00e8ce d\u00e9tach\u00e9e po\u00eale Ecoteck Ravelli\" \/>\n<meta property=\"og:url\" content=\"https:\/\/granuluxfrance.com\/produit\/condensateur-25-\u00b5f-pour-moteurs-400v-450v-poeles-a-granules\/\" \/>\n<meta property=\"og:site_name\" content=\"granuluxfrance\" \/>\n<meta property=\"og:image\" content=\"https:\/\/granuluxfrance.com\/wp-content\/uploads\/2025\/12\/Condensateur-25-\u00b5F.png\" \/>\n\t<meta property=\"og:image:width\" content=\"1024\" \/>\n\t<meta property=\"og:image:height\" content=\"1536\" \/>\n\t<meta property=\"og:image:type\" content=\"image\/png\" \/>\n<meta name=\"twitter:card\" content=\"summary_large_image\" \/>\n<meta name=\"twitter:label1\" content=\"Est. reading time\" \/>\n\t<meta name=\"twitter:data1\" content=\"2 minutes\" \/>\n<script type=\"application\/ld+json\" class=\"yoast-schema-graph\">{\"@context\":\"https:\\\/\\\/schema.org\",\"@graph\":[{\"@type\":\"WebPage\",\"@id\":\"https:\\\/\\\/granuluxfrance.com\\\/produit\\\/condensateur-25-%c2%b5f-pour-moteurs-400v-450v-poeles-a-granules\\\/\",\"url\":\"https:\\\/\\\/granuluxfrance.com\\\/produit\\\/condensateur-25-%c2%b5f-pour-moteurs-400v-450v-poeles-a-granules\\\/\",\"name\":\"Condensateur 2,5 \u00b5F pour moteurs \u2013 400V \\\/ 450V \u2013 Po\u00eales \u00e0 granul\u00e9s - granuluxfrance\",\"isPartOf\":{\"@id\":\"https:\\\/\\\/granuluxfrance.com\\\/#website\"},\"primaryImageOfPage\":{\"@id\":\"https:\\\/\\\/granuluxfrance.com\\\/produit\\\/condensateur-25-%c2%b5f-pour-moteurs-400v-450v-poeles-a-granules\\\/#primaryimage\"},\"image\":{\"@id\":\"https:\\\/\\\/granuluxfrance.com\\\/produit\\\/condensateur-25-%c2%b5f-pour-moteurs-400v-450v-poeles-a-granules\\\/#primaryimage\"},\"thumbnailUrl\":\"https:\\\/\\\/granuluxfrance.com\\\/wp-content\\\/uploads\\\/2025\\\/12\\\/Condensateur-25-\u00b5F.png\",\"datePublished\":\"2026-01-10T11:07:03+00:00\",\"description\":\"condensateur 2,5\u00b5F moteur, condensateur po\u00eale \u00e0 granul\u00e9s, condensateur ventilateur po\u00eale, condensateur 400V 450V, pi\u00e8ce d\u00e9tach\u00e9e po\u00eale Ecoteck Ravelli\",\"breadcrumb\":{\"@id\":\"https:\\\/\\\/granuluxfrance.com\\\/produit\\\/condensateur-25-%c2%b5f-pour-moteurs-400v-450v-poeles-a-granules\\\/#breadcrumb\"},\"inLanguage\":\"en-US\",\"potentialAction\":[{\"@type\":\"ReadAction\",\"target\":[\"https:\\\/\\\/granuluxfrance.com\\\/produit\\\/condensateur-25-%c2%b5f-pour-moteurs-400v-450v-poeles-a-granules\\\/\"]}]},{\"@type\":\"ImageObject\",\"inLanguage\":\"en-US\",\"@id\":\"https:\\\/\\\/granuluxfrance.com\\\/produit\\\/condensateur-25-%c2%b5f-pour-moteurs-400v-450v-poeles-a-granules\\\/#primaryimage\",\"url\":\"https:\\\/\\\/granuluxfrance.com\\\/wp-content\\\/uploads\\\/2025\\\/12\\\/Condensateur-25-\u00b5F.png\",\"contentUrl\":\"https:\\\/\\\/granuluxfrance.com\\\/wp-content\\\/uploads\\\/2025\\\/12\\\/Condensateur-25-\u00b5F.png\",\"width\":1024,\"height\":1536,\"caption\":\"Condensateur-25-\u00b5F-Ecoteck, Ravelli\"},{\"@type\":\"BreadcrumbList\",\"@id\":\"https:\\\/\\\/granuluxfrance.com\\\/produit\\\/condensateur-25-%c2%b5f-pour-moteurs-400v-450v-poeles-a-granules\\\/#breadcrumb\",\"itemListElement\":[{\"@type\":\"ListItem\",\"position\":1,\"name\":\"Accueil\",\"item\":\"https:\\\/\\\/granuluxfrance.com\\\/\"},{\"@type\":\"ListItem\",\"position\":2,\"name\":\"BOUTIQUE\",\"item\":\"https:\\\/\\\/granuluxfrance.com\\\/shop\\\/\"},{\"@type\":\"ListItem\",\"position\":3,\"name\":\"Condensateur 2,5 \u00b5F pour moteurs \u2013 400V \\\/ 450V \u2013 Po\u00eales \u00e0 granul\u00e9s\"}]},{\"@type\":\"WebSite\",\"@id\":\"https:\\\/\\\/granuluxfrance.com\\\/#website\",\"url\":\"https:\\\/\\\/granuluxfrance.com\\\/\",\"name\":\"granuluxfrance\",\"description\":\"\",\"publisher\":{\"@id\":\"https:\\\/\\\/granuluxfrance.com\\\/#organization\"},\"potentialAction\":[{\"@type\":\"SearchAction\",\"target\":{\"@type\":\"EntryPoint\",\"urlTemplate\":\"https:\\\/\\\/granuluxfrance.com\\\/?s={search_term_string}\"},\"query-input\":{\"@type\":\"PropertyValueSpecification\",\"valueRequired\":true,\"valueName\":\"search_term_string\"}}],\"inLanguage\":\"en-US\"},{\"@type\":\"Organization\",\"@id\":\"https:\\\/\\\/granuluxfrance.com\\\/#organization\",\"name\":\"granuluxfrance\",\"url\":\"https:\\\/\\\/granuluxfrance.com\\\/\",\"logo\":{\"@type\":\"ImageObject\",\"inLanguage\":\"en-US\",\"@id\":\"https:\\\/\\\/granuluxfrance.com\\\/#\\\/schema\\\/logo\\\/image\\\/\",\"url\":\"https:\\\/\\\/granuluxfrance.com\\\/wp-content\\\/uploads\\\/2025\\\/07\\\/Screenshot_259.png\",\"contentUrl\":\"https:\\\/\\\/granuluxfrance.com\\\/wp-content\\\/uploads\\\/2025\\\/07\\\/Screenshot_259.png\",\"width\":510,\"height\":382,\"caption\":\"granuluxfrance\"},\"image\":{\"@id\":\"https:\\\/\\\/granuluxfrance.com\\\/#\\\/schema\\\/logo\\\/image\\\/\"}}]}<\/script>\n<!-- \/ Yoast SEO plugin. -->","yoast_head_json":{"title":"Condensateur 2,5 \u00b5F pour moteurs \u2013 400V \/ 450V \u2013 Po\u00eales \u00e0 granul\u00e9s - granuluxfrance","description":"condensateur 2,5\u00b5F moteur, condensateur po\u00eale \u00e0 granul\u00e9s, condensateur ventilateur po\u00eale, condensateur 400V 450V, pi\u00e8ce d\u00e9tach\u00e9e po\u00eale Ecoteck Ravelli","robots":{"index":"index","follow":"follow","max-snippet":"max-snippet:-1","max-image-preview":"max-image-preview:large","max-video-preview":"max-video-preview:-1"},"canonical":"https:\/\/granuluxfrance.com\/produit\/condensateur-25-\u00b5f-pour-moteurs-400v-450v-poeles-a-granules\/","og_locale":"en_US","og_type":"article","og_title":"Condensateur 2,5 \u00b5F pour moteurs \u2013 400V \/ 450V \u2013 Po\u00eales \u00e0 granul\u00e9s - granuluxfrance","og_description":"condensateur 2,5\u00b5F moteur, condensateur po\u00eale \u00e0 granul\u00e9s, condensateur ventilateur po\u00eale, condensateur 400V 450V, pi\u00e8ce d\u00e9tach\u00e9e po\u00eale Ecoteck Ravelli","og_url":"https:\/\/granuluxfrance.com\/produit\/condensateur-25-\u00b5f-pour-moteurs-400v-450v-poeles-a-granules\/","og_site_name":"granuluxfrance","og_image":[{"width":1024,"height":1536,"url":"https:\/\/granuluxfrance.com\/wp-content\/uploads\/2025\/12\/Condensateur-25-\u00b5F.png","type":"image\/png"}],"twitter_card":"summary_large_image","twitter_misc":{"Est. reading time":"2 minutes"},"schema":{"@context":"https:\/\/schema.org","@graph":[{"@type":"WebPage","@id":"https:\/\/granuluxfrance.com\/produit\/condensateur-25-%c2%b5f-pour-moteurs-400v-450v-poeles-a-granules\/","url":"https:\/\/granuluxfrance.com\/produit\/condensateur-25-%c2%b5f-pour-moteurs-400v-450v-poeles-a-granules\/","name":"Condensateur 2,5 \u00b5F pour moteurs \u2013 400V \/ 450V \u2013 Po\u00eales \u00e0 granul\u00e9s - granuluxfrance","isPartOf":{"@id":"https:\/\/granuluxfrance.com\/#website"},"primaryImageOfPage":{"@id":"https:\/\/granuluxfrance.com\/produit\/condensateur-25-%c2%b5f-pour-moteurs-400v-450v-poeles-a-granules\/#primaryimage"},"image":{"@id":"https:\/\/granuluxfrance.com\/produit\/condensateur-25-%c2%b5f-pour-moteurs-400v-450v-poeles-a-granules\/#primaryimage"},"thumbnailUrl":"https:\/\/granuluxfrance.com\/wp-content\/uploads\/2025\/12\/Condensateur-25-\u00b5F.png","datePublished":"2026-01-10T11:07:03+00:00","description":"condensateur 2,5\u00b5F moteur, condensateur po\u00eale \u00e0 granul\u00e9s, condensateur ventilateur po\u00eale, condensateur 400V 450V, pi\u00e8ce d\u00e9tach\u00e9e po\u00eale Ecoteck Ravelli","breadcrumb":{"@id":"https:\/\/granuluxfrance.com\/produit\/condensateur-25-%c2%b5f-pour-moteurs-400v-450v-poeles-a-granules\/#breadcrumb"},"inLanguage":"en-US","potentialAction":[{"@type":"ReadAction","target":["https:\/\/granuluxfrance.com\/produit\/condensateur-25-%c2%b5f-pour-moteurs-400v-450v-poeles-a-granules\/"]}]},{"@type":"ImageObject","inLanguage":"en-US","@id":"https:\/\/granuluxfrance.com\/produit\/condensateur-25-%c2%b5f-pour-moteurs-400v-450v-poeles-a-granules\/#primaryimage","url":"https:\/\/granuluxfrance.com\/wp-content\/uploads\/2025\/12\/Condensateur-25-\u00b5F.png","contentUrl":"https:\/\/granuluxfrance.com\/wp-content\/uploads\/2025\/12\/Condensateur-25-\u00b5F.png","width":1024,"height":1536,"caption":"Condensateur-25-\u00b5F-Ecoteck, Ravelli"},{"@type":"BreadcrumbList","@id":"https:\/\/granuluxfrance.com\/produit\/condensateur-25-%c2%b5f-pour-moteurs-400v-450v-poeles-a-granules\/#breadcrumb","itemListElement":[{"@type":"ListItem","position":1,"name":"Accueil","item":"https:\/\/granuluxfrance.com\/"},{"@type":"ListItem","position":2,"name":"BOUTIQUE","item":"https:\/\/granuluxfrance.com\/shop\/"},{"@type":"ListItem","position":3,"name":"Condensateur 2,5 \u00b5F pour moteurs \u2013 400V \/ 450V \u2013 Po\u00eales \u00e0 granul\u00e9s"}]},{"@type":"WebSite","@id":"https:\/\/granuluxfrance.com\/#website","url":"https:\/\/granuluxfrance.com\/","name":"granuluxfrance","description":"","publisher":{"@id":"https:\/\/granuluxfrance.com\/#organization"},"potentialAction":[{"@type":"SearchAction","target":{"@type":"EntryPoint","urlTemplate":"https:\/\/granuluxfrance.com\/?s={search_term_string}"},"query-input":{"@type":"PropertyValueSpecification","valueRequired":true,"valueName":"search_term_string"}}],"inLanguage":"en-US"},{"@type":"Organization","@id":"https:\/\/granuluxfrance.com\/#organization","name":"granuluxfrance","url":"https:\/\/granuluxfrance.com\/","logo":{"@type":"ImageObject","inLanguage":"en-US","@id":"https:\/\/granuluxfrance.com\/#\/schema\/logo\/image\/","url":"https:\/\/granuluxfrance.com\/wp-content\/uploads\/2025\/07\/Screenshot_259.png","contentUrl":"https:\/\/granuluxfrance.com\/wp-content\/uploads\/2025\/07\/Screenshot_259.png","width":510,"height":382,"caption":"granuluxfrance"},"image":{"@id":"https:\/\/granuluxfrance.com\/#\/schema\/logo\/image\/"}}]}},"jetpack_sharing_enabled":true,"_links":{"self":[{"href":"https:\/\/granuluxfrance.com\/en\/wp-json\/wp\/v2\/product\/30509","targetHints":{"allow":["GET"]}}],"collection":[{"href":"https:\/\/granuluxfrance.com\/en\/wp-json\/wp\/v2\/product"}],"about":[{"href":"https:\/\/granuluxfrance.com\/en\/wp-json\/wp\/v2\/types\/product"}],"replies":[{"embeddable":true,"href":"https:\/\/granuluxfrance.com\/en\/wp-json\/wp\/v2\/comments?post=30509"}],"version-history":[{"count":1,"href":"https:\/\/granuluxfrance.com\/en\/wp-json\/wp\/v2\/product\/30509\/revisions"}],"predecessor-version":[{"id":30510,"href":"https:\/\/granuluxfrance.com\/en\/wp-json\/wp\/v2\/product\/30509\/revisions\/30510"}],"wp:featuredmedia":[{"embeddable":true,"href":"https:\/\/granuluxfrance.com\/en\/wp-json\/wp\/v2\/media\/30607"}],"wp:attachment":[{"href":"https:\/\/granuluxfrance.com\/en\/wp-json\/wp\/v2\/media?parent=30509"}],"wp:term":[{"taxonomy":"product_brand","embeddable":true,"href":"https:\/\/granuluxfrance.com\/en\/wp-json\/wp\/v2\/product_brand?post=30509"},{"taxonomy":"product_cat","embeddable":true,"href":"https:\/\/granuluxfrance.com\/en\/wp-json\/wp\/v2\/product_cat?post=30509"},{"taxonomy":"product_tag","embeddable":true,"href":"https:\/\/granuluxfrance.com\/en\/wp-json\/wp\/v2\/product_tag?post=30509"}],"curies":[{"name":"wp","href":"https:\/\/api.w.org\/{rel}","templated":true}]}}