{"id":30502,"date":"2025-12-21T15:53:28","date_gmt":"2025-12-21T14:53:28","guid":{"rendered":"https:\/\/granuluxfrance.com\/?post_type=product&#038;p=30502"},"modified":"2026-01-10T12:02:43","modified_gmt":"2026-01-10T11:02:43","slug":"silicone-rouge-thermoresistant-300-c-tube-280-ml","status":"publish","type":"product","link":"https:\/\/granuluxfrance.com\/en\/produit\/silicone-rouge-thermoresistant-300-c-tube-280-ml\/","title":{"rendered":"Silicone rouge thermor\u00e9sistant 300 \u00b0C \u2013 Tube 280 ml"},"content":{"rendered":"<p data-start=\"265\" data-end=\"591\">Le <strong data-start=\"268\" data-end=\"309\">silicone rouge thermor\u00e9sistant 300 \u00b0C<\/strong> est sp\u00e9cialement con\u00e7u pour les environnements soumis \u00e0 de fortes temp\u00e9ratures. Id\u00e9al pour l\u2019\u00e9tanch\u00e9it\u00e9, le collage et la protection des composants expos\u00e9s \u00e0 la chaleur, il est parfaitement adapt\u00e9 aux <strong data-start=\"511\" data-end=\"590\">po\u00eales \u00e0 granul\u00e9s, inserts, chemin\u00e9es, chaudi\u00e8res et \u00e9quipements thermiques<\/strong>.<\/p>\n<p data-start=\"593\" data-end=\"775\">Sa formule haute performance garantit une <strong data-start=\"635\" data-end=\"685\">excellente r\u00e9sistance thermique jusqu\u2019\u00e0 300 \u00b0C<\/strong>, une forte adh\u00e9rence et une grande durabilit\u00e9 dans le temps, m\u00eame en conditions extr\u00eames.<\/p>\n<p style=\"text-align: left;\" data-start=\"501\" data-end=\"721\"><strong>Caract\u00e9ristiques techniques\u00a0<\/strong><\/p>\n<ul>\n<li data-start=\"1373\" data-end=\"1412\">\n<p data-start=\"1375\" data-end=\"1412\"><strong data-start=\"1375\" data-end=\"1383\">Type<\/strong> : Silicone thermor\u00e9sistant<\/p>\n<\/li>\n<li data-start=\"1413\" data-end=\"1436\">\n<p data-start=\"1415\" data-end=\"1436\"><strong data-start=\"1415\" data-end=\"1426\">Couleur<\/strong> : Rouge<\/p>\n<\/li>\n<li data-start=\"1437\" data-end=\"1465\">\n<p data-start=\"1439\" data-end=\"1465\"><strong data-start=\"1439\" data-end=\"1449\">Format<\/strong> : Tube 280 ml<\/p>\n<\/li>\n<li data-start=\"1466\" data-end=\"1515\">\n<p data-start=\"1468\" data-end=\"1515\"><strong data-start=\"1468\" data-end=\"1492\">R\u00e9sistance thermique<\/strong> : Jusqu\u2019\u00e0 <strong data-start=\"1503\" data-end=\"1513\">300 \u00b0C<\/strong><\/p>\n<\/li>\n<li data-start=\"1516\" data-end=\"1559\">\n<p data-start=\"1518\" data-end=\"1559\"><strong data-start=\"1518\" data-end=\"1533\">Utilisation<\/strong> : Int\u00e9rieur \/ ext\u00e9rieur<\/p>\n<\/li>\n<li data-start=\"1560\" data-end=\"1611\">\n<p data-start=\"1562\" data-end=\"1611\"><strong data-start=\"1562\" data-end=\"1577\">Application<\/strong> : Pistolet \u00e0 cartouche standard (non fourni)<\/p>\n<\/li>\n<\/ul>\n<h3 data-start=\"1618\" data-end=\"1648\">Conseils d\u2019utilisation<\/h3>\n<ul data-start=\"1649\" data-end=\"1830\">\n<li data-start=\"1649\" data-end=\"1702\">\n<p data-start=\"1651\" data-end=\"1702\">Appliquer sur surface propre, s\u00e8che et d\u00e9graiss\u00e9e<\/p>\n<\/li>\n<li data-start=\"1703\" data-end=\"1782\">\n<p data-start=\"1705\" data-end=\"1782\">Laisser s\u00e9cher selon les recommandations du fabricant avant mise en chauffe<\/p>\n<\/li>\n<li data-start=\"1783\" data-end=\"1830\">\n<p data-start=\"1785\" data-end=\"1830\">\u00c9viter toute exposition directe \u00e0 la flamme<\/p>\n<\/li>\n<\/ul>\n","protected":false},"excerpt":{"rendered":"<p data-start=\"1381\" data-end=\"1426\">Sa formule haute performance garantit une <strong data-start=\"635\" data-end=\"685\">excellente r\u00e9sistance thermique jusqu\u2019\u00e0 300 \u00b0C<\/strong>, une forte adh\u00e9rence et une grande durabilit\u00e9 dans le temps, m\u00eame en conditions extr\u00eames.<\/p>\n<p data-start=\"1428\" data-end=\"1499\">Convient aussi bien \u00e0 un usage <strong data-start=\"1462\" data-end=\"1476\">domestique<\/strong> que <strong data-start=\"1481\" data-end=\"1498\">professionnel<\/strong>.<\/p>\n","protected":false},"featured_media":30605,"comment_status":"open","ping_status":"closed","template":"","meta":[],"product_brand":[],"product_cat":[20],"product_tag":[179,178],"class_list":{"0":"post-30502","1":"product","2":"type-product","3":"status-publish","4":"has-post-thumbnail","6":"product_cat-entretien","7":"product_tag-colle-refractaire","8":"product_tag-renovation","10":"first","11":"instock","12":"taxable","13":"shipping-taxable","14":"purchasable","15":"product-type-simple"},"yoast_head":"<!-- This site is optimized with the Yoast SEO plugin v27.4 - https:\/\/yoast.com\/product\/yoast-seo-wordpress\/ -->\n<title>Silicone rouge thermor\u00e9sistant 300 \u00b0C \u2013 Tube 280 ml - granuluxfrance<\/title>\n<meta name=\"description\" content=\"silicone thermor\u00e9sistant 300\u00b0C, silicone rouge haute temp\u00e9rature, silicone po\u00eale \u00e0 granul\u00e9s, joint silicone haute temp\u00e9rature, silicone chemin\u00e9e, silicone \u00e9tanch\u00e9it\u00e9 chaleur\" \/>\n<meta name=\"robots\" content=\"index, follow, max-snippet:-1, max-image-preview:large, max-video-preview:-1\" \/>\n<link rel=\"canonical\" href=\"https:\/\/granuluxfrance.com\/produit\/silicone-rouge-thermoresistant-300-c-tube-280-ml\/\" \/>\n<meta property=\"og:locale\" content=\"en_US\" \/>\n<meta property=\"og:type\" content=\"article\" \/>\n<meta property=\"og:title\" content=\"Silicone rouge thermor\u00e9sistant 300 \u00b0C \u2013 Tube 280 ml - granuluxfrance\" \/>\n<meta property=\"og:description\" content=\"silicone thermor\u00e9sistant 300\u00b0C, silicone rouge haute temp\u00e9rature, silicone po\u00eale \u00e0 granul\u00e9s, joint silicone haute temp\u00e9rature, silicone chemin\u00e9e, silicone \u00e9tanch\u00e9it\u00e9 chaleur\" \/>\n<meta property=\"og:url\" content=\"https:\/\/granuluxfrance.com\/produit\/silicone-rouge-thermoresistant-300-c-tube-280-ml\/\" \/>\n<meta property=\"og:site_name\" content=\"granuluxfrance\" \/>\n<meta property=\"article:modified_time\" content=\"2026-01-10T11:02:43+00:00\" \/>\n<meta property=\"og:image\" content=\"https:\/\/granuluxfrance.com\/wp-content\/uploads\/2025\/12\/Silicone-rouge-thermoresistant-300-\u00b0C.png\" \/>\n\t<meta property=\"og:image:width\" content=\"1024\" \/>\n\t<meta property=\"og:image:height\" content=\"1536\" \/>\n\t<meta property=\"og:image:type\" content=\"image\/png\" \/>\n<meta name=\"twitter:card\" content=\"summary_large_image\" \/>\n<meta name=\"twitter:label1\" content=\"Est. reading time\" \/>\n\t<meta name=\"twitter:data1\" content=\"1 minute\" \/>\n<script type=\"application\/ld+json\" class=\"yoast-schema-graph\">{\"@context\":\"https:\\\/\\\/schema.org\",\"@graph\":[{\"@type\":\"WebPage\",\"@id\":\"https:\\\/\\\/granuluxfrance.com\\\/produit\\\/silicone-rouge-thermoresistant-300-c-tube-280-ml\\\/\",\"url\":\"https:\\\/\\\/granuluxfrance.com\\\/produit\\\/silicone-rouge-thermoresistant-300-c-tube-280-ml\\\/\",\"name\":\"Silicone rouge thermor\u00e9sistant 300 \u00b0C \u2013 Tube 280 ml - granuluxfrance\",\"isPartOf\":{\"@id\":\"https:\\\/\\\/granuluxfrance.com\\\/#website\"},\"primaryImageOfPage\":{\"@id\":\"https:\\\/\\\/granuluxfrance.com\\\/produit\\\/silicone-rouge-thermoresistant-300-c-tube-280-ml\\\/#primaryimage\"},\"image\":{\"@id\":\"https:\\\/\\\/granuluxfrance.com\\\/produit\\\/silicone-rouge-thermoresistant-300-c-tube-280-ml\\\/#primaryimage\"},\"thumbnailUrl\":\"https:\\\/\\\/granuluxfrance.com\\\/wp-content\\\/uploads\\\/2025\\\/12\\\/Silicone-rouge-thermoresistant-300-\u00b0C.png\",\"datePublished\":\"2025-12-21T14:53:28+00:00\",\"dateModified\":\"2026-01-10T11:02:43+00:00\",\"description\":\"silicone thermor\u00e9sistant 300\u00b0C, silicone rouge haute temp\u00e9rature, silicone po\u00eale \u00e0 granul\u00e9s, joint silicone haute temp\u00e9rature, silicone chemin\u00e9e, silicone \u00e9tanch\u00e9it\u00e9 chaleur\",\"breadcrumb\":{\"@id\":\"https:\\\/\\\/granuluxfrance.com\\\/produit\\\/silicone-rouge-thermoresistant-300-c-tube-280-ml\\\/#breadcrumb\"},\"inLanguage\":\"en-US\",\"potentialAction\":[{\"@type\":\"ReadAction\",\"target\":[\"https:\\\/\\\/granuluxfrance.com\\\/produit\\\/silicone-rouge-thermoresistant-300-c-tube-280-ml\\\/\"]}]},{\"@type\":\"ImageObject\",\"inLanguage\":\"en-US\",\"@id\":\"https:\\\/\\\/granuluxfrance.com\\\/produit\\\/silicone-rouge-thermoresistant-300-c-tube-280-ml\\\/#primaryimage\",\"url\":\"https:\\\/\\\/granuluxfrance.com\\\/wp-content\\\/uploads\\\/2025\\\/12\\\/Silicone-rouge-thermoresistant-300-\u00b0C.png\",\"contentUrl\":\"https:\\\/\\\/granuluxfrance.com\\\/wp-content\\\/uploads\\\/2025\\\/12\\\/Silicone-rouge-thermoresistant-300-\u00b0C.png\",\"width\":1024,\"height\":1536,\"caption\":\"Silicone-thermoresistant-300-\u00b0C.\"},{\"@type\":\"BreadcrumbList\",\"@id\":\"https:\\\/\\\/granuluxfrance.com\\\/produit\\\/silicone-rouge-thermoresistant-300-c-tube-280-ml\\\/#breadcrumb\",\"itemListElement\":[{\"@type\":\"ListItem\",\"position\":1,\"name\":\"Accueil\",\"item\":\"https:\\\/\\\/granuluxfrance.com\\\/\"},{\"@type\":\"ListItem\",\"position\":2,\"name\":\"BOUTIQUE\",\"item\":\"https:\\\/\\\/granuluxfrance.com\\\/shop\\\/\"},{\"@type\":\"ListItem\",\"position\":3,\"name\":\"Silicone rouge thermor\u00e9sistant 300 \u00b0C \u2013 Tube 280 ml\"}]},{\"@type\":\"WebSite\",\"@id\":\"https:\\\/\\\/granuluxfrance.com\\\/#website\",\"url\":\"https:\\\/\\\/granuluxfrance.com\\\/\",\"name\":\"granuluxfrance\",\"description\":\"\",\"publisher\":{\"@id\":\"https:\\\/\\\/granuluxfrance.com\\\/#organization\"},\"potentialAction\":[{\"@type\":\"SearchAction\",\"target\":{\"@type\":\"EntryPoint\",\"urlTemplate\":\"https:\\\/\\\/granuluxfrance.com\\\/?s={search_term_string}\"},\"query-input\":{\"@type\":\"PropertyValueSpecification\",\"valueRequired\":true,\"valueName\":\"search_term_string\"}}],\"inLanguage\":\"en-US\"},{\"@type\":\"Organization\",\"@id\":\"https:\\\/\\\/granuluxfrance.com\\\/#organization\",\"name\":\"granuluxfrance\",\"url\":\"https:\\\/\\\/granuluxfrance.com\\\/\",\"logo\":{\"@type\":\"ImageObject\",\"inLanguage\":\"en-US\",\"@id\":\"https:\\\/\\\/granuluxfrance.com\\\/#\\\/schema\\\/logo\\\/image\\\/\",\"url\":\"https:\\\/\\\/granuluxfrance.com\\\/wp-content\\\/uploads\\\/2025\\\/07\\\/Screenshot_259.png\",\"contentUrl\":\"https:\\\/\\\/granuluxfrance.com\\\/wp-content\\\/uploads\\\/2025\\\/07\\\/Screenshot_259.png\",\"width\":510,\"height\":382,\"caption\":\"granuluxfrance\"},\"image\":{\"@id\":\"https:\\\/\\\/granuluxfrance.com\\\/#\\\/schema\\\/logo\\\/image\\\/\"}}]}<\/script>\n<!-- \/ Yoast SEO plugin. -->","yoast_head_json":{"title":"Silicone rouge thermor\u00e9sistant 300 \u00b0C \u2013 Tube 280 ml - granuluxfrance","description":"silicone thermor\u00e9sistant 300\u00b0C, silicone rouge haute temp\u00e9rature, silicone po\u00eale \u00e0 granul\u00e9s, joint silicone haute temp\u00e9rature, silicone chemin\u00e9e, silicone \u00e9tanch\u00e9it\u00e9 chaleur","robots":{"index":"index","follow":"follow","max-snippet":"max-snippet:-1","max-image-preview":"max-image-preview:large","max-video-preview":"max-video-preview:-1"},"canonical":"https:\/\/granuluxfrance.com\/produit\/silicone-rouge-thermoresistant-300-c-tube-280-ml\/","og_locale":"en_US","og_type":"article","og_title":"Silicone rouge thermor\u00e9sistant 300 \u00b0C \u2013 Tube 280 ml - granuluxfrance","og_description":"silicone thermor\u00e9sistant 300\u00b0C, silicone rouge haute temp\u00e9rature, silicone po\u00eale \u00e0 granul\u00e9s, joint silicone haute temp\u00e9rature, silicone chemin\u00e9e, silicone \u00e9tanch\u00e9it\u00e9 chaleur","og_url":"https:\/\/granuluxfrance.com\/produit\/silicone-rouge-thermoresistant-300-c-tube-280-ml\/","og_site_name":"granuluxfrance","article_modified_time":"2026-01-10T11:02:43+00:00","og_image":[{"width":1024,"height":1536,"url":"https:\/\/granuluxfrance.com\/wp-content\/uploads\/2025\/12\/Silicone-rouge-thermoresistant-300-\u00b0C.png","type":"image\/png"}],"twitter_card":"summary_large_image","twitter_misc":{"Est. reading time":"1 minute"},"schema":{"@context":"https:\/\/schema.org","@graph":[{"@type":"WebPage","@id":"https:\/\/granuluxfrance.com\/produit\/silicone-rouge-thermoresistant-300-c-tube-280-ml\/","url":"https:\/\/granuluxfrance.com\/produit\/silicone-rouge-thermoresistant-300-c-tube-280-ml\/","name":"Silicone rouge thermor\u00e9sistant 300 \u00b0C \u2013 Tube 280 ml - granuluxfrance","isPartOf":{"@id":"https:\/\/granuluxfrance.com\/#website"},"primaryImageOfPage":{"@id":"https:\/\/granuluxfrance.com\/produit\/silicone-rouge-thermoresistant-300-c-tube-280-ml\/#primaryimage"},"image":{"@id":"https:\/\/granuluxfrance.com\/produit\/silicone-rouge-thermoresistant-300-c-tube-280-ml\/#primaryimage"},"thumbnailUrl":"https:\/\/granuluxfrance.com\/wp-content\/uploads\/2025\/12\/Silicone-rouge-thermoresistant-300-\u00b0C.png","datePublished":"2025-12-21T14:53:28+00:00","dateModified":"2026-01-10T11:02:43+00:00","description":"silicone thermor\u00e9sistant 300\u00b0C, silicone rouge haute temp\u00e9rature, silicone po\u00eale \u00e0 granul\u00e9s, joint silicone haute temp\u00e9rature, silicone chemin\u00e9e, silicone \u00e9tanch\u00e9it\u00e9 chaleur","breadcrumb":{"@id":"https:\/\/granuluxfrance.com\/produit\/silicone-rouge-thermoresistant-300-c-tube-280-ml\/#breadcrumb"},"inLanguage":"en-US","potentialAction":[{"@type":"ReadAction","target":["https:\/\/granuluxfrance.com\/produit\/silicone-rouge-thermoresistant-300-c-tube-280-ml\/"]}]},{"@type":"ImageObject","inLanguage":"en-US","@id":"https:\/\/granuluxfrance.com\/produit\/silicone-rouge-thermoresistant-300-c-tube-280-ml\/#primaryimage","url":"https:\/\/granuluxfrance.com\/wp-content\/uploads\/2025\/12\/Silicone-rouge-thermoresistant-300-\u00b0C.png","contentUrl":"https:\/\/granuluxfrance.com\/wp-content\/uploads\/2025\/12\/Silicone-rouge-thermoresistant-300-\u00b0C.png","width":1024,"height":1536,"caption":"Silicone-thermoresistant-300-\u00b0C."},{"@type":"BreadcrumbList","@id":"https:\/\/granuluxfrance.com\/produit\/silicone-rouge-thermoresistant-300-c-tube-280-ml\/#breadcrumb","itemListElement":[{"@type":"ListItem","position":1,"name":"Accueil","item":"https:\/\/granuluxfrance.com\/"},{"@type":"ListItem","position":2,"name":"BOUTIQUE","item":"https:\/\/granuluxfrance.com\/shop\/"},{"@type":"ListItem","position":3,"name":"Silicone rouge thermor\u00e9sistant 300 \u00b0C \u2013 Tube 280 ml"}]},{"@type":"WebSite","@id":"https:\/\/granuluxfrance.com\/#website","url":"https:\/\/granuluxfrance.com\/","name":"granuluxfrance","description":"","publisher":{"@id":"https:\/\/granuluxfrance.com\/#organization"},"potentialAction":[{"@type":"SearchAction","target":{"@type":"EntryPoint","urlTemplate":"https:\/\/granuluxfrance.com\/?s={search_term_string}"},"query-input":{"@type":"PropertyValueSpecification","valueRequired":true,"valueName":"search_term_string"}}],"inLanguage":"en-US"},{"@type":"Organization","@id":"https:\/\/granuluxfrance.com\/#organization","name":"granuluxfrance","url":"https:\/\/granuluxfrance.com\/","logo":{"@type":"ImageObject","inLanguage":"en-US","@id":"https:\/\/granuluxfrance.com\/#\/schema\/logo\/image\/","url":"https:\/\/granuluxfrance.com\/wp-content\/uploads\/2025\/07\/Screenshot_259.png","contentUrl":"https:\/\/granuluxfrance.com\/wp-content\/uploads\/2025\/07\/Screenshot_259.png","width":510,"height":382,"caption":"granuluxfrance"},"image":{"@id":"https:\/\/granuluxfrance.com\/#\/schema\/logo\/image\/"}}]}},"jetpack_sharing_enabled":true,"_links":{"self":[{"href":"https:\/\/granuluxfrance.com\/en\/wp-json\/wp\/v2\/product\/30502","targetHints":{"allow":["GET"]}}],"collection":[{"href":"https:\/\/granuluxfrance.com\/en\/wp-json\/wp\/v2\/product"}],"about":[{"href":"https:\/\/granuluxfrance.com\/en\/wp-json\/wp\/v2\/types\/product"}],"replies":[{"embeddable":true,"href":"https:\/\/granuluxfrance.com\/en\/wp-json\/wp\/v2\/comments?post=30502"}],"version-history":[{"count":1,"href":"https:\/\/granuluxfrance.com\/en\/wp-json\/wp\/v2\/product\/30502\/revisions"}],"predecessor-version":[{"id":30503,"href":"https:\/\/granuluxfrance.com\/en\/wp-json\/wp\/v2\/product\/30502\/revisions\/30503"}],"wp:featuredmedia":[{"embeddable":true,"href":"https:\/\/granuluxfrance.com\/en\/wp-json\/wp\/v2\/media\/30605"}],"wp:attachment":[{"href":"https:\/\/granuluxfrance.com\/en\/wp-json\/wp\/v2\/media?parent=30502"}],"wp:term":[{"taxonomy":"product_brand","embeddable":true,"href":"https:\/\/granuluxfrance.com\/en\/wp-json\/wp\/v2\/product_brand?post=30502"},{"taxonomy":"product_cat","embeddable":true,"href":"https:\/\/granuluxfrance.com\/en\/wp-json\/wp\/v2\/product_cat?post=30502"},{"taxonomy":"product_tag","embeddable":true,"href":"https:\/\/granuluxfrance.com\/en\/wp-json\/wp\/v2\/product_tag?post=30502"}],"curies":[{"name":"wp","href":"https:\/\/api.w.org\/{rel}","templated":true}]}}