{"id":29923,"date":"2025-08-24T18:01:13","date_gmt":"2025-08-24T18:01:13","guid":{"rendered":"https:\/\/granuluxfrance.com\/?post_type=product&#038;p=29923"},"modified":"2026-01-07T18:23:42","modified_gmt":"2026-01-07T17:23:42","slug":"bougie-dallumage-edilkamin-300-w-155-mm-sans-filetage-tige-lisse-cable-50-cm","status":"publish","type":"product","link":"https:\/\/granuluxfrance.com\/en\/produit\/bougie-dallumage-edilkamin-300-w-155-mm-sans-filetage-tige-lisse-cable-50-cm\/","title":{"rendered":"Bougie d\u2019allumage Edilkamin \u2013 300 W \/ 155 mm \u2013 Sans filetage (tige lisse) \u2013 C\u00e2ble 50 cm"},"content":{"rendered":"<p>Optimisez l\u2019allumage de votre po\u00eale \u00e0 granul\u00e9s avec cette bougie d\u2019allumage <strong data-start=\"380\" data-end=\"393\">Edilkamin<\/strong>, con\u00e7ue <strong data-start=\"402\" data-end=\"432\">sans filetage (tige lisse)<\/strong>. Avec sa longueur totale de 155 mm, son diam\u00e8tre de 9,9 mm, sa puissance de 300 W et son c\u00e2ble de 50 cm, elle offre un d\u00e9marrage rapide, homog\u00e8ne et s\u00e9curis\u00e9 de votre po\u00eale. Fiable et robuste, cette r\u00e9sistance est id\u00e9ale pour maintenir la performance et la long\u00e9vit\u00e9 de votre appareil Edilkamin.<\/p>\n<h3 style=\"text-align: center;\">\u00a0Caract\u00e9ristiques techniques<\/h3>\n<table>\n<thead>\n<tr>\n<th>Caract\u00e9ristique<\/th>\n<th>Sp\u00e9cification<\/th>\n<\/tr>\n<\/thead>\n<tbody>\n<tr>\n<td>Fixation<\/td>\n<td>Sans filetage (tige lisse)<\/td>\n<\/tr>\n<tr>\n<td>Longueur totale<\/td>\n<td>155 mm<\/td>\n<\/tr>\n<tr>\n<td>Diam\u00e8tre<\/td>\n<td>9,9 mm<\/td>\n<\/tr>\n<tr>\n<td>Puissance<\/td>\n<td>300 W<\/td>\n<\/tr>\n<tr>\n<td>Longueur de c\u00e2ble<\/td>\n<td>50 cm<\/td>\n<\/tr>\n<\/tbody>\n<\/table>\n<p>&nbsp;<\/p>\n<h3 data-start=\"2164\" data-end=\"2188\">Pourquoi choisir cette bougie <strong data-start=\"380\" data-end=\"393\">Edilkamin<\/strong> \u00a0?<\/h3>\n<p>La bougie d\u2019allumage <strong data-start=\"1546\" data-end=\"1586\">Edilkamin sans filetage (tige lisse)<\/strong> 300 W \u2013 155 mm assure un allumage homog\u00e8ne et performant de votre po\u00eale. Son c\u00e2ble de 50 cm permet une installation simple et rapide, garantissant le bon fonctionnement et la long\u00e9vit\u00e9 de votre appareil.<\/p>\n<p>&nbsp;<\/p>\n<h3 style=\"text-align: center;\" data-start=\"2164\" data-end=\"2188\"><strong data-start=\"2168\" data-end=\"2186\">B\u00e9n\u00e9fices cl\u00e9s<\/strong><\/h3>\n<ul data-start=\"2189\" data-end=\"2385\">\n<li data-start=\"2189\" data-end=\"2225\">\n<p data-start=\"2191\" data-end=\"2225\">\ud83d\udd25 <strong data-start=\"2194\" data-end=\"2223\">Allumage rapide et fiable<\/strong><\/p>\n<\/li>\n<li data-start=\"2226\" data-end=\"2286\">\n<p data-start=\"2228\" data-end=\"2286\">\ud83d\udcaa <strong data-start=\"2231\" data-end=\"2255\">Mat\u00e9riaux r\u00e9sistants<\/strong> pour une longue dur\u00e9e de vie<\/p>\n<\/li>\n<li data-start=\"2287\" data-end=\"2340\">\n<p data-start=\"2289\" data-end=\"2340\">\u26a1 <strong data-start=\"2291\" data-end=\"2312\">Puissance adapt\u00e9e<\/strong> pour un rendement optimal<\/p>\n<\/li>\n<li data-start=\"2341\" data-end=\"2385\">\n<p data-start=\"2343\" data-end=\"2385\">\ud83d\udce6 <strong data-start=\"2346\" data-end=\"2383\">Livraison rapide depuis la France<\/strong><\/p>\n<\/li>\n<\/ul>\n","protected":false},"excerpt":{"rendered":"<h3 style=\"text-align: center;\">Po\u00eales compatibles<\/h3>\n<p style=\"text-align: center;\" data-start=\"1661\" data-end=\"1805\"><strong>Deux cosses m\u00e2le-femelle isol\u00e9es offertes avec votre bougie.<\/strong><\/p>\n<p data-start=\"1661\" data-end=\"1805\">Cette bougie est 100 % compatible avec de nombreux mod\u00e8les de po\u00eales <strong>Edilkamin<\/strong>.<\/p>\n<table border=\"1\" cellspacing=\"0\" cellpadding=\"6\">\n<thead>\n<tr>\n<th>Lettre<\/th>\n<th>Mod\u00e8les<\/th>\n<\/tr>\n<\/thead>\n<tbody>\n<tr>\n<td>A<\/td>\n<td>Adria, Aida, Alba 2005, Alpen, Ande, Ania, Aris, Aris D, Aris Plus<\/td>\n<\/tr>\n<tr>\n<td>B<\/td>\n<td>Basic, Basic Plus, Bering, Bering Plus, Bijoux, Billy, Billy 2, Bora, Brezza, Brio<\/td>\n<\/tr>\n<tr>\n<td>C<\/td>\n<td>Cameo, Charme, Charme &#8217;09, Cherie, Chip, Chip Plus, Classica, Classica Linx, Classica Plus<\/td>\n<\/tr>\n<tr>\n<td>D<\/td>\n<td>Daisy, Dallas, Dame, Danubio, Dida, Dida Idro, Dida Plus, Dida 2, Dida 2 Plus, Dotty, Dotty Idro<\/td>\n<\/tr>\n<tr>\n<td>E<\/td>\n<td>Ecoidro, Elise, Esprit<\/td>\n<\/tr>\n<tr>\n<td>F<\/td>\n<td>Fantasy, Fata, Feeling, Feeling &#8217;09, Flexa, Fuji, Funny<\/td>\n<\/tr>\n<tr>\n<td>G<\/td>\n<td>Ginny 8, Ginny 12, Ginny 15 Idro<\/td>\n<\/tr>\n<tr>\n<td>I<\/td>\n<td>Idrochip Linx, Idrochip Micronova, Idrofast, Idroflexa C, Idroflexa Estero, Idrofox, Idropellbox, Idropoint, Idropolis, Idrosally, Idrotech, Inpellet 49, Inpellet 54, Iris 2004, Iris 2005, Iris Plus, Iris P Orario, Iris Up<\/td>\n<\/tr>\n<tr>\n<td>J<\/td>\n<td>Junior, Juppy<\/td>\n<\/tr>\n<tr>\n<td>K<\/td>\n<td>Kappa, Karma, Karma &#8217;09, Kelly, Kikka, Kikka Plus<\/td>\n<\/tr>\n<tr>\n<td>L<\/td>\n<td>Lilia Iris Up, Lilia Plus, Lilia P Orario, Lilly, Linosa 12, Linosa 12 2015, Linosa 15, Linosa 15 2015, Linosa 18, Linosa 18 2015, Linosa 28, Little Prima, Logo, Lory, Lory Idro, Lou<\/td>\n<\/tr>\n<tr>\n<td>M<\/td>\n<td>Magic, Marea 08, Mariu&#8217;, Medea, Micron, Mimi Norma, Mito Idro, Moon, Mya, Mya Eco<\/td>\n<\/tr>\n<tr>\n<td>N<\/td>\n<td>Nancy, Naomy, Nea, Nelly, Nelly Piu, Nilo<\/td>\n<\/tr>\n<tr>\n<td>P<\/td>\n<td>Pellbox SCF, Pellet Piu &#8217;54, Pellet Blok, Pellet Blok 15, Pellgreen 12, Pellgreen 15, Pellgreen 18, Pellinsert 54, Pellkamin 8, Pellkamin 10, Pellquadro, Pellstar, Piro, Piro 2, Piro 2 Plus, Piro 9+ Evo, Piro Plus, Pixa, Pixa Piu, Point, Point 2, Point Plus, Polaris, Polaris Plus, Polis, Polis Plus, Prestige, Prima, Prima 2<\/td>\n<\/tr>\n<tr>\n<td>Q<\/td>\n<td>Quick<\/td>\n<\/tr>\n<tr>\n<td>R<\/td>\n<td>Rio, Rose<\/td>\n<\/tr>\n<tr>\n<td>S<\/td>\n<td>Sally, Sally Plus, Serena, Seven, Simpli, Sirena, Soleil, Soleil Plus, Space, Story, Strass<\/td>\n<\/tr>\n<tr>\n<td>T<\/td>\n<td>Tania, Tania Plus, Ten, Ten 2, Ten 2 Plus, Ten Plus, Termika 12, Termika 15, Termika 18, Termika 24, Termika 28, Termika 2 20, Termika 2 24, Termika 2 28, Tiny, Trend E, Trend &#8217;05, Trend Plus, Tresor<\/td>\n<\/tr>\n<tr>\n<td>U<\/td>\n<td>Ural<\/td>\n<\/tr>\n<tr>\n<td>V<\/td>\n<td>Vintage<\/td>\n<\/tr>\n<tr>\n<td>Z<\/td>\n<td>Zara, Zara Plus<\/td>\n<\/tr>\n<\/tbody>\n<\/table>\n<p data-start=\"1661\" data-end=\"1805\">V\u00e9rifiez toujours la compatibilit\u00e9 avec le mod\u00e8le exact de votre appareil avant commande.<\/p>\n","protected":false},"featured_media":30116,"comment_status":"open","ping_status":"closed","template":"","meta":[],"product_brand":[94],"product_cat":[72,88],"product_tag":[155,103],"class_list":{"0":"post-29923","1":"product","2":"type-product","3":"status-publish","4":"has-post-thumbnail","6":"product_brand-edilkamin","7":"product_cat-bougie-dallumage-poeles-a-granules-pellets","8":"product_cat-edilkamin-bougie","9":"product_tag-155mm","10":"product_tag-bougie","12":"first","13":"instock","14":"taxable","15":"shipping-taxable","16":"purchasable","17":"product-type-variable","18":"has-default-attributes"},"yoast_head":"<!-- This site is optimized with the Yoast SEO plugin v27.4 - https:\/\/yoast.com\/product\/yoast-seo-wordpress\/ -->\n<title>Bougie d\u2019allumage Edilkamin \u2013 300 W \/ 155 mm \u2013 Sans filetage (tige lisse) \u2013 C\u00e2ble 50 cm - granuluxfrance<\/title>\n<meta name=\"description\" content=\"Bougie d\u2019allumage Edilkamin 300 W, 155 mm, sans filetage (tige lisse), diam\u00e8tre 9,9 mm, c\u00e2ble 50 cm. Compatible avec plusieurs mod\u00e8les de po\u00eales Edilkamin.\" \/>\n<meta name=\"robots\" content=\"index, follow, max-snippet:-1, max-image-preview:large, max-video-preview:-1\" \/>\n<link rel=\"canonical\" href=\"https:\/\/granuluxfrance.com\/produit\/bougie-dallumage-edilkamin-300-w-155-mm-sans-filetage-tige-lisse-cable-50-cm\/\" \/>\n<meta property=\"og:locale\" content=\"en_US\" \/>\n<meta property=\"og:type\" content=\"article\" \/>\n<meta property=\"og:title\" content=\"Bougie d\u2019allumage Edilkamin \u2013 300 W \/ 155 mm \u2013 Sans filetage (tige lisse) \u2013 C\u00e2ble 50 cm - granuluxfrance\" \/>\n<meta property=\"og:description\" content=\"Bougie d\u2019allumage Edilkamin 300 W, 155 mm, sans filetage (tige lisse), diam\u00e8tre 9,9 mm, c\u00e2ble 50 cm. Compatible avec plusieurs mod\u00e8les de po\u00eales Edilkamin.\" \/>\n<meta property=\"og:url\" content=\"https:\/\/granuluxfrance.com\/produit\/bougie-dallumage-edilkamin-300-w-155-mm-sans-filetage-tige-lisse-cable-50-cm\/\" \/>\n<meta property=\"og:site_name\" content=\"granuluxfrance\" \/>\n<meta property=\"article:modified_time\" content=\"2026-01-07T17:23:42+00:00\" \/>\n<meta property=\"og:image\" content=\"https:\/\/granuluxfrance.com\/wp-content\/uploads\/2025\/08\/file_00000000ccf471f4a2ac8b8d167716e1-1.png\" \/>\n\t<meta property=\"og:image:width\" content=\"1024\" \/>\n\t<meta property=\"og:image:height\" content=\"1536\" \/>\n\t<meta property=\"og:image:type\" content=\"image\/png\" \/>\n<meta name=\"twitter:card\" content=\"summary_large_image\" \/>\n<meta name=\"twitter:label1\" content=\"Est. reading time\" \/>\n\t<meta name=\"twitter:data1\" content=\"2 minutes\" \/>\n<script type=\"application\/ld+json\" class=\"yoast-schema-graph\">{\"@context\":\"https:\\\/\\\/schema.org\",\"@graph\":[{\"@type\":\"WebPage\",\"@id\":\"https:\\\/\\\/granuluxfrance.com\\\/produit\\\/bougie-dallumage-edilkamin-300-w-155-mm-sans-filetage-tige-lisse-cable-50-cm\\\/\",\"url\":\"https:\\\/\\\/granuluxfrance.com\\\/produit\\\/bougie-dallumage-edilkamin-300-w-155-mm-sans-filetage-tige-lisse-cable-50-cm\\\/\",\"name\":\"Bougie d\u2019allumage Edilkamin \u2013 300 W \\\/ 155 mm \u2013 Sans filetage (tige lisse) \u2013 C\u00e2ble 50 cm - granuluxfrance\",\"isPartOf\":{\"@id\":\"https:\\\/\\\/granuluxfrance.com\\\/#website\"},\"primaryImageOfPage\":{\"@id\":\"https:\\\/\\\/granuluxfrance.com\\\/produit\\\/bougie-dallumage-edilkamin-300-w-155-mm-sans-filetage-tige-lisse-cable-50-cm\\\/#primaryimage\"},\"image\":{\"@id\":\"https:\\\/\\\/granuluxfrance.com\\\/produit\\\/bougie-dallumage-edilkamin-300-w-155-mm-sans-filetage-tige-lisse-cable-50-cm\\\/#primaryimage\"},\"thumbnailUrl\":\"https:\\\/\\\/granuluxfrance.com\\\/wp-content\\\/uploads\\\/2025\\\/08\\\/file_00000000ccf471f4a2ac8b8d167716e1-1.png\",\"datePublished\":\"2025-08-24T18:01:13+00:00\",\"dateModified\":\"2026-01-07T17:23:42+00:00\",\"description\":\"Bougie d\u2019allumage Edilkamin 300 W, 155 mm, sans filetage (tige lisse), diam\u00e8tre 9,9 mm, c\u00e2ble 50 cm. Compatible avec plusieurs mod\u00e8les de po\u00eales Edilkamin.\",\"breadcrumb\":{\"@id\":\"https:\\\/\\\/granuluxfrance.com\\\/produit\\\/bougie-dallumage-edilkamin-300-w-155-mm-sans-filetage-tige-lisse-cable-50-cm\\\/#breadcrumb\"},\"inLanguage\":\"en-US\",\"potentialAction\":[{\"@type\":\"ReadAction\",\"target\":[\"https:\\\/\\\/granuluxfrance.com\\\/produit\\\/bougie-dallumage-edilkamin-300-w-155-mm-sans-filetage-tige-lisse-cable-50-cm\\\/\"]}]},{\"@type\":\"ImageObject\",\"inLanguage\":\"en-US\",\"@id\":\"https:\\\/\\\/granuluxfrance.com\\\/produit\\\/bougie-dallumage-edilkamin-300-w-155-mm-sans-filetage-tige-lisse-cable-50-cm\\\/#primaryimage\",\"url\":\"https:\\\/\\\/granuluxfrance.com\\\/wp-content\\\/uploads\\\/2025\\\/08\\\/file_00000000ccf471f4a2ac8b8d167716e1-1.png\",\"contentUrl\":\"https:\\\/\\\/granuluxfrance.com\\\/wp-content\\\/uploads\\\/2025\\\/08\\\/file_00000000ccf471f4a2ac8b8d167716e1-1.png\",\"width\":1024,\"height\":1536,\"caption\":\"Bougie d'allumage sans filetage\"},{\"@type\":\"BreadcrumbList\",\"@id\":\"https:\\\/\\\/granuluxfrance.com\\\/produit\\\/bougie-dallumage-edilkamin-300-w-155-mm-sans-filetage-tige-lisse-cable-50-cm\\\/#breadcrumb\",\"itemListElement\":[{\"@type\":\"ListItem\",\"position\":1,\"name\":\"Accueil\",\"item\":\"https:\\\/\\\/granuluxfrance.com\\\/\"},{\"@type\":\"ListItem\",\"position\":2,\"name\":\"BOUTIQUE\",\"item\":\"https:\\\/\\\/granuluxfrance.com\\\/shop\\\/\"},{\"@type\":\"ListItem\",\"position\":3,\"name\":\"Bougie d\u2019allumage Edilkamin \u2013 300 W \\\/ 155 mm \u2013 Sans filetage (tige lisse) \u2013 C\u00e2ble 50 cm\"}]},{\"@type\":\"WebSite\",\"@id\":\"https:\\\/\\\/granuluxfrance.com\\\/#website\",\"url\":\"https:\\\/\\\/granuluxfrance.com\\\/\",\"name\":\"granuluxfrance\",\"description\":\"\",\"publisher\":{\"@id\":\"https:\\\/\\\/granuluxfrance.com\\\/#organization\"},\"potentialAction\":[{\"@type\":\"SearchAction\",\"target\":{\"@type\":\"EntryPoint\",\"urlTemplate\":\"https:\\\/\\\/granuluxfrance.com\\\/?s={search_term_string}\"},\"query-input\":{\"@type\":\"PropertyValueSpecification\",\"valueRequired\":true,\"valueName\":\"search_term_string\"}}],\"inLanguage\":\"en-US\"},{\"@type\":\"Organization\",\"@id\":\"https:\\\/\\\/granuluxfrance.com\\\/#organization\",\"name\":\"granuluxfrance\",\"url\":\"https:\\\/\\\/granuluxfrance.com\\\/\",\"logo\":{\"@type\":\"ImageObject\",\"inLanguage\":\"en-US\",\"@id\":\"https:\\\/\\\/granuluxfrance.com\\\/#\\\/schema\\\/logo\\\/image\\\/\",\"url\":\"https:\\\/\\\/granuluxfrance.com\\\/wp-content\\\/uploads\\\/2025\\\/07\\\/Screenshot_259.png\",\"contentUrl\":\"https:\\\/\\\/granuluxfrance.com\\\/wp-content\\\/uploads\\\/2025\\\/07\\\/Screenshot_259.png\",\"width\":510,\"height\":382,\"caption\":\"granuluxfrance\"},\"image\":{\"@id\":\"https:\\\/\\\/granuluxfrance.com\\\/#\\\/schema\\\/logo\\\/image\\\/\"}}]}<\/script>\n<!-- \/ Yoast SEO plugin. -->","yoast_head_json":{"title":"Bougie d\u2019allumage Edilkamin \u2013 300 W \/ 155 mm \u2013 Sans filetage (tige lisse) \u2013 C\u00e2ble 50 cm - granuluxfrance","description":"Bougie d\u2019allumage Edilkamin 300 W, 155 mm, sans filetage (tige lisse), diam\u00e8tre 9,9 mm, c\u00e2ble 50 cm. Compatible avec plusieurs mod\u00e8les de po\u00eales Edilkamin.","robots":{"index":"index","follow":"follow","max-snippet":"max-snippet:-1","max-image-preview":"max-image-preview:large","max-video-preview":"max-video-preview:-1"},"canonical":"https:\/\/granuluxfrance.com\/produit\/bougie-dallumage-edilkamin-300-w-155-mm-sans-filetage-tige-lisse-cable-50-cm\/","og_locale":"en_US","og_type":"article","og_title":"Bougie d\u2019allumage Edilkamin \u2013 300 W \/ 155 mm \u2013 Sans filetage (tige lisse) \u2013 C\u00e2ble 50 cm - granuluxfrance","og_description":"Bougie d\u2019allumage Edilkamin 300 W, 155 mm, sans filetage (tige lisse), diam\u00e8tre 9,9 mm, c\u00e2ble 50 cm. Compatible avec plusieurs mod\u00e8les de po\u00eales Edilkamin.","og_url":"https:\/\/granuluxfrance.com\/produit\/bougie-dallumage-edilkamin-300-w-155-mm-sans-filetage-tige-lisse-cable-50-cm\/","og_site_name":"granuluxfrance","article_modified_time":"2026-01-07T17:23:42+00:00","og_image":[{"width":1024,"height":1536,"url":"https:\/\/granuluxfrance.com\/wp-content\/uploads\/2025\/08\/file_00000000ccf471f4a2ac8b8d167716e1-1.png","type":"image\/png"}],"twitter_card":"summary_large_image","twitter_misc":{"Est. reading time":"2 minutes"},"schema":{"@context":"https:\/\/schema.org","@graph":[{"@type":"WebPage","@id":"https:\/\/granuluxfrance.com\/produit\/bougie-dallumage-edilkamin-300-w-155-mm-sans-filetage-tige-lisse-cable-50-cm\/","url":"https:\/\/granuluxfrance.com\/produit\/bougie-dallumage-edilkamin-300-w-155-mm-sans-filetage-tige-lisse-cable-50-cm\/","name":"Bougie d\u2019allumage Edilkamin \u2013 300 W \/ 155 mm \u2013 Sans filetage (tige lisse) \u2013 C\u00e2ble 50 cm - granuluxfrance","isPartOf":{"@id":"https:\/\/granuluxfrance.com\/#website"},"primaryImageOfPage":{"@id":"https:\/\/granuluxfrance.com\/produit\/bougie-dallumage-edilkamin-300-w-155-mm-sans-filetage-tige-lisse-cable-50-cm\/#primaryimage"},"image":{"@id":"https:\/\/granuluxfrance.com\/produit\/bougie-dallumage-edilkamin-300-w-155-mm-sans-filetage-tige-lisse-cable-50-cm\/#primaryimage"},"thumbnailUrl":"https:\/\/granuluxfrance.com\/wp-content\/uploads\/2025\/08\/file_00000000ccf471f4a2ac8b8d167716e1-1.png","datePublished":"2025-08-24T18:01:13+00:00","dateModified":"2026-01-07T17:23:42+00:00","description":"Bougie d\u2019allumage Edilkamin 300 W, 155 mm, sans filetage (tige lisse), diam\u00e8tre 9,9 mm, c\u00e2ble 50 cm. Compatible avec plusieurs mod\u00e8les de po\u00eales Edilkamin.","breadcrumb":{"@id":"https:\/\/granuluxfrance.com\/produit\/bougie-dallumage-edilkamin-300-w-155-mm-sans-filetage-tige-lisse-cable-50-cm\/#breadcrumb"},"inLanguage":"en-US","potentialAction":[{"@type":"ReadAction","target":["https:\/\/granuluxfrance.com\/produit\/bougie-dallumage-edilkamin-300-w-155-mm-sans-filetage-tige-lisse-cable-50-cm\/"]}]},{"@type":"ImageObject","inLanguage":"en-US","@id":"https:\/\/granuluxfrance.com\/produit\/bougie-dallumage-edilkamin-300-w-155-mm-sans-filetage-tige-lisse-cable-50-cm\/#primaryimage","url":"https:\/\/granuluxfrance.com\/wp-content\/uploads\/2025\/08\/file_00000000ccf471f4a2ac8b8d167716e1-1.png","contentUrl":"https:\/\/granuluxfrance.com\/wp-content\/uploads\/2025\/08\/file_00000000ccf471f4a2ac8b8d167716e1-1.png","width":1024,"height":1536,"caption":"Bougie d'allumage sans filetage"},{"@type":"BreadcrumbList","@id":"https:\/\/granuluxfrance.com\/produit\/bougie-dallumage-edilkamin-300-w-155-mm-sans-filetage-tige-lisse-cable-50-cm\/#breadcrumb","itemListElement":[{"@type":"ListItem","position":1,"name":"Accueil","item":"https:\/\/granuluxfrance.com\/"},{"@type":"ListItem","position":2,"name":"BOUTIQUE","item":"https:\/\/granuluxfrance.com\/shop\/"},{"@type":"ListItem","position":3,"name":"Bougie d\u2019allumage Edilkamin \u2013 300 W \/ 155 mm \u2013 Sans filetage (tige lisse) \u2013 C\u00e2ble 50 cm"}]},{"@type":"WebSite","@id":"https:\/\/granuluxfrance.com\/#website","url":"https:\/\/granuluxfrance.com\/","name":"granuluxfrance","description":"","publisher":{"@id":"https:\/\/granuluxfrance.com\/#organization"},"potentialAction":[{"@type":"SearchAction","target":{"@type":"EntryPoint","urlTemplate":"https:\/\/granuluxfrance.com\/?s={search_term_string}"},"query-input":{"@type":"PropertyValueSpecification","valueRequired":true,"valueName":"search_term_string"}}],"inLanguage":"en-US"},{"@type":"Organization","@id":"https:\/\/granuluxfrance.com\/#organization","name":"granuluxfrance","url":"https:\/\/granuluxfrance.com\/","logo":{"@type":"ImageObject","inLanguage":"en-US","@id":"https:\/\/granuluxfrance.com\/#\/schema\/logo\/image\/","url":"https:\/\/granuluxfrance.com\/wp-content\/uploads\/2025\/07\/Screenshot_259.png","contentUrl":"https:\/\/granuluxfrance.com\/wp-content\/uploads\/2025\/07\/Screenshot_259.png","width":510,"height":382,"caption":"granuluxfrance"},"image":{"@id":"https:\/\/granuluxfrance.com\/#\/schema\/logo\/image\/"}}]}},"jetpack_sharing_enabled":true,"_links":{"self":[{"href":"https:\/\/granuluxfrance.com\/en\/wp-json\/wp\/v2\/product\/29923","targetHints":{"allow":["GET"]}}],"collection":[{"href":"https:\/\/granuluxfrance.com\/en\/wp-json\/wp\/v2\/product"}],"about":[{"href":"https:\/\/granuluxfrance.com\/en\/wp-json\/wp\/v2\/types\/product"}],"replies":[{"embeddable":true,"href":"https:\/\/granuluxfrance.com\/en\/wp-json\/wp\/v2\/comments?post=29923"}],"version-history":[{"count":4,"href":"https:\/\/granuluxfrance.com\/en\/wp-json\/wp\/v2\/product\/29923\/revisions"}],"predecessor-version":[{"id":30279,"href":"https:\/\/granuluxfrance.com\/en\/wp-json\/wp\/v2\/product\/29923\/revisions\/30279"}],"wp:featuredmedia":[{"embeddable":true,"href":"https:\/\/granuluxfrance.com\/en\/wp-json\/wp\/v2\/media\/30116"}],"wp:attachment":[{"href":"https:\/\/granuluxfrance.com\/en\/wp-json\/wp\/v2\/media?parent=29923"}],"wp:term":[{"taxonomy":"product_brand","embeddable":true,"href":"https:\/\/granuluxfrance.com\/en\/wp-json\/wp\/v2\/product_brand?post=29923"},{"taxonomy":"product_cat","embeddable":true,"href":"https:\/\/granuluxfrance.com\/en\/wp-json\/wp\/v2\/product_cat?post=29923"},{"taxonomy":"product_tag","embeddable":true,"href":"https:\/\/granuluxfrance.com\/en\/wp-json\/wp\/v2\/product_tag?post=29923"}],"curies":[{"name":"wp","href":"https:\/\/api.w.org\/{rel}","templated":true}]}}