{"id":29921,"date":"2025-08-24T17:38:12","date_gmt":"2025-08-24T17:38:12","guid":{"rendered":"https:\/\/granuluxfrance.com\/?post_type=product&#038;p=29921"},"modified":"2026-01-07T18:39:39","modified_gmt":"2026-01-07T17:39:39","slug":"bougie-dallumage-godin-300-w-155-mm-sans-filetage-tige-lisse-cable-50-cm","status":"publish","type":"product","link":"https:\/\/granuluxfrance.com\/en\/produit\/bougie-dallumage-godin-300-w-155-mm-sans-filetage-tige-lisse-cable-50-cm\/","title":{"rendered":"Bougie d\u2019allumage Godin \u2013 300 W \/ 155 mm \u2013 Sans filetage (tige lisse) \u2013 C\u00e2ble 50 cm"},"content":{"rendered":"<p>Optimisez l\u2019allumage de votre po\u00eale \u00e0 granul\u00e9s avec cette bougie d\u2019allumage Godin, con\u00e7ue <strong data-start=\"371\" data-end=\"401\">sans filetage (tige lisse)<\/strong>. Avec sa longueur totale de 155 mm, son diam\u00e8tre de 9,9 mm, sa puissance de 300 W et son c\u00e2ble de 50 cm, elle assure un d\u00e9marrage rapide et fiable de votre appareil. Fiable, robuste et durable, c\u2019est la pi\u00e8ce de rechange id\u00e9ale pour pr\u00e9server la performance de votre po\u00eale Godin.<\/p>\n<h3 style=\"text-align: center;\">\u00a0Caract\u00e9ristiques techniques<\/h3>\n<table>\n<thead>\n<tr>\n<th>Caract\u00e9ristique<\/th>\n<th>Sp\u00e9cification<\/th>\n<\/tr>\n<\/thead>\n<tbody>\n<tr>\n<td>Fixation<\/td>\n<td>Sans filetage (tige lisse)<\/td>\n<\/tr>\n<tr>\n<td>Longueur totale<\/td>\n<td>155 mm<\/td>\n<\/tr>\n<tr>\n<td>Diam\u00e8tre<\/td>\n<td>9,9 mm<\/td>\n<\/tr>\n<tr>\n<td>Puissance<\/td>\n<td>300 W<\/td>\n<\/tr>\n<tr>\n<td>Longueur de c\u00e2ble<\/td>\n<td>50 cm<\/td>\n<\/tr>\n<\/tbody>\n<\/table>\n<p>&nbsp;<\/p>\n<h3 data-start=\"2164\" data-end=\"2188\">Pourquoi choisir cette bougie Godin ?<\/h3>\n<p>La bougie d\u2019allumage <strong data-start=\"1487\" data-end=\"1523\">Godin sans filetage (tige lisse)<\/strong> 300 W \u2013 155 mm garantit un allumage homog\u00e8ne et s\u00e9curis\u00e9 de votre po\u00eale. Avec son c\u00e2ble de 50 cm, elle s\u2019installe facilement et permet de maintenir les performances optimales de votre appareil sur le long terme.<\/p>\n<p>&nbsp;<\/p>\n<h3 style=\"text-align: center;\" data-start=\"2164\" data-end=\"2188\"><strong data-start=\"2168\" data-end=\"2186\">B\u00e9n\u00e9fices cl\u00e9s<\/strong><\/h3>\n<ul data-start=\"2189\" data-end=\"2385\">\n<li data-start=\"2189\" data-end=\"2225\">\n<p data-start=\"2191\" data-end=\"2225\">\ud83d\udd25 <strong data-start=\"2194\" data-end=\"2223\">Allumage rapide et fiable<\/strong><\/p>\n<\/li>\n<li data-start=\"2226\" data-end=\"2286\">\n<p data-start=\"2228\" data-end=\"2286\">\ud83d\udcaa <strong data-start=\"2231\" data-end=\"2255\">Mat\u00e9riaux r\u00e9sistants<\/strong> pour une longue dur\u00e9e de vie<\/p>\n<\/li>\n<li data-start=\"2287\" data-end=\"2340\">\n<p data-start=\"2289\" data-end=\"2340\">\u26a1 <strong data-start=\"2291\" data-end=\"2312\">Puissance adapt\u00e9e<\/strong> pour un rendement optimal<\/p>\n<\/li>\n<li data-start=\"2341\" data-end=\"2385\">\n<p data-start=\"2343\" data-end=\"2385\">\ud83d\udce6 <strong data-start=\"2346\" data-end=\"2383\">Livraison rapide depuis la France<\/strong><\/p>\n<\/li>\n<\/ul>\n","protected":false},"excerpt":{"rendered":"<h3 style=\"text-align: center;\">Po\u00eales compatibles<\/h3>\n<p style=\"text-align: center;\" data-start=\"1661\" data-end=\"1805\"><strong>Deux cosses m\u00e2le-femelle isol\u00e9es offertes avec votre bougie.<\/strong><\/p>\n<p data-start=\"1661\" data-end=\"1805\">Cette bougie est 100 % compatible avec de nombreux mod\u00e8les de po\u00eales Godin.<\/p>\n<p data-start=\"1661\" data-end=\"1805\">Gacelay, Genesty, Genet, Mercure, Neptune, Pelissane,\u00a0 Thezier, Vallabrix, Venterole, Vesta<\/p>\n<p data-start=\"1661\" data-end=\"1805\">V\u00e9rifiez toujours la compatibilit\u00e9 avec le mod\u00e8le exact de votre appareil avant commande.<\/p>\n","protected":false},"featured_media":30116,"comment_status":"open","ping_status":"closed","template":"","meta":[],"product_brand":[157],"product_cat":[72,156],"product_tag":[155,103],"class_list":{"0":"post-29921","1":"product","2":"type-product","3":"status-publish","4":"has-post-thumbnail","6":"product_brand-godin","7":"product_cat-bougie-dallumage-poeles-a-granules-pellets","8":"product_cat-godin","9":"product_tag-155mm","10":"product_tag-bougie","12":"first","13":"instock","14":"taxable","15":"shipping-taxable","16":"purchasable","17":"product-type-variable","18":"has-default-attributes"},"yoast_head":"<!-- This site is optimized with the Yoast SEO plugin v27.4 - https:\/\/yoast.com\/product\/yoast-seo-wordpress\/ -->\n<title>Bougie d\u2019allumage Godin \u2013 300 W \/ 155 mm \u2013 Sans filetage (tige lisse) \u2013 C\u00e2ble 50 cm - granuluxfrance<\/title>\n<meta name=\"description\" content=\"Bougie d\u2019allumage Godin 300 W, 155 mm, sans filetage (tige lisse), diam\u00e8tre 9,9 mm, c\u00e2ble 50 cm. Compatible avec plusieurs mod\u00e8les de po\u00eales Godin.\" \/>\n<meta name=\"robots\" content=\"index, follow, max-snippet:-1, max-image-preview:large, max-video-preview:-1\" \/>\n<link rel=\"canonical\" href=\"https:\/\/granuluxfrance.com\/produit\/bougie-dallumage-godin-300-w-155-mm-sans-filetage-tige-lisse-cable-50-cm\/\" \/>\n<meta property=\"og:locale\" content=\"en_US\" \/>\n<meta property=\"og:type\" content=\"article\" \/>\n<meta property=\"og:title\" content=\"Bougie d\u2019allumage Godin \u2013 300 W \/ 155 mm \u2013 Sans filetage (tige lisse) \u2013 C\u00e2ble 50 cm - granuluxfrance\" \/>\n<meta property=\"og:description\" content=\"Bougie d\u2019allumage Godin 300 W, 155 mm, sans filetage (tige lisse), diam\u00e8tre 9,9 mm, c\u00e2ble 50 cm. Compatible avec plusieurs mod\u00e8les de po\u00eales Godin.\" \/>\n<meta property=\"og:url\" content=\"https:\/\/granuluxfrance.com\/produit\/bougie-dallumage-godin-300-w-155-mm-sans-filetage-tige-lisse-cable-50-cm\/\" \/>\n<meta property=\"og:site_name\" content=\"granuluxfrance\" \/>\n<meta property=\"article:modified_time\" content=\"2026-01-07T17:39:39+00:00\" \/>\n<meta property=\"og:image\" content=\"https:\/\/granuluxfrance.com\/wp-content\/uploads\/2025\/08\/file_00000000ccf471f4a2ac8b8d167716e1-1.png\" \/>\n\t<meta property=\"og:image:width\" content=\"1024\" \/>\n\t<meta property=\"og:image:height\" content=\"1536\" \/>\n\t<meta property=\"og:image:type\" content=\"image\/png\" \/>\n<meta name=\"twitter:card\" content=\"summary_large_image\" \/>\n<meta name=\"twitter:label1\" content=\"Est. reading time\" \/>\n\t<meta name=\"twitter:data1\" content=\"2 minutes\" \/>\n<script type=\"application\/ld+json\" class=\"yoast-schema-graph\">{\"@context\":\"https:\\\/\\\/schema.org\",\"@graph\":[{\"@type\":\"WebPage\",\"@id\":\"https:\\\/\\\/granuluxfrance.com\\\/produit\\\/bougie-dallumage-godin-300-w-155-mm-sans-filetage-tige-lisse-cable-50-cm\\\/\",\"url\":\"https:\\\/\\\/granuluxfrance.com\\\/produit\\\/bougie-dallumage-godin-300-w-155-mm-sans-filetage-tige-lisse-cable-50-cm\\\/\",\"name\":\"Bougie d\u2019allumage Godin \u2013 300 W \\\/ 155 mm \u2013 Sans filetage (tige lisse) \u2013 C\u00e2ble 50 cm - granuluxfrance\",\"isPartOf\":{\"@id\":\"https:\\\/\\\/granuluxfrance.com\\\/#website\"},\"primaryImageOfPage\":{\"@id\":\"https:\\\/\\\/granuluxfrance.com\\\/produit\\\/bougie-dallumage-godin-300-w-155-mm-sans-filetage-tige-lisse-cable-50-cm\\\/#primaryimage\"},\"image\":{\"@id\":\"https:\\\/\\\/granuluxfrance.com\\\/produit\\\/bougie-dallumage-godin-300-w-155-mm-sans-filetage-tige-lisse-cable-50-cm\\\/#primaryimage\"},\"thumbnailUrl\":\"https:\\\/\\\/granuluxfrance.com\\\/wp-content\\\/uploads\\\/2025\\\/08\\\/file_00000000ccf471f4a2ac8b8d167716e1-1.png\",\"datePublished\":\"2025-08-24T17:38:12+00:00\",\"dateModified\":\"2026-01-07T17:39:39+00:00\",\"description\":\"Bougie d\u2019allumage Godin 300 W, 155 mm, sans filetage (tige lisse), diam\u00e8tre 9,9 mm, c\u00e2ble 50 cm. Compatible avec plusieurs mod\u00e8les de po\u00eales Godin.\",\"breadcrumb\":{\"@id\":\"https:\\\/\\\/granuluxfrance.com\\\/produit\\\/bougie-dallumage-godin-300-w-155-mm-sans-filetage-tige-lisse-cable-50-cm\\\/#breadcrumb\"},\"inLanguage\":\"en-US\",\"potentialAction\":[{\"@type\":\"ReadAction\",\"target\":[\"https:\\\/\\\/granuluxfrance.com\\\/produit\\\/bougie-dallumage-godin-300-w-155-mm-sans-filetage-tige-lisse-cable-50-cm\\\/\"]}]},{\"@type\":\"ImageObject\",\"inLanguage\":\"en-US\",\"@id\":\"https:\\\/\\\/granuluxfrance.com\\\/produit\\\/bougie-dallumage-godin-300-w-155-mm-sans-filetage-tige-lisse-cable-50-cm\\\/#primaryimage\",\"url\":\"https:\\\/\\\/granuluxfrance.com\\\/wp-content\\\/uploads\\\/2025\\\/08\\\/file_00000000ccf471f4a2ac8b8d167716e1-1.png\",\"contentUrl\":\"https:\\\/\\\/granuluxfrance.com\\\/wp-content\\\/uploads\\\/2025\\\/08\\\/file_00000000ccf471f4a2ac8b8d167716e1-1.png\",\"width\":1024,\"height\":1536,\"caption\":\"Bougie d'allumage sans filetage\"},{\"@type\":\"BreadcrumbList\",\"@id\":\"https:\\\/\\\/granuluxfrance.com\\\/produit\\\/bougie-dallumage-godin-300-w-155-mm-sans-filetage-tige-lisse-cable-50-cm\\\/#breadcrumb\",\"itemListElement\":[{\"@type\":\"ListItem\",\"position\":1,\"name\":\"Accueil\",\"item\":\"https:\\\/\\\/granuluxfrance.com\\\/\"},{\"@type\":\"ListItem\",\"position\":2,\"name\":\"BOUTIQUE\",\"item\":\"https:\\\/\\\/granuluxfrance.com\\\/shop\\\/\"},{\"@type\":\"ListItem\",\"position\":3,\"name\":\"Bougie d\u2019allumage Godin \u2013 300 W \\\/ 155 mm \u2013 Sans filetage (tige lisse) \u2013 C\u00e2ble 50 cm\"}]},{\"@type\":\"WebSite\",\"@id\":\"https:\\\/\\\/granuluxfrance.com\\\/#website\",\"url\":\"https:\\\/\\\/granuluxfrance.com\\\/\",\"name\":\"granuluxfrance\",\"description\":\"\",\"publisher\":{\"@id\":\"https:\\\/\\\/granuluxfrance.com\\\/#organization\"},\"potentialAction\":[{\"@type\":\"SearchAction\",\"target\":{\"@type\":\"EntryPoint\",\"urlTemplate\":\"https:\\\/\\\/granuluxfrance.com\\\/?s={search_term_string}\"},\"query-input\":{\"@type\":\"PropertyValueSpecification\",\"valueRequired\":true,\"valueName\":\"search_term_string\"}}],\"inLanguage\":\"en-US\"},{\"@type\":\"Organization\",\"@id\":\"https:\\\/\\\/granuluxfrance.com\\\/#organization\",\"name\":\"granuluxfrance\",\"url\":\"https:\\\/\\\/granuluxfrance.com\\\/\",\"logo\":{\"@type\":\"ImageObject\",\"inLanguage\":\"en-US\",\"@id\":\"https:\\\/\\\/granuluxfrance.com\\\/#\\\/schema\\\/logo\\\/image\\\/\",\"url\":\"https:\\\/\\\/granuluxfrance.com\\\/wp-content\\\/uploads\\\/2025\\\/07\\\/Screenshot_259.png\",\"contentUrl\":\"https:\\\/\\\/granuluxfrance.com\\\/wp-content\\\/uploads\\\/2025\\\/07\\\/Screenshot_259.png\",\"width\":510,\"height\":382,\"caption\":\"granuluxfrance\"},\"image\":{\"@id\":\"https:\\\/\\\/granuluxfrance.com\\\/#\\\/schema\\\/logo\\\/image\\\/\"}}]}<\/script>\n<!-- \/ Yoast SEO plugin. -->","yoast_head_json":{"title":"Bougie d\u2019allumage Godin \u2013 300 W \/ 155 mm \u2013 Sans filetage (tige lisse) \u2013 C\u00e2ble 50 cm - granuluxfrance","description":"Bougie d\u2019allumage Godin 300 W, 155 mm, sans filetage (tige lisse), diam\u00e8tre 9,9 mm, c\u00e2ble 50 cm. Compatible avec plusieurs mod\u00e8les de po\u00eales Godin.","robots":{"index":"index","follow":"follow","max-snippet":"max-snippet:-1","max-image-preview":"max-image-preview:large","max-video-preview":"max-video-preview:-1"},"canonical":"https:\/\/granuluxfrance.com\/produit\/bougie-dallumage-godin-300-w-155-mm-sans-filetage-tige-lisse-cable-50-cm\/","og_locale":"en_US","og_type":"article","og_title":"Bougie d\u2019allumage Godin \u2013 300 W \/ 155 mm \u2013 Sans filetage (tige lisse) \u2013 C\u00e2ble 50 cm - granuluxfrance","og_description":"Bougie d\u2019allumage Godin 300 W, 155 mm, sans filetage (tige lisse), diam\u00e8tre 9,9 mm, c\u00e2ble 50 cm. Compatible avec plusieurs mod\u00e8les de po\u00eales Godin.","og_url":"https:\/\/granuluxfrance.com\/produit\/bougie-dallumage-godin-300-w-155-mm-sans-filetage-tige-lisse-cable-50-cm\/","og_site_name":"granuluxfrance","article_modified_time":"2026-01-07T17:39:39+00:00","og_image":[{"width":1024,"height":1536,"url":"https:\/\/granuluxfrance.com\/wp-content\/uploads\/2025\/08\/file_00000000ccf471f4a2ac8b8d167716e1-1.png","type":"image\/png"}],"twitter_card":"summary_large_image","twitter_misc":{"Est. reading time":"2 minutes"},"schema":{"@context":"https:\/\/schema.org","@graph":[{"@type":"WebPage","@id":"https:\/\/granuluxfrance.com\/produit\/bougie-dallumage-godin-300-w-155-mm-sans-filetage-tige-lisse-cable-50-cm\/","url":"https:\/\/granuluxfrance.com\/produit\/bougie-dallumage-godin-300-w-155-mm-sans-filetage-tige-lisse-cable-50-cm\/","name":"Bougie d\u2019allumage Godin \u2013 300 W \/ 155 mm \u2013 Sans filetage (tige lisse) \u2013 C\u00e2ble 50 cm - granuluxfrance","isPartOf":{"@id":"https:\/\/granuluxfrance.com\/#website"},"primaryImageOfPage":{"@id":"https:\/\/granuluxfrance.com\/produit\/bougie-dallumage-godin-300-w-155-mm-sans-filetage-tige-lisse-cable-50-cm\/#primaryimage"},"image":{"@id":"https:\/\/granuluxfrance.com\/produit\/bougie-dallumage-godin-300-w-155-mm-sans-filetage-tige-lisse-cable-50-cm\/#primaryimage"},"thumbnailUrl":"https:\/\/granuluxfrance.com\/wp-content\/uploads\/2025\/08\/file_00000000ccf471f4a2ac8b8d167716e1-1.png","datePublished":"2025-08-24T17:38:12+00:00","dateModified":"2026-01-07T17:39:39+00:00","description":"Bougie d\u2019allumage Godin 300 W, 155 mm, sans filetage (tige lisse), diam\u00e8tre 9,9 mm, c\u00e2ble 50 cm. Compatible avec plusieurs mod\u00e8les de po\u00eales Godin.","breadcrumb":{"@id":"https:\/\/granuluxfrance.com\/produit\/bougie-dallumage-godin-300-w-155-mm-sans-filetage-tige-lisse-cable-50-cm\/#breadcrumb"},"inLanguage":"en-US","potentialAction":[{"@type":"ReadAction","target":["https:\/\/granuluxfrance.com\/produit\/bougie-dallumage-godin-300-w-155-mm-sans-filetage-tige-lisse-cable-50-cm\/"]}]},{"@type":"ImageObject","inLanguage":"en-US","@id":"https:\/\/granuluxfrance.com\/produit\/bougie-dallumage-godin-300-w-155-mm-sans-filetage-tige-lisse-cable-50-cm\/#primaryimage","url":"https:\/\/granuluxfrance.com\/wp-content\/uploads\/2025\/08\/file_00000000ccf471f4a2ac8b8d167716e1-1.png","contentUrl":"https:\/\/granuluxfrance.com\/wp-content\/uploads\/2025\/08\/file_00000000ccf471f4a2ac8b8d167716e1-1.png","width":1024,"height":1536,"caption":"Bougie d'allumage sans filetage"},{"@type":"BreadcrumbList","@id":"https:\/\/granuluxfrance.com\/produit\/bougie-dallumage-godin-300-w-155-mm-sans-filetage-tige-lisse-cable-50-cm\/#breadcrumb","itemListElement":[{"@type":"ListItem","position":1,"name":"Accueil","item":"https:\/\/granuluxfrance.com\/"},{"@type":"ListItem","position":2,"name":"BOUTIQUE","item":"https:\/\/granuluxfrance.com\/shop\/"},{"@type":"ListItem","position":3,"name":"Bougie d\u2019allumage Godin \u2013 300 W \/ 155 mm \u2013 Sans filetage (tige lisse) \u2013 C\u00e2ble 50 cm"}]},{"@type":"WebSite","@id":"https:\/\/granuluxfrance.com\/#website","url":"https:\/\/granuluxfrance.com\/","name":"granuluxfrance","description":"","publisher":{"@id":"https:\/\/granuluxfrance.com\/#organization"},"potentialAction":[{"@type":"SearchAction","target":{"@type":"EntryPoint","urlTemplate":"https:\/\/granuluxfrance.com\/?s={search_term_string}"},"query-input":{"@type":"PropertyValueSpecification","valueRequired":true,"valueName":"search_term_string"}}],"inLanguage":"en-US"},{"@type":"Organization","@id":"https:\/\/granuluxfrance.com\/#organization","name":"granuluxfrance","url":"https:\/\/granuluxfrance.com\/","logo":{"@type":"ImageObject","inLanguage":"en-US","@id":"https:\/\/granuluxfrance.com\/#\/schema\/logo\/image\/","url":"https:\/\/granuluxfrance.com\/wp-content\/uploads\/2025\/07\/Screenshot_259.png","contentUrl":"https:\/\/granuluxfrance.com\/wp-content\/uploads\/2025\/07\/Screenshot_259.png","width":510,"height":382,"caption":"granuluxfrance"},"image":{"@id":"https:\/\/granuluxfrance.com\/#\/schema\/logo\/image\/"}}]}},"jetpack_sharing_enabled":true,"_links":{"self":[{"href":"https:\/\/granuluxfrance.com\/en\/wp-json\/wp\/v2\/product\/29921","targetHints":{"allow":["GET"]}}],"collection":[{"href":"https:\/\/granuluxfrance.com\/en\/wp-json\/wp\/v2\/product"}],"about":[{"href":"https:\/\/granuluxfrance.com\/en\/wp-json\/wp\/v2\/types\/product"}],"replies":[{"embeddable":true,"href":"https:\/\/granuluxfrance.com\/en\/wp-json\/wp\/v2\/comments?post=29921"}],"version-history":[{"count":3,"href":"https:\/\/granuluxfrance.com\/en\/wp-json\/wp\/v2\/product\/29921\/revisions"}],"predecessor-version":[{"id":30283,"href":"https:\/\/granuluxfrance.com\/en\/wp-json\/wp\/v2\/product\/29921\/revisions\/30283"}],"wp:featuredmedia":[{"embeddable":true,"href":"https:\/\/granuluxfrance.com\/en\/wp-json\/wp\/v2\/media\/30116"}],"wp:attachment":[{"href":"https:\/\/granuluxfrance.com\/en\/wp-json\/wp\/v2\/media?parent=29921"}],"wp:term":[{"taxonomy":"product_brand","embeddable":true,"href":"https:\/\/granuluxfrance.com\/en\/wp-json\/wp\/v2\/product_brand?post=29921"},{"taxonomy":"product_cat","embeddable":true,"href":"https:\/\/granuluxfrance.com\/en\/wp-json\/wp\/v2\/product_cat?post=29921"},{"taxonomy":"product_tag","embeddable":true,"href":"https:\/\/granuluxfrance.com\/en\/wp-json\/wp\/v2\/product_tag?post=29921"}],"curies":[{"name":"wp","href":"https:\/\/api.w.org\/{rel}","templated":true}]}}