{"id":29866,"date":"2025-08-20T13:32:29","date_gmt":"2025-08-20T13:32:29","guid":{"rendered":"https:\/\/granuluxfrance.com\/?post_type=product&#038;p=29866"},"modified":"2025-11-24T17:51:23","modified_gmt":"2025-11-24T17:51:23","slug":"bougie-dallumage-freepoint-280-w-150-mm-filetage-3-8-gaz-cable-50-cm","status":"publish","type":"product","link":"https:\/\/granuluxfrance.com\/en\/produit\/bougie-dallumage-freepoint-280-w-150-mm-filetage-3-8-gaz-cable-50-cm\/","title":{"rendered":"Bougie d\u2019allumage Freepoint \u2013 280 W \/ 150 mm \u2013 Filetage 3\/8 gaz \u2013 C\u00e2ble 50 cm"},"content":{"rendered":"<p>Am\u00e9liorez l\u2019allumage de votre po\u00eale <strong data-start=\"3611\" data-end=\"3624\">Freepoint<\/strong> avec cette bougie haute performance : 150 mm de longueur totale, 140 mm sous \u00e9crou, diam\u00e8tre 9,9 mm, puissance 280 W, fixation par filetage 3\/8 gaz, c\u00e2ble de 50 cm.<\/p>\n<h3 style=\"text-align: center;\">\u00a0Caract\u00e9ristiques techniques<\/h3>\n<table>\n<thead>\n<tr>\n<th>Caract\u00e9ristique<\/th>\n<th>Sp\u00e9cification<\/th>\n<\/tr>\n<\/thead>\n<tbody>\n<tr>\n<td>Fixation<\/td>\n<td>\u00c9crou 3\/8 gaz<\/td>\n<\/tr>\n<tr>\n<td>Longueur totale<\/td>\n<td>150 mm<\/td>\n<\/tr>\n<tr>\n<td>Longueur sous \u00e9crou<\/td>\n<td>140 mm<\/td>\n<\/tr>\n<tr>\n<td>Diam\u00e8tre<\/td>\n<td>9,9 mm<\/td>\n<\/tr>\n<tr>\n<td>Puissance<\/td>\n<td>280 W<\/td>\n<\/tr>\n<tr>\n<td>Longueur de c\u00e2ble<\/td>\n<td>50 cm<\/td>\n<\/tr>\n<\/tbody>\n<\/table>\n<p>&nbsp;<\/p>\n<p>&nbsp;<\/p>\n<h3 data-start=\"2164\" data-end=\"2188\">Pourquoi choisir\u00a0 cette bougie Freepoint?<\/h3>\n<p>La bougie <strong data-start=\"4298\" data-end=\"4326\">Freepoint 280 W \u2013 150 mm<\/strong> permet un d\u00e9marrage s\u00fbr et rapide de votre po\u00eale, m\u00eame en hiver, assurant des performances constantes.<\/p>\n<p>&nbsp;<\/p>\n<h3 style=\"text-align: center;\" data-start=\"2164\" data-end=\"2188\"><strong data-start=\"2168\" data-end=\"2186\">B\u00e9n\u00e9fices cl\u00e9s<\/strong><\/h3>\n<ul data-start=\"2189\" data-end=\"2385\">\n<li data-start=\"2189\" data-end=\"2225\">\n<p data-start=\"2191\" data-end=\"2225\">\ud83d\udd25 <strong data-start=\"2194\" data-end=\"2223\">Allumage rapide et fiable<\/strong><\/p>\n<\/li>\n<li data-start=\"2226\" data-end=\"2286\">\n<p data-start=\"2228\" data-end=\"2286\">\ud83d\udcaa <strong data-start=\"2231\" data-end=\"2255\">Mat\u00e9riaux r\u00e9sistants<\/strong> pour une longue dur\u00e9e de vie<\/p>\n<\/li>\n<li data-start=\"2287\" data-end=\"2340\">\n<p data-start=\"2289\" data-end=\"2340\">\u26a1 <strong data-start=\"2291\" data-end=\"2312\">Puissance adapt\u00e9e<\/strong> pour un rendement optimal<\/p>\n<\/li>\n<li data-start=\"2341\" data-end=\"2385\">\n<p data-start=\"2343\" data-end=\"2385\">\ud83d\udce6 <strong data-start=\"2346\" data-end=\"2383\">Livraison rapide depuis la France<\/strong><\/p>\n<\/li>\n<\/ul>\n","protected":false},"excerpt":{"rendered":"<h3 style=\"text-align: center;\">Po\u00eales compatibles<\/h3>\n<p style=\"text-align: center;\" data-start=\"1661\" data-end=\"1805\"><strong>Deux cosses m\u00e2le-femelle isol\u00e9es offertes avec votre bougie.<\/strong><\/p>\n<p data-start=\"1661\" data-end=\"1805\">Compatible avec plusieurs po\u00eales <strong data-start=\"3956\" data-end=\"3969\">Freepoint<\/strong>, notamment :<\/p>\n<table border=\"1\" cellspacing=\"0\" cellpadding=\"6\">\n<thead>\n<tr>\n<th>Lettre<\/th>\n<th>Mod\u00e8les<\/th>\n<\/tr>\n<\/thead>\n<tbody>\n<tr>\n<td>A<\/td>\n<td>Accent At, Alessia, Amaranto 9, Atrium5, Atlantic 25<\/td>\n<\/tr>\n<tr>\n<td>B<\/td>\n<td>Beam At, Breeze, Breeze At WiFi<\/td>\n<\/tr>\n<tr>\n<td>C<\/td>\n<td>Chrome 5 At, Chrome 7 At, Comfort 80<\/td>\n<\/tr>\n<tr>\n<td>D<\/td>\n<td>Duke 12 AT Bi-Flux, Duke 12 Bi-Flux T2, Duke 12 T2, Duke 12 Airtight, Duke 14 AT Bi-Flux, Duke 14 Bi-Flux T2, Duke 14 T2, Duke 14 Airtight<\/td>\n<\/tr>\n<tr>\n<td>E<\/td>\n<td>Easy, Elan, Elan Evo<\/td>\n<\/tr>\n<tr>\n<td>F<\/td>\n<td>Flute<\/td>\n<\/tr>\n<tr>\n<td>G<\/td>\n<td>Gioia, Glass, Globe, Globe Airtight<\/td>\n<\/tr>\n<tr>\n<td>I<\/td>\n<td>Indigo, Indigo Evo<\/td>\n<\/tr>\n<tr>\n<td>J<\/td>\n<td>Joy, Joy Airtight<\/td>\n<\/tr>\n<tr>\n<td>K<\/td>\n<td>Kami, Kami Evo<\/td>\n<\/tr>\n<tr>\n<td>L<\/td>\n<td>Life 9, Life 9 BI-FLUX, Life 9 UP<\/td>\n<\/tr>\n<tr>\n<td>M<\/td>\n<td>Mary, Mika, Mika Evo, Miriam, Modo At<\/td>\n<\/tr>\n<tr>\n<td>O<\/td>\n<td>One At<\/td>\n<\/tr>\n<tr>\n<td>P<\/td>\n<td>Pretty<\/td>\n<\/tr>\n<tr>\n<td>R<\/td>\n<td>Roxy 7Kw, Roxy Stand<\/td>\n<\/tr>\n<tr>\n<td>S<\/td>\n<td>Sharp, Sharp At Wifi, Small, Square, Steel 9, Steel 9 BI-FLUX, Steel 9 UP, Style<\/td>\n<\/tr>\n<tr>\n<td>T<\/td>\n<td>Trend<\/td>\n<\/tr>\n<tr>\n<td>V<\/td>\n<td>Vega, Vega Airtight, Vega GH, Vega SL AT, Verve, Verve Airtight<\/td>\n<\/tr>\n<tr>\n<td>Z<\/td>\n<td>Zen<\/td>\n<\/tr>\n<\/tbody>\n<\/table>\n<p data-start=\"1661\" data-end=\"1805\">V\u00e9rifiez toujours la compatibilit\u00e9 avec le mod\u00e8le exact de votre appareil avant commande.<\/p>\n<p data-start=\"1809\" data-end=\"1880\">\n","protected":false},"featured_media":30102,"comment_status":"open","ping_status":"closed","template":"","meta":[],"product_brand":[136],"product_cat":[72,135],"product_tag":[130,103],"class_list":{"0":"post-29866","1":"product","2":"type-product","3":"status-publish","4":"has-post-thumbnail","6":"product_brand-freepoint","7":"product_cat-bougie-dallumage-poeles-a-granules-pellets","8":"product_cat-freepoint","9":"product_tag-150-mm","10":"product_tag-bougie","12":"first","13":"instock","14":"taxable","15":"shipping-taxable","16":"purchasable","17":"product-type-variable","18":"has-default-attributes"},"yoast_head":"<!-- This site is optimized with the Yoast SEO plugin v27.4 - https:\/\/yoast.com\/product\/yoast-seo-wordpress\/ -->\n<title>Bougie d\u2019allumage Freepoint \u2013 280 W \/ 150 mm \u2013 Filetage 3\/8 gaz \u2013 C\u00e2ble 50 cm - granuluxfrance<\/title>\n<meta name=\"description\" content=\"Bougie d\u2019allumage Freepoint 280 W, 150 mm, filetage 3\/8 gaz, c\u00e2ble 50 cm. Compatible avec de nombreux mod\u00e8les Freepoint (Comfort, Pretty, etc.).\" \/>\n<meta name=\"robots\" content=\"index, follow, max-snippet:-1, max-image-preview:large, max-video-preview:-1\" \/>\n<link rel=\"canonical\" href=\"https:\/\/granuluxfrance.com\/produit\/bougie-dallumage-freepoint-280-w-150-mm-filetage-3-8-gaz-cable-50-cm\/\" \/>\n<meta property=\"og:locale\" content=\"en_US\" \/>\n<meta property=\"og:type\" content=\"article\" \/>\n<meta property=\"og:title\" content=\"Bougie d\u2019allumage Freepoint \u2013 280 W \/ 150 mm \u2013 Filetage 3\/8 gaz \u2013 C\u00e2ble 50 cm - granuluxfrance\" \/>\n<meta property=\"og:description\" content=\"Bougie d\u2019allumage Freepoint 280 W, 150 mm, filetage 3\/8 gaz, c\u00e2ble 50 cm. Compatible avec de nombreux mod\u00e8les Freepoint (Comfort, Pretty, etc.).\" \/>\n<meta property=\"og:url\" content=\"https:\/\/granuluxfrance.com\/produit\/bougie-dallumage-freepoint-280-w-150-mm-filetage-3-8-gaz-cable-50-cm\/\" \/>\n<meta property=\"og:site_name\" content=\"granuluxfrance\" \/>\n<meta property=\"article:modified_time\" content=\"2025-11-24T17:51:23+00:00\" \/>\n<meta property=\"og:image\" content=\"https:\/\/granuluxfrance.com\/wp-content\/uploads\/2025\/08\/Bougie-140-mm-de-long.webp\" \/>\n\t<meta property=\"og:image:width\" content=\"1024\" \/>\n\t<meta property=\"og:image:height\" content=\"1536\" \/>\n\t<meta property=\"og:image:type\" content=\"image\/webp\" \/>\n<meta name=\"twitter:card\" content=\"summary_large_image\" \/>\n<meta name=\"twitter:label1\" content=\"Est. reading time\" \/>\n\t<meta name=\"twitter:data1\" content=\"1 minute\" \/>\n<script type=\"application\/ld+json\" class=\"yoast-schema-graph\">{\"@context\":\"https:\\\/\\\/schema.org\",\"@graph\":[{\"@type\":\"WebPage\",\"@id\":\"https:\\\/\\\/granuluxfrance.com\\\/produit\\\/bougie-dallumage-freepoint-280-w-150-mm-filetage-3-8-gaz-cable-50-cm\\\/\",\"url\":\"https:\\\/\\\/granuluxfrance.com\\\/produit\\\/bougie-dallumage-freepoint-280-w-150-mm-filetage-3-8-gaz-cable-50-cm\\\/\",\"name\":\"Bougie d\u2019allumage Freepoint \u2013 280 W \\\/ 150 mm \u2013 Filetage 3\\\/8 gaz \u2013 C\u00e2ble 50 cm - granuluxfrance\",\"isPartOf\":{\"@id\":\"https:\\\/\\\/granuluxfrance.com\\\/#website\"},\"primaryImageOfPage\":{\"@id\":\"https:\\\/\\\/granuluxfrance.com\\\/produit\\\/bougie-dallumage-freepoint-280-w-150-mm-filetage-3-8-gaz-cable-50-cm\\\/#primaryimage\"},\"image\":{\"@id\":\"https:\\\/\\\/granuluxfrance.com\\\/produit\\\/bougie-dallumage-freepoint-280-w-150-mm-filetage-3-8-gaz-cable-50-cm\\\/#primaryimage\"},\"thumbnailUrl\":\"https:\\\/\\\/granuluxfrance.com\\\/wp-content\\\/uploads\\\/2025\\\/08\\\/Bougie-140-mm-de-long.webp\",\"datePublished\":\"2025-08-20T13:32:29+00:00\",\"dateModified\":\"2025-11-24T17:51:23+00:00\",\"description\":\"Bougie d\u2019allumage Freepoint 280 W, 150 mm, filetage 3\\\/8 gaz, c\u00e2ble 50 cm. Compatible avec de nombreux mod\u00e8les Freepoint (Comfort, Pretty, etc.).\",\"breadcrumb\":{\"@id\":\"https:\\\/\\\/granuluxfrance.com\\\/produit\\\/bougie-dallumage-freepoint-280-w-150-mm-filetage-3-8-gaz-cable-50-cm\\\/#breadcrumb\"},\"inLanguage\":\"en-US\",\"potentialAction\":[{\"@type\":\"ReadAction\",\"target\":[\"https:\\\/\\\/granuluxfrance.com\\\/produit\\\/bougie-dallumage-freepoint-280-w-150-mm-filetage-3-8-gaz-cable-50-cm\\\/\"]}]},{\"@type\":\"ImageObject\",\"inLanguage\":\"en-US\",\"@id\":\"https:\\\/\\\/granuluxfrance.com\\\/produit\\\/bougie-dallumage-freepoint-280-w-150-mm-filetage-3-8-gaz-cable-50-cm\\\/#primaryimage\",\"url\":\"https:\\\/\\\/granuluxfrance.com\\\/wp-content\\\/uploads\\\/2025\\\/08\\\/Bougie-140-mm-de-long.webp\",\"contentUrl\":\"https:\\\/\\\/granuluxfrance.com\\\/wp-content\\\/uploads\\\/2025\\\/08\\\/Bougie-140-mm-de-long.webp\",\"width\":1024,\"height\":1536,\"caption\":\"bougie-AMG\"},{\"@type\":\"BreadcrumbList\",\"@id\":\"https:\\\/\\\/granuluxfrance.com\\\/produit\\\/bougie-dallumage-freepoint-280-w-150-mm-filetage-3-8-gaz-cable-50-cm\\\/#breadcrumb\",\"itemListElement\":[{\"@type\":\"ListItem\",\"position\":1,\"name\":\"Accueil\",\"item\":\"https:\\\/\\\/granuluxfrance.com\\\/\"},{\"@type\":\"ListItem\",\"position\":2,\"name\":\"BOUTIQUE\",\"item\":\"https:\\\/\\\/granuluxfrance.com\\\/shop\\\/\"},{\"@type\":\"ListItem\",\"position\":3,\"name\":\"Bougie d\u2019allumage Freepoint \u2013 280 W \\\/ 150 mm \u2013 Filetage 3\\\/8 gaz \u2013 C\u00e2ble 50 cm\"}]},{\"@type\":\"WebSite\",\"@id\":\"https:\\\/\\\/granuluxfrance.com\\\/#website\",\"url\":\"https:\\\/\\\/granuluxfrance.com\\\/\",\"name\":\"granuluxfrance\",\"description\":\"\",\"publisher\":{\"@id\":\"https:\\\/\\\/granuluxfrance.com\\\/#organization\"},\"potentialAction\":[{\"@type\":\"SearchAction\",\"target\":{\"@type\":\"EntryPoint\",\"urlTemplate\":\"https:\\\/\\\/granuluxfrance.com\\\/?s={search_term_string}\"},\"query-input\":{\"@type\":\"PropertyValueSpecification\",\"valueRequired\":true,\"valueName\":\"search_term_string\"}}],\"inLanguage\":\"en-US\"},{\"@type\":\"Organization\",\"@id\":\"https:\\\/\\\/granuluxfrance.com\\\/#organization\",\"name\":\"granuluxfrance\",\"url\":\"https:\\\/\\\/granuluxfrance.com\\\/\",\"logo\":{\"@type\":\"ImageObject\",\"inLanguage\":\"en-US\",\"@id\":\"https:\\\/\\\/granuluxfrance.com\\\/#\\\/schema\\\/logo\\\/image\\\/\",\"url\":\"https:\\\/\\\/granuluxfrance.com\\\/wp-content\\\/uploads\\\/2025\\\/07\\\/Screenshot_259.png\",\"contentUrl\":\"https:\\\/\\\/granuluxfrance.com\\\/wp-content\\\/uploads\\\/2025\\\/07\\\/Screenshot_259.png\",\"width\":510,\"height\":382,\"caption\":\"granuluxfrance\"},\"image\":{\"@id\":\"https:\\\/\\\/granuluxfrance.com\\\/#\\\/schema\\\/logo\\\/image\\\/\"}}]}<\/script>\n<!-- \/ Yoast SEO plugin. -->","yoast_head_json":{"title":"Bougie d\u2019allumage Freepoint \u2013 280 W \/ 150 mm \u2013 Filetage 3\/8 gaz \u2013 C\u00e2ble 50 cm - granuluxfrance","description":"Bougie d\u2019allumage Freepoint 280 W, 150 mm, filetage 3\/8 gaz, c\u00e2ble 50 cm. Compatible avec de nombreux mod\u00e8les Freepoint (Comfort, Pretty, etc.).","robots":{"index":"index","follow":"follow","max-snippet":"max-snippet:-1","max-image-preview":"max-image-preview:large","max-video-preview":"max-video-preview:-1"},"canonical":"https:\/\/granuluxfrance.com\/produit\/bougie-dallumage-freepoint-280-w-150-mm-filetage-3-8-gaz-cable-50-cm\/","og_locale":"en_US","og_type":"article","og_title":"Bougie d\u2019allumage Freepoint \u2013 280 W \/ 150 mm \u2013 Filetage 3\/8 gaz \u2013 C\u00e2ble 50 cm - granuluxfrance","og_description":"Bougie d\u2019allumage Freepoint 280 W, 150 mm, filetage 3\/8 gaz, c\u00e2ble 50 cm. Compatible avec de nombreux mod\u00e8les Freepoint (Comfort, Pretty, etc.).","og_url":"https:\/\/granuluxfrance.com\/produit\/bougie-dallumage-freepoint-280-w-150-mm-filetage-3-8-gaz-cable-50-cm\/","og_site_name":"granuluxfrance","article_modified_time":"2025-11-24T17:51:23+00:00","og_image":[{"width":1024,"height":1536,"url":"https:\/\/granuluxfrance.com\/wp-content\/uploads\/2025\/08\/Bougie-140-mm-de-long.webp","type":"image\/webp"}],"twitter_card":"summary_large_image","twitter_misc":{"Est. reading time":"1 minute"},"schema":{"@context":"https:\/\/schema.org","@graph":[{"@type":"WebPage","@id":"https:\/\/granuluxfrance.com\/produit\/bougie-dallumage-freepoint-280-w-150-mm-filetage-3-8-gaz-cable-50-cm\/","url":"https:\/\/granuluxfrance.com\/produit\/bougie-dallumage-freepoint-280-w-150-mm-filetage-3-8-gaz-cable-50-cm\/","name":"Bougie d\u2019allumage Freepoint \u2013 280 W \/ 150 mm \u2013 Filetage 3\/8 gaz \u2013 C\u00e2ble 50 cm - granuluxfrance","isPartOf":{"@id":"https:\/\/granuluxfrance.com\/#website"},"primaryImageOfPage":{"@id":"https:\/\/granuluxfrance.com\/produit\/bougie-dallumage-freepoint-280-w-150-mm-filetage-3-8-gaz-cable-50-cm\/#primaryimage"},"image":{"@id":"https:\/\/granuluxfrance.com\/produit\/bougie-dallumage-freepoint-280-w-150-mm-filetage-3-8-gaz-cable-50-cm\/#primaryimage"},"thumbnailUrl":"https:\/\/granuluxfrance.com\/wp-content\/uploads\/2025\/08\/Bougie-140-mm-de-long.webp","datePublished":"2025-08-20T13:32:29+00:00","dateModified":"2025-11-24T17:51:23+00:00","description":"Bougie d\u2019allumage Freepoint 280 W, 150 mm, filetage 3\/8 gaz, c\u00e2ble 50 cm. Compatible avec de nombreux mod\u00e8les Freepoint (Comfort, Pretty, etc.).","breadcrumb":{"@id":"https:\/\/granuluxfrance.com\/produit\/bougie-dallumage-freepoint-280-w-150-mm-filetage-3-8-gaz-cable-50-cm\/#breadcrumb"},"inLanguage":"en-US","potentialAction":[{"@type":"ReadAction","target":["https:\/\/granuluxfrance.com\/produit\/bougie-dallumage-freepoint-280-w-150-mm-filetage-3-8-gaz-cable-50-cm\/"]}]},{"@type":"ImageObject","inLanguage":"en-US","@id":"https:\/\/granuluxfrance.com\/produit\/bougie-dallumage-freepoint-280-w-150-mm-filetage-3-8-gaz-cable-50-cm\/#primaryimage","url":"https:\/\/granuluxfrance.com\/wp-content\/uploads\/2025\/08\/Bougie-140-mm-de-long.webp","contentUrl":"https:\/\/granuluxfrance.com\/wp-content\/uploads\/2025\/08\/Bougie-140-mm-de-long.webp","width":1024,"height":1536,"caption":"bougie-AMG"},{"@type":"BreadcrumbList","@id":"https:\/\/granuluxfrance.com\/produit\/bougie-dallumage-freepoint-280-w-150-mm-filetage-3-8-gaz-cable-50-cm\/#breadcrumb","itemListElement":[{"@type":"ListItem","position":1,"name":"Accueil","item":"https:\/\/granuluxfrance.com\/"},{"@type":"ListItem","position":2,"name":"BOUTIQUE","item":"https:\/\/granuluxfrance.com\/shop\/"},{"@type":"ListItem","position":3,"name":"Bougie d\u2019allumage Freepoint \u2013 280 W \/ 150 mm \u2013 Filetage 3\/8 gaz \u2013 C\u00e2ble 50 cm"}]},{"@type":"WebSite","@id":"https:\/\/granuluxfrance.com\/#website","url":"https:\/\/granuluxfrance.com\/","name":"granuluxfrance","description":"","publisher":{"@id":"https:\/\/granuluxfrance.com\/#organization"},"potentialAction":[{"@type":"SearchAction","target":{"@type":"EntryPoint","urlTemplate":"https:\/\/granuluxfrance.com\/?s={search_term_string}"},"query-input":{"@type":"PropertyValueSpecification","valueRequired":true,"valueName":"search_term_string"}}],"inLanguage":"en-US"},{"@type":"Organization","@id":"https:\/\/granuluxfrance.com\/#organization","name":"granuluxfrance","url":"https:\/\/granuluxfrance.com\/","logo":{"@type":"ImageObject","inLanguage":"en-US","@id":"https:\/\/granuluxfrance.com\/#\/schema\/logo\/image\/","url":"https:\/\/granuluxfrance.com\/wp-content\/uploads\/2025\/07\/Screenshot_259.png","contentUrl":"https:\/\/granuluxfrance.com\/wp-content\/uploads\/2025\/07\/Screenshot_259.png","width":510,"height":382,"caption":"granuluxfrance"},"image":{"@id":"https:\/\/granuluxfrance.com\/#\/schema\/logo\/image\/"}}]}},"jetpack_sharing_enabled":true,"_links":{"self":[{"href":"https:\/\/granuluxfrance.com\/en\/wp-json\/wp\/v2\/product\/29866","targetHints":{"allow":["GET"]}}],"collection":[{"href":"https:\/\/granuluxfrance.com\/en\/wp-json\/wp\/v2\/product"}],"about":[{"href":"https:\/\/granuluxfrance.com\/en\/wp-json\/wp\/v2\/types\/product"}],"replies":[{"embeddable":true,"href":"https:\/\/granuluxfrance.com\/en\/wp-json\/wp\/v2\/comments?post=29866"}],"version-history":[{"count":3,"href":"https:\/\/granuluxfrance.com\/en\/wp-json\/wp\/v2\/product\/29866\/revisions"}],"predecessor-version":[{"id":30334,"href":"https:\/\/granuluxfrance.com\/en\/wp-json\/wp\/v2\/product\/29866\/revisions\/30334"}],"wp:featuredmedia":[{"embeddable":true,"href":"https:\/\/granuluxfrance.com\/en\/wp-json\/wp\/v2\/media\/30102"}],"wp:attachment":[{"href":"https:\/\/granuluxfrance.com\/en\/wp-json\/wp\/v2\/media?parent=29866"}],"wp:term":[{"taxonomy":"product_brand","embeddable":true,"href":"https:\/\/granuluxfrance.com\/en\/wp-json\/wp\/v2\/product_brand?post=29866"},{"taxonomy":"product_cat","embeddable":true,"href":"https:\/\/granuluxfrance.com\/en\/wp-json\/wp\/v2\/product_cat?post=29866"},{"taxonomy":"product_tag","embeddable":true,"href":"https:\/\/granuluxfrance.com\/en\/wp-json\/wp\/v2\/product_tag?post=29866"}],"curies":[{"name":"wp","href":"https:\/\/api.w.org\/{rel}","templated":true}]}}