{"id":29861,"date":"2025-08-19T20:36:04","date_gmt":"2025-08-19T20:36:04","guid":{"rendered":"https:\/\/granuluxfrance.com\/?post_type=product&#038;p=29861"},"modified":"2025-11-24T18:10:17","modified_gmt":"2025-11-24T18:10:17","slug":"bougie-dallumage-cadel-280-w-150-mm-filetage-3-8-gaz-cable-50-cm","status":"publish","type":"product","link":"https:\/\/granuluxfrance.com\/en\/produit\/bougie-dallumage-cadel-280-w-150-mm-filetage-3-8-gaz-cable-50-cm\/","title":{"rendered":"Bougie d\u2019allumage Cadel \u2013 280 W \/ 150 mm \u2013 Filetage 3\/8 gaz \u2013 C\u00e2ble 50 cm"},"content":{"rendered":"<p>Optimisez l\u2019allumage de votre po\u00eale \u00e0 granul\u00e9s avec cette bougie d\u2019allumage <strong data-start=\"449\" data-end=\"458\">Cadel<\/strong>, conforme aux sp\u00e9cifications techniques exigeantes : fixation par \u00e9crou 3\/8 gaz, longueur totale de 150 mm, longueur utile sous \u00e9crou de 140 mm, diam\u00e8tre de 9,9 mm, puissance de 280 W, c\u00e2ble de 50 cm. Fiable et robuste, c\u2019est le choix id\u00e9al pour un allumage performant et durable.<\/p>\n<h3 style=\"text-align: center;\">\u00a0Caract\u00e9ristiques techniques<\/h3>\n<table>\n<thead>\n<tr>\n<th>Caract\u00e9ristique<\/th>\n<th>Sp\u00e9cification<\/th>\n<\/tr>\n<\/thead>\n<tbody>\n<tr>\n<td>Fixation<\/td>\n<td>\u00c9crou 3\/8 gaz<\/td>\n<\/tr>\n<tr>\n<td>Longueur totale<\/td>\n<td>150 mm<\/td>\n<\/tr>\n<tr>\n<td>Longueur sous \u00e9crou<\/td>\n<td>140 mm<\/td>\n<\/tr>\n<tr>\n<td>Diam\u00e8tre<\/td>\n<td>9,9 mm<\/td>\n<\/tr>\n<tr>\n<td>Puissance<\/td>\n<td>280 W<\/td>\n<\/tr>\n<tr>\n<td>Longueur de c\u00e2ble<\/td>\n<td>50 cm<\/td>\n<\/tr>\n<\/tbody>\n<\/table>\n<p>&nbsp;<\/p>\n<p>&nbsp;<\/p>\n<h3 data-start=\"2164\" data-end=\"2188\">Pourquoi choisir\u00a0 cette bougie Cadel ?<\/h3>\n<p>La bougie d\u2019allumage <strong data-start=\"1741\" data-end=\"1765\">Cadel 280 W \u2013 150 mm<\/strong> assure un d\u00e9marrage homog\u00e8ne et s\u00e9curis\u00e9 de votre po\u00eale. Son c\u00e2ble long de 50 cm et son filetage standard facilitent l\u2019installation. Elle est id\u00e9ale pour pr\u00e9server la performance et la dur\u00e9e de vie de votre po\u00eale.<\/p>\n<p>&nbsp;<\/p>\n<h3 style=\"text-align: center;\" data-start=\"2164\" data-end=\"2188\"><strong data-start=\"2168\" data-end=\"2186\">B\u00e9n\u00e9fices cl\u00e9s<\/strong><\/h3>\n<ul data-start=\"2189\" data-end=\"2385\">\n<li data-start=\"2189\" data-end=\"2225\">\n<p data-start=\"2191\" data-end=\"2225\">\ud83d\udd25 <strong data-start=\"2194\" data-end=\"2223\">Allumage rapide et fiable<\/strong><\/p>\n<\/li>\n<li data-start=\"2226\" data-end=\"2286\">\n<p data-start=\"2228\" data-end=\"2286\">\ud83d\udcaa <strong data-start=\"2231\" data-end=\"2255\">Mat\u00e9riaux r\u00e9sistants<\/strong> pour une longue dur\u00e9e de vie<\/p>\n<\/li>\n<li data-start=\"2287\" data-end=\"2340\">\n<p data-start=\"2289\" data-end=\"2340\">\u26a1 <strong data-start=\"2291\" data-end=\"2312\">Puissance adapt\u00e9e<\/strong> pour un rendement optimal<\/p>\n<\/li>\n<li data-start=\"2341\" data-end=\"2385\">\n<p data-start=\"2343\" data-end=\"2385\">\ud83d\udce6 <strong data-start=\"2346\" data-end=\"2383\">Livraison rapide depuis la France<\/strong><\/p>\n<\/li>\n<\/ul>\n","protected":false},"excerpt":{"rendered":"<h3 style=\"text-align: center;\">Po\u00eales compatibles<\/h3>\n<p style=\"text-align: center;\" data-start=\"1661\" data-end=\"1805\"><strong>Deux cosses m\u00e2le-femelle isol\u00e9es offertes avec votre bougie.<\/strong><\/p>\n<p data-start=\"1661\" data-end=\"1805\">Cette bougie est <strong data-start=\"913\" data-end=\"933\">100 % compatible<\/strong> avec de nombreux po\u00eales \u00e0 granul\u00e9s de la marque <strong>Cadel:<\/strong><\/p>\n<table border=\"1\" cellspacing=\"0\" cellpadding=\"6\">\n<thead>\n<tr>\n<th>Lettre<\/th>\n<th>Mod\u00e8les<\/th>\n<\/tr>\n<\/thead>\n<tbody>\n<tr>\n<td>A<\/td>\n<td>Atena3 Plus 12, Atena3 Plus 14<\/td>\n<\/tr>\n<tr>\n<td>B<\/td>\n<td>Bistrot3, Bistrot3 Lounge<\/td>\n<\/tr>\n<tr>\n<td>C<\/td>\n<td>Chanel, Cloe, Cloe3, Cristal 7 Kw, Cristal 8,5 Kw, Cristal 9, Cristal Plus 9, Cristal3 7 KW, Cristal3 7 UP, Cristal3 7KW WiFi, Cristal3 8,5, Cristal3 8,5 KW WIFI<\/td>\n<\/tr>\n<tr>\n<td>D<\/td>\n<td>Diana, Doge Plus, Doge Plus &#8211; Doge3 Plus, Doge3 Plus<\/td>\n<\/tr>\n<tr>\n<td>E<\/td>\n<td>Elegant, Elise3, Elise3 Plus, Eolo, Evo, Evo3 &#8211; 7 kW, Evo3 &#8211; 8,5 kW<\/td>\n<\/tr>\n<tr>\n<td>F<\/td>\n<td>Frame3 7KW, Frame3 9KW, Frame3 UP<\/td>\n<\/tr>\n<tr>\n<td>G<\/td>\n<td>Glass, Grace 3 Wifi, Grace 7, Grace 7 UP, Grace3, Grace3 7kW Wifi<\/td>\n<\/tr>\n<tr>\n<td>H<\/td>\n<td>Horizon PLUS<\/td>\n<\/tr>\n<tr>\n<td>I<\/td>\n<td>Icon Plus 9<\/td>\n<\/tr>\n<tr>\n<td>K<\/td>\n<td>Kriss, Kriss3 &#8211; 7 KW WiFi, Kriss3 &#8211; 7KW, Kriss3 &#8211; 8,5 KW WiFi, Kriss3 &#8211; 8,5KW, Kriss3 &#8211; 9 KW WiFi<\/td>\n<\/tr>\n<tr>\n<td>L<\/td>\n<td>Lean Plus, Lean3 PLUS<\/td>\n<\/tr>\n<tr>\n<td>M<\/td>\n<td>Martina, Melody, Miki, Mithos Plus 12 PS, Mithos Plus 14 PS, Mithos3 Plus 12, Mithos3 Plus 12 UP, Mithos3 Plus 14, Mithos3 Plus 14 UP, Moon<\/td>\n<\/tr>\n<tr>\n<td>N<\/td>\n<td>Nice<\/td>\n<\/tr>\n<tr>\n<td>P<\/td>\n<td>Perla3, Perla3 7KW, Prince, Prince3, Prince3 Plus, Prince3 Plus WiFi, Prince3 WiFi<\/td>\n<\/tr>\n<tr>\n<td>Q<\/td>\n<td>Quasimodo3 UP<\/td>\n<\/tr>\n<tr>\n<td>R<\/td>\n<td>Rondo3, Rond\u00f2<\/td>\n<\/tr>\n<tr>\n<td>S<\/td>\n<td>Sfera, Sfera &#8211; Sfera3, Sfera 3 Plus WiFi, Sfera 3 WiFi, Sfera GLASS, Sfera Plus, Sfera Plus &#8211; Sfera3 Plus, Sfera Plus GLASS, Sfera3, Sfera3 Plus, Sfera3 Plus Glass, Shell3, Shell3 Metallo\/Stell\/Acier\/Metall, Shell3 Natural Acrylic Stone, Shell3 PS, Shell3 UP, Sire Plus, Sire Plus &#8211; Sire3 Plus, Sire3 Plus, Solaris, Sound PS, Sound3 5 UP, Sound3 7 UP, Spirit3, Spirit3 &#8211; 5KW WiFi, Sweet, Sweet3, Sweet3 7KW, Sweet3 7KW WiFi<\/td>\n<\/tr>\n<tr>\n<td>T<\/td>\n<td>Talas3, Tecna, Tecna3, Tile Plus 10, Tile3 Plus<\/td>\n<\/tr>\n<tr>\n<td>V<\/td>\n<td>Vanessa, Venus, Venus3 Plus<\/td>\n<\/tr>\n<tr>\n<td>W<\/td>\n<td>Wall, Wall3 Plus, Wall3 Plus WiFi<\/td>\n<\/tr>\n<tr>\n<td>Z<\/td>\n<td>Zefiro3<\/td>\n<\/tr>\n<\/tbody>\n<\/table>\n<p data-start=\"1661\" data-end=\"1805\">V\u00e9rifiez toujours la compatibilit\u00e9 avec le mod\u00e8le exact de votre appareil avant commande.<\/p>\n<p data-start=\"1809\" data-end=\"1880\">\n","protected":false},"featured_media":30102,"comment_status":"open","ping_status":"closed","template":"","meta":[],"product_brand":[132],"product_cat":[72,131],"product_tag":[130,103],"class_list":{"0":"post-29861","1":"product","2":"type-product","3":"status-publish","4":"has-post-thumbnail","6":"product_brand-cadel","7":"product_cat-bougie-dallumage-poeles-a-granules-pellets","8":"product_cat-cadel","9":"product_tag-150-mm","10":"product_tag-bougie","12":"first","13":"instock","14":"taxable","15":"shipping-taxable","16":"purchasable","17":"product-type-variable","18":"has-default-attributes"},"yoast_head":"<!-- This site is optimized with the Yoast SEO plugin v27.4 - https:\/\/yoast.com\/product\/yoast-seo-wordpress\/ -->\n<title>Bougie d\u2019allumage Cadel \u2013 280 W \/ 150 mm \u2013 Filetage 3\/8 gaz \u2013 C\u00e2ble 50 cm - granuluxfrance<\/title>\n<meta name=\"description\" content=\"Bougie d\u2019allumage Cadel 280 W, 150 mm, filetage 3\/8 gaz, c\u00e2ble 50 cm. Compatible avec plusieurs mod\u00e8les Cadel (Cristalia, Maya, Sweet, etc.).\" \/>\n<meta name=\"robots\" content=\"index, follow, max-snippet:-1, max-image-preview:large, max-video-preview:-1\" \/>\n<link rel=\"canonical\" href=\"https:\/\/granuluxfrance.com\/produit\/bougie-dallumage-cadel-280-w-150-mm-filetage-3-8-gaz-cable-50-cm\/\" \/>\n<meta property=\"og:locale\" content=\"en_US\" \/>\n<meta property=\"og:type\" content=\"article\" \/>\n<meta property=\"og:title\" content=\"Bougie d\u2019allumage Cadel \u2013 280 W \/ 150 mm \u2013 Filetage 3\/8 gaz \u2013 C\u00e2ble 50 cm - granuluxfrance\" \/>\n<meta property=\"og:description\" content=\"Bougie d\u2019allumage Cadel 280 W, 150 mm, filetage 3\/8 gaz, c\u00e2ble 50 cm. Compatible avec plusieurs mod\u00e8les Cadel (Cristalia, Maya, Sweet, etc.).\" \/>\n<meta property=\"og:url\" content=\"https:\/\/granuluxfrance.com\/produit\/bougie-dallumage-cadel-280-w-150-mm-filetage-3-8-gaz-cable-50-cm\/\" \/>\n<meta property=\"og:site_name\" content=\"granuluxfrance\" \/>\n<meta property=\"article:modified_time\" content=\"2025-11-24T18:10:17+00:00\" \/>\n<meta property=\"og:image\" content=\"https:\/\/granuluxfrance.com\/wp-content\/uploads\/2025\/08\/Bougie-140-mm-de-long.webp\" \/>\n\t<meta property=\"og:image:width\" content=\"1024\" \/>\n\t<meta property=\"og:image:height\" content=\"1536\" \/>\n\t<meta property=\"og:image:type\" content=\"image\/webp\" \/>\n<meta name=\"twitter:card\" content=\"summary_large_image\" \/>\n<meta name=\"twitter:label1\" content=\"Est. reading time\" \/>\n\t<meta name=\"twitter:data1\" content=\"2 minutes\" \/>\n<script type=\"application\/ld+json\" class=\"yoast-schema-graph\">{\"@context\":\"https:\\\/\\\/schema.org\",\"@graph\":[{\"@type\":\"WebPage\",\"@id\":\"https:\\\/\\\/granuluxfrance.com\\\/produit\\\/bougie-dallumage-cadel-280-w-150-mm-filetage-3-8-gaz-cable-50-cm\\\/\",\"url\":\"https:\\\/\\\/granuluxfrance.com\\\/produit\\\/bougie-dallumage-cadel-280-w-150-mm-filetage-3-8-gaz-cable-50-cm\\\/\",\"name\":\"Bougie d\u2019allumage Cadel \u2013 280 W \\\/ 150 mm \u2013 Filetage 3\\\/8 gaz \u2013 C\u00e2ble 50 cm - granuluxfrance\",\"isPartOf\":{\"@id\":\"https:\\\/\\\/granuluxfrance.com\\\/#website\"},\"primaryImageOfPage\":{\"@id\":\"https:\\\/\\\/granuluxfrance.com\\\/produit\\\/bougie-dallumage-cadel-280-w-150-mm-filetage-3-8-gaz-cable-50-cm\\\/#primaryimage\"},\"image\":{\"@id\":\"https:\\\/\\\/granuluxfrance.com\\\/produit\\\/bougie-dallumage-cadel-280-w-150-mm-filetage-3-8-gaz-cable-50-cm\\\/#primaryimage\"},\"thumbnailUrl\":\"https:\\\/\\\/granuluxfrance.com\\\/wp-content\\\/uploads\\\/2025\\\/08\\\/Bougie-140-mm-de-long.webp\",\"datePublished\":\"2025-08-19T20:36:04+00:00\",\"dateModified\":\"2025-11-24T18:10:17+00:00\",\"description\":\"Bougie d\u2019allumage Cadel 280 W, 150 mm, filetage 3\\\/8 gaz, c\u00e2ble 50 cm. Compatible avec plusieurs mod\u00e8les Cadel (Cristalia, Maya, Sweet, etc.).\",\"breadcrumb\":{\"@id\":\"https:\\\/\\\/granuluxfrance.com\\\/produit\\\/bougie-dallumage-cadel-280-w-150-mm-filetage-3-8-gaz-cable-50-cm\\\/#breadcrumb\"},\"inLanguage\":\"en-US\",\"potentialAction\":[{\"@type\":\"ReadAction\",\"target\":[\"https:\\\/\\\/granuluxfrance.com\\\/produit\\\/bougie-dallumage-cadel-280-w-150-mm-filetage-3-8-gaz-cable-50-cm\\\/\"]}]},{\"@type\":\"ImageObject\",\"inLanguage\":\"en-US\",\"@id\":\"https:\\\/\\\/granuluxfrance.com\\\/produit\\\/bougie-dallumage-cadel-280-w-150-mm-filetage-3-8-gaz-cable-50-cm\\\/#primaryimage\",\"url\":\"https:\\\/\\\/granuluxfrance.com\\\/wp-content\\\/uploads\\\/2025\\\/08\\\/Bougie-140-mm-de-long.webp\",\"contentUrl\":\"https:\\\/\\\/granuluxfrance.com\\\/wp-content\\\/uploads\\\/2025\\\/08\\\/Bougie-140-mm-de-long.webp\",\"width\":1024,\"height\":1536,\"caption\":\"bougie-AMG\"},{\"@type\":\"BreadcrumbList\",\"@id\":\"https:\\\/\\\/granuluxfrance.com\\\/produit\\\/bougie-dallumage-cadel-280-w-150-mm-filetage-3-8-gaz-cable-50-cm\\\/#breadcrumb\",\"itemListElement\":[{\"@type\":\"ListItem\",\"position\":1,\"name\":\"Accueil\",\"item\":\"https:\\\/\\\/granuluxfrance.com\\\/\"},{\"@type\":\"ListItem\",\"position\":2,\"name\":\"BOUTIQUE\",\"item\":\"https:\\\/\\\/granuluxfrance.com\\\/shop\\\/\"},{\"@type\":\"ListItem\",\"position\":3,\"name\":\"Bougie d\u2019allumage Cadel \u2013 280 W \\\/ 150 mm \u2013 Filetage 3\\\/8 gaz \u2013 C\u00e2ble 50 cm\"}]},{\"@type\":\"WebSite\",\"@id\":\"https:\\\/\\\/granuluxfrance.com\\\/#website\",\"url\":\"https:\\\/\\\/granuluxfrance.com\\\/\",\"name\":\"granuluxfrance\",\"description\":\"\",\"publisher\":{\"@id\":\"https:\\\/\\\/granuluxfrance.com\\\/#organization\"},\"potentialAction\":[{\"@type\":\"SearchAction\",\"target\":{\"@type\":\"EntryPoint\",\"urlTemplate\":\"https:\\\/\\\/granuluxfrance.com\\\/?s={search_term_string}\"},\"query-input\":{\"@type\":\"PropertyValueSpecification\",\"valueRequired\":true,\"valueName\":\"search_term_string\"}}],\"inLanguage\":\"en-US\"},{\"@type\":\"Organization\",\"@id\":\"https:\\\/\\\/granuluxfrance.com\\\/#organization\",\"name\":\"granuluxfrance\",\"url\":\"https:\\\/\\\/granuluxfrance.com\\\/\",\"logo\":{\"@type\":\"ImageObject\",\"inLanguage\":\"en-US\",\"@id\":\"https:\\\/\\\/granuluxfrance.com\\\/#\\\/schema\\\/logo\\\/image\\\/\",\"url\":\"https:\\\/\\\/granuluxfrance.com\\\/wp-content\\\/uploads\\\/2025\\\/07\\\/Screenshot_259.png\",\"contentUrl\":\"https:\\\/\\\/granuluxfrance.com\\\/wp-content\\\/uploads\\\/2025\\\/07\\\/Screenshot_259.png\",\"width\":510,\"height\":382,\"caption\":\"granuluxfrance\"},\"image\":{\"@id\":\"https:\\\/\\\/granuluxfrance.com\\\/#\\\/schema\\\/logo\\\/image\\\/\"}}]}<\/script>\n<!-- \/ Yoast SEO plugin. -->","yoast_head_json":{"title":"Bougie d\u2019allumage Cadel \u2013 280 W \/ 150 mm \u2013 Filetage 3\/8 gaz \u2013 C\u00e2ble 50 cm - granuluxfrance","description":"Bougie d\u2019allumage Cadel 280 W, 150 mm, filetage 3\/8 gaz, c\u00e2ble 50 cm. Compatible avec plusieurs mod\u00e8les Cadel (Cristalia, Maya, Sweet, etc.).","robots":{"index":"index","follow":"follow","max-snippet":"max-snippet:-1","max-image-preview":"max-image-preview:large","max-video-preview":"max-video-preview:-1"},"canonical":"https:\/\/granuluxfrance.com\/produit\/bougie-dallumage-cadel-280-w-150-mm-filetage-3-8-gaz-cable-50-cm\/","og_locale":"en_US","og_type":"article","og_title":"Bougie d\u2019allumage Cadel \u2013 280 W \/ 150 mm \u2013 Filetage 3\/8 gaz \u2013 C\u00e2ble 50 cm - granuluxfrance","og_description":"Bougie d\u2019allumage Cadel 280 W, 150 mm, filetage 3\/8 gaz, c\u00e2ble 50 cm. Compatible avec plusieurs mod\u00e8les Cadel (Cristalia, Maya, Sweet, etc.).","og_url":"https:\/\/granuluxfrance.com\/produit\/bougie-dallumage-cadel-280-w-150-mm-filetage-3-8-gaz-cable-50-cm\/","og_site_name":"granuluxfrance","article_modified_time":"2025-11-24T18:10:17+00:00","og_image":[{"width":1024,"height":1536,"url":"https:\/\/granuluxfrance.com\/wp-content\/uploads\/2025\/08\/Bougie-140-mm-de-long.webp","type":"image\/webp"}],"twitter_card":"summary_large_image","twitter_misc":{"Est. reading time":"2 minutes"},"schema":{"@context":"https:\/\/schema.org","@graph":[{"@type":"WebPage","@id":"https:\/\/granuluxfrance.com\/produit\/bougie-dallumage-cadel-280-w-150-mm-filetage-3-8-gaz-cable-50-cm\/","url":"https:\/\/granuluxfrance.com\/produit\/bougie-dallumage-cadel-280-w-150-mm-filetage-3-8-gaz-cable-50-cm\/","name":"Bougie d\u2019allumage Cadel \u2013 280 W \/ 150 mm \u2013 Filetage 3\/8 gaz \u2013 C\u00e2ble 50 cm - granuluxfrance","isPartOf":{"@id":"https:\/\/granuluxfrance.com\/#website"},"primaryImageOfPage":{"@id":"https:\/\/granuluxfrance.com\/produit\/bougie-dallumage-cadel-280-w-150-mm-filetage-3-8-gaz-cable-50-cm\/#primaryimage"},"image":{"@id":"https:\/\/granuluxfrance.com\/produit\/bougie-dallumage-cadel-280-w-150-mm-filetage-3-8-gaz-cable-50-cm\/#primaryimage"},"thumbnailUrl":"https:\/\/granuluxfrance.com\/wp-content\/uploads\/2025\/08\/Bougie-140-mm-de-long.webp","datePublished":"2025-08-19T20:36:04+00:00","dateModified":"2025-11-24T18:10:17+00:00","description":"Bougie d\u2019allumage Cadel 280 W, 150 mm, filetage 3\/8 gaz, c\u00e2ble 50 cm. Compatible avec plusieurs mod\u00e8les Cadel (Cristalia, Maya, Sweet, etc.).","breadcrumb":{"@id":"https:\/\/granuluxfrance.com\/produit\/bougie-dallumage-cadel-280-w-150-mm-filetage-3-8-gaz-cable-50-cm\/#breadcrumb"},"inLanguage":"en-US","potentialAction":[{"@type":"ReadAction","target":["https:\/\/granuluxfrance.com\/produit\/bougie-dallumage-cadel-280-w-150-mm-filetage-3-8-gaz-cable-50-cm\/"]}]},{"@type":"ImageObject","inLanguage":"en-US","@id":"https:\/\/granuluxfrance.com\/produit\/bougie-dallumage-cadel-280-w-150-mm-filetage-3-8-gaz-cable-50-cm\/#primaryimage","url":"https:\/\/granuluxfrance.com\/wp-content\/uploads\/2025\/08\/Bougie-140-mm-de-long.webp","contentUrl":"https:\/\/granuluxfrance.com\/wp-content\/uploads\/2025\/08\/Bougie-140-mm-de-long.webp","width":1024,"height":1536,"caption":"bougie-AMG"},{"@type":"BreadcrumbList","@id":"https:\/\/granuluxfrance.com\/produit\/bougie-dallumage-cadel-280-w-150-mm-filetage-3-8-gaz-cable-50-cm\/#breadcrumb","itemListElement":[{"@type":"ListItem","position":1,"name":"Accueil","item":"https:\/\/granuluxfrance.com\/"},{"@type":"ListItem","position":2,"name":"BOUTIQUE","item":"https:\/\/granuluxfrance.com\/shop\/"},{"@type":"ListItem","position":3,"name":"Bougie d\u2019allumage Cadel \u2013 280 W \/ 150 mm \u2013 Filetage 3\/8 gaz \u2013 C\u00e2ble 50 cm"}]},{"@type":"WebSite","@id":"https:\/\/granuluxfrance.com\/#website","url":"https:\/\/granuluxfrance.com\/","name":"granuluxfrance","description":"","publisher":{"@id":"https:\/\/granuluxfrance.com\/#organization"},"potentialAction":[{"@type":"SearchAction","target":{"@type":"EntryPoint","urlTemplate":"https:\/\/granuluxfrance.com\/?s={search_term_string}"},"query-input":{"@type":"PropertyValueSpecification","valueRequired":true,"valueName":"search_term_string"}}],"inLanguage":"en-US"},{"@type":"Organization","@id":"https:\/\/granuluxfrance.com\/#organization","name":"granuluxfrance","url":"https:\/\/granuluxfrance.com\/","logo":{"@type":"ImageObject","inLanguage":"en-US","@id":"https:\/\/granuluxfrance.com\/#\/schema\/logo\/image\/","url":"https:\/\/granuluxfrance.com\/wp-content\/uploads\/2025\/07\/Screenshot_259.png","contentUrl":"https:\/\/granuluxfrance.com\/wp-content\/uploads\/2025\/07\/Screenshot_259.png","width":510,"height":382,"caption":"granuluxfrance"},"image":{"@id":"https:\/\/granuluxfrance.com\/#\/schema\/logo\/image\/"}}]}},"jetpack_sharing_enabled":true,"_links":{"self":[{"href":"https:\/\/granuluxfrance.com\/en\/wp-json\/wp\/v2\/product\/29861","targetHints":{"allow":["GET"]}}],"collection":[{"href":"https:\/\/granuluxfrance.com\/en\/wp-json\/wp\/v2\/product"}],"about":[{"href":"https:\/\/granuluxfrance.com\/en\/wp-json\/wp\/v2\/types\/product"}],"replies":[{"embeddable":true,"href":"https:\/\/granuluxfrance.com\/en\/wp-json\/wp\/v2\/comments?post=29861"}],"version-history":[{"count":5,"href":"https:\/\/granuluxfrance.com\/en\/wp-json\/wp\/v2\/product\/29861\/revisions"}],"predecessor-version":[{"id":29873,"href":"https:\/\/granuluxfrance.com\/en\/wp-json\/wp\/v2\/product\/29861\/revisions\/29873"}],"wp:featuredmedia":[{"embeddable":true,"href":"https:\/\/granuluxfrance.com\/en\/wp-json\/wp\/v2\/media\/30102"}],"wp:attachment":[{"href":"https:\/\/granuluxfrance.com\/en\/wp-json\/wp\/v2\/media?parent=29861"}],"wp:term":[{"taxonomy":"product_brand","embeddable":true,"href":"https:\/\/granuluxfrance.com\/en\/wp-json\/wp\/v2\/product_brand?post=29861"},{"taxonomy":"product_cat","embeddable":true,"href":"https:\/\/granuluxfrance.com\/en\/wp-json\/wp\/v2\/product_cat?post=29861"},{"taxonomy":"product_tag","embeddable":true,"href":"https:\/\/granuluxfrance.com\/en\/wp-json\/wp\/v2\/product_tag?post=29861"}],"curies":[{"name":"wp","href":"https:\/\/api.w.org\/{rel}","templated":true}]}}