{"id":29804,"date":"2025-08-12T18:00:24","date_gmt":"2025-08-12T18:00:24","guid":{"rendered":"https:\/\/granuluxfrance.com\/?post_type=product&#038;p=29804"},"modified":"2026-01-02T00:37:18","modified_gmt":"2026-01-01T23:37:18","slug":"bougie-dallumage-amg-270-w-140-mm-filetage-3-8-gaz-cable-50-cm","status":"publish","type":"product","link":"https:\/\/granuluxfrance.com\/en\/produit\/bougie-dallumage-amg-270-w-140-mm-filetage-3-8-gaz-cable-50-cm\/","title":{"rendered":"Bougie d\u2019allumage AMG \u2013 270 W \/ 140 mm \u2013 Filetage 3\/8 gaz \u2013 C\u00e2ble 50 cm"},"content":{"rendered":"<p>Optimisez l\u2019allumage de votre po\u00eale \u00e0 granul\u00e9s avec cette <strong data-start=\"846\" data-end=\"871\">bougie d\u2019allumage AMG<\/strong> de haute qualit\u00e9. Con\u00e7ue pour assurer un d\u00e9marrage rapide, stable et durable, elle respecte les sp\u00e9cifications techniques d\u2019origine afin de garantir la compatibilit\u00e9 avec votre po\u00eale AMG.<\/p>\n<h3 style=\"text-align: center;\">\u00a0Caract\u00e9ristiques techniques<\/h3>\n<p>&nbsp;<\/p>\n<table>\n<thead>\n<tr>\n<th style=\"text-align: left;\">Caract\u00e9ristique<\/th>\n<th>Sp\u00e9cification<\/th>\n<\/tr>\n<\/thead>\n<tbody>\n<tr>\n<td><strong>Fixation<\/strong><\/td>\n<td>\u00c9crou 3\/8 gaz<\/td>\n<\/tr>\n<tr>\n<td><strong>Longueur totale<\/strong><\/td>\n<td>140 mm<\/td>\n<\/tr>\n<tr>\n<td><strong>Longueur sous \u00e9crou<\/strong><\/td>\n<td>130 mm<\/td>\n<\/tr>\n<tr>\n<td><strong>Diam\u00e8tre<\/strong><\/td>\n<td>9,9 mm<\/td>\n<\/tr>\n<tr>\n<td><strong>Puissance<\/strong><\/td>\n<td>270 W<\/td>\n<\/tr>\n<tr>\n<td><strong>Longueur de c\u00e2ble<\/strong><\/td>\n<td>50 cm<\/td>\n<\/tr>\n<\/tbody>\n<\/table>\n<p>&nbsp;<\/p>\n<h3 style=\"text-align: center;\" data-start=\"2164\" data-end=\"2188\"><strong data-start=\"2168\" data-end=\"2186\">B\u00e9n\u00e9fices cl\u00e9s<\/strong><\/h3>\n<ul data-start=\"2189\" data-end=\"2385\">\n<li data-start=\"2189\" data-end=\"2225\">\n<p data-start=\"2191\" data-end=\"2225\">\ud83d\udd25 <strong data-start=\"2194\" data-end=\"2223\">Allumage rapide et fiable<\/strong><\/p>\n<\/li>\n<li data-start=\"2226\" data-end=\"2286\">\n<p data-start=\"2228\" data-end=\"2286\">\ud83d\udcaa <strong data-start=\"2231\" data-end=\"2255\">Mat\u00e9riaux r\u00e9sistants<\/strong> pour une longue dur\u00e9e de vie<\/p>\n<\/li>\n<li data-start=\"2287\" data-end=\"2340\">\n<p data-start=\"2289\" data-end=\"2340\">\u26a1 <strong data-start=\"2291\" data-end=\"2312\">Puissance adapt\u00e9e<\/strong> pour un rendement optimal<\/p>\n<\/li>\n<li data-start=\"2341\" data-end=\"2385\">\n<p data-start=\"2343\" data-end=\"2385\">\ud83d\udce6 <strong data-start=\"2346\" data-end=\"2383\">Livraison rapide depuis la France<\/strong><\/p>\n<\/li>\n<\/ul>\n","protected":false},"excerpt":{"rendered":"<h3 style=\"text-align: center;\">Po\u00eales compatibles<\/h3>\n<p style=\"text-align: center;\" data-start=\"1661\" data-end=\"1805\"><strong>Deux cosses m\u00e2le-femelle isol\u00e9es offertes avec votre bougie.<\/strong><\/p>\n<p data-start=\"1661\" data-end=\"1805\">Cette bougie est couramment utilis\u00e9e sur diff\u00e9rents mod\u00e8les de po\u00eales AMG :<\/p>\n<p data-start=\"1809\" data-end=\"1880\"><strong data-start=\"1809\" data-end=\"1816\">AMG<\/strong> : mod\u00e8les standards utilisant bougie 270 W \/ 140 mm \/ 3\/8 gaz<\/p>\n","protected":false},"featured_media":30102,"comment_status":"open","ping_status":"closed","template":"","meta":[],"product_brand":[91],"product_cat":[85,72],"product_tag":[112,103],"class_list":{"0":"post-29804","1":"product","2":"type-product","3":"status-publish","4":"has-post-thumbnail","6":"product_brand-amg","7":"product_cat-bougie-amg","8":"product_cat-bougie-dallumage-poeles-a-granules-pellets","9":"product_tag-140-mm","10":"product_tag-bougie","12":"first","13":"instock","14":"sale","15":"taxable","16":"shipping-taxable","17":"purchasable","18":"product-type-variable","19":"has-default-attributes"},"yoast_head":"<!-- This site is optimized with the Yoast SEO plugin v27.4 - https:\/\/yoast.com\/product\/yoast-seo-wordpress\/ -->\n<title>Bougie d\u2019allumage AMG \u2013 270 W \/ 140 mm \u2013 Filetage 3\/8 gaz \u2013 C\u00e2ble 50 cm - granuluxfrance<\/title>\n<meta name=\"description\" content=\"Cette bougie d\u2019allumage AMG pour po\u00eale \u00e0 granul\u00e9s est id\u00e9ale en remplacement de votre r\u00e9sistance d\u2019origine. Sa puissance de 270 W et son format 140 mm assurent une chauffe rapide du granul\u00e9, permettant un allumage efficace m\u00eame en hiver rigoureux. Sa fixation par \u00e9crou 3\/8 gaz et son c\u00e2ble de 50 cm la rendent facile \u00e0 installer. Cette pi\u00e8ce est un investissement s\u00fbr pour prolonger la dur\u00e9e de vie de votre appareil.\" \/>\n<meta name=\"robots\" content=\"index, follow, max-snippet:-1, max-image-preview:large, max-video-preview:-1\" \/>\n<link rel=\"canonical\" href=\"https:\/\/granuluxfrance.com\/produit\/bougie-dallumage-amg-270-w-140-mm-filetage-3-8-gaz-cable-50-cm\/\" \/>\n<meta property=\"og:locale\" content=\"en_US\" \/>\n<meta property=\"og:type\" content=\"article\" \/>\n<meta property=\"og:title\" content=\"Bougie d\u2019allumage AMG \u2013 270 W \/ 140 mm \u2013 Filetage 3\/8 gaz \u2013 C\u00e2ble 50 cm - granuluxfrance\" \/>\n<meta property=\"og:description\" content=\"Cette bougie d\u2019allumage AMG pour po\u00eale \u00e0 granul\u00e9s est id\u00e9ale en remplacement de votre r\u00e9sistance d\u2019origine. Sa puissance de 270 W et son format 140 mm assurent une chauffe rapide du granul\u00e9, permettant un allumage efficace m\u00eame en hiver rigoureux. Sa fixation par \u00e9crou 3\/8 gaz et son c\u00e2ble de 50 cm la rendent facile \u00e0 installer. Cette pi\u00e8ce est un investissement s\u00fbr pour prolonger la dur\u00e9e de vie de votre appareil.\" \/>\n<meta property=\"og:url\" content=\"https:\/\/granuluxfrance.com\/produit\/bougie-dallumage-amg-270-w-140-mm-filetage-3-8-gaz-cable-50-cm\/\" \/>\n<meta property=\"og:site_name\" content=\"granuluxfrance\" \/>\n<meta property=\"article:modified_time\" content=\"2026-01-01T23:37:18+00:00\" \/>\n<meta property=\"og:image\" content=\"https:\/\/granuluxfrance.com\/wp-content\/uploads\/2025\/08\/Bougie-140-mm-de-long.webp\" \/>\n\t<meta property=\"og:image:width\" content=\"1024\" \/>\n\t<meta property=\"og:image:height\" content=\"1536\" \/>\n\t<meta property=\"og:image:type\" content=\"image\/webp\" \/>\n<meta name=\"twitter:card\" content=\"summary_large_image\" \/>\n<meta name=\"twitter:label1\" content=\"Est. reading time\" \/>\n\t<meta name=\"twitter:data1\" content=\"1 minute\" \/>\n<script type=\"application\/ld+json\" class=\"yoast-schema-graph\">{\"@context\":\"https:\\\/\\\/schema.org\",\"@graph\":[{\"@type\":\"WebPage\",\"@id\":\"https:\\\/\\\/granuluxfrance.com\\\/produit\\\/bougie-dallumage-amg-270-w-140-mm-filetage-3-8-gaz-cable-50-cm\\\/\",\"url\":\"https:\\\/\\\/granuluxfrance.com\\\/produit\\\/bougie-dallumage-amg-270-w-140-mm-filetage-3-8-gaz-cable-50-cm\\\/\",\"name\":\"Bougie d\u2019allumage AMG \u2013 270 W \\\/ 140 mm \u2013 Filetage 3\\\/8 gaz \u2013 C\u00e2ble 50 cm - granuluxfrance\",\"isPartOf\":{\"@id\":\"https:\\\/\\\/granuluxfrance.com\\\/#website\"},\"primaryImageOfPage\":{\"@id\":\"https:\\\/\\\/granuluxfrance.com\\\/produit\\\/bougie-dallumage-amg-270-w-140-mm-filetage-3-8-gaz-cable-50-cm\\\/#primaryimage\"},\"image\":{\"@id\":\"https:\\\/\\\/granuluxfrance.com\\\/produit\\\/bougie-dallumage-amg-270-w-140-mm-filetage-3-8-gaz-cable-50-cm\\\/#primaryimage\"},\"thumbnailUrl\":\"https:\\\/\\\/granuluxfrance.com\\\/wp-content\\\/uploads\\\/2025\\\/08\\\/Bougie-140-mm-de-long.webp\",\"datePublished\":\"2025-08-12T18:00:24+00:00\",\"dateModified\":\"2026-01-01T23:37:18+00:00\",\"description\":\"Cette bougie d\u2019allumage AMG pour po\u00eale \u00e0 granul\u00e9s est id\u00e9ale en remplacement de votre r\u00e9sistance d\u2019origine. Sa puissance de 270 W et son format 140 mm assurent une chauffe rapide du granul\u00e9, permettant un allumage efficace m\u00eame en hiver rigoureux. Sa fixation par \u00e9crou 3\\\/8 gaz et son c\u00e2ble de 50 cm la rendent facile \u00e0 installer. Cette pi\u00e8ce est un investissement s\u00fbr pour prolonger la dur\u00e9e de vie de votre appareil.\",\"breadcrumb\":{\"@id\":\"https:\\\/\\\/granuluxfrance.com\\\/produit\\\/bougie-dallumage-amg-270-w-140-mm-filetage-3-8-gaz-cable-50-cm\\\/#breadcrumb\"},\"inLanguage\":\"en-US\",\"potentialAction\":[{\"@type\":\"ReadAction\",\"target\":[\"https:\\\/\\\/granuluxfrance.com\\\/produit\\\/bougie-dallumage-amg-270-w-140-mm-filetage-3-8-gaz-cable-50-cm\\\/\"]}]},{\"@type\":\"ImageObject\",\"inLanguage\":\"en-US\",\"@id\":\"https:\\\/\\\/granuluxfrance.com\\\/produit\\\/bougie-dallumage-amg-270-w-140-mm-filetage-3-8-gaz-cable-50-cm\\\/#primaryimage\",\"url\":\"https:\\\/\\\/granuluxfrance.com\\\/wp-content\\\/uploads\\\/2025\\\/08\\\/Bougie-140-mm-de-long.webp\",\"contentUrl\":\"https:\\\/\\\/granuluxfrance.com\\\/wp-content\\\/uploads\\\/2025\\\/08\\\/Bougie-140-mm-de-long.webp\",\"width\":1024,\"height\":1536,\"caption\":\"bougie-AMG\"},{\"@type\":\"BreadcrumbList\",\"@id\":\"https:\\\/\\\/granuluxfrance.com\\\/produit\\\/bougie-dallumage-amg-270-w-140-mm-filetage-3-8-gaz-cable-50-cm\\\/#breadcrumb\",\"itemListElement\":[{\"@type\":\"ListItem\",\"position\":1,\"name\":\"Accueil\",\"item\":\"https:\\\/\\\/granuluxfrance.com\\\/\"},{\"@type\":\"ListItem\",\"position\":2,\"name\":\"BOUTIQUE\",\"item\":\"https:\\\/\\\/granuluxfrance.com\\\/shop\\\/\"},{\"@type\":\"ListItem\",\"position\":3,\"name\":\"Bougie d\u2019allumage AMG \u2013 270 W \\\/ 140 mm \u2013 Filetage 3\\\/8 gaz \u2013 C\u00e2ble 50 cm\"}]},{\"@type\":\"WebSite\",\"@id\":\"https:\\\/\\\/granuluxfrance.com\\\/#website\",\"url\":\"https:\\\/\\\/granuluxfrance.com\\\/\",\"name\":\"granuluxfrance\",\"description\":\"\",\"publisher\":{\"@id\":\"https:\\\/\\\/granuluxfrance.com\\\/#organization\"},\"potentialAction\":[{\"@type\":\"SearchAction\",\"target\":{\"@type\":\"EntryPoint\",\"urlTemplate\":\"https:\\\/\\\/granuluxfrance.com\\\/?s={search_term_string}\"},\"query-input\":{\"@type\":\"PropertyValueSpecification\",\"valueRequired\":true,\"valueName\":\"search_term_string\"}}],\"inLanguage\":\"en-US\"},{\"@type\":\"Organization\",\"@id\":\"https:\\\/\\\/granuluxfrance.com\\\/#organization\",\"name\":\"granuluxfrance\",\"url\":\"https:\\\/\\\/granuluxfrance.com\\\/\",\"logo\":{\"@type\":\"ImageObject\",\"inLanguage\":\"en-US\",\"@id\":\"https:\\\/\\\/granuluxfrance.com\\\/#\\\/schema\\\/logo\\\/image\\\/\",\"url\":\"https:\\\/\\\/granuluxfrance.com\\\/wp-content\\\/uploads\\\/2025\\\/07\\\/Screenshot_259.png\",\"contentUrl\":\"https:\\\/\\\/granuluxfrance.com\\\/wp-content\\\/uploads\\\/2025\\\/07\\\/Screenshot_259.png\",\"width\":510,\"height\":382,\"caption\":\"granuluxfrance\"},\"image\":{\"@id\":\"https:\\\/\\\/granuluxfrance.com\\\/#\\\/schema\\\/logo\\\/image\\\/\"}}]}<\/script>\n<!-- \/ Yoast SEO plugin. -->","yoast_head_json":{"title":"Bougie d\u2019allumage AMG \u2013 270 W \/ 140 mm \u2013 Filetage 3\/8 gaz \u2013 C\u00e2ble 50 cm - granuluxfrance","description":"Cette bougie d\u2019allumage AMG pour po\u00eale \u00e0 granul\u00e9s est id\u00e9ale en remplacement de votre r\u00e9sistance d\u2019origine. Sa puissance de 270 W et son format 140 mm assurent une chauffe rapide du granul\u00e9, permettant un allumage efficace m\u00eame en hiver rigoureux. Sa fixation par \u00e9crou 3\/8 gaz et son c\u00e2ble de 50 cm la rendent facile \u00e0 installer. Cette pi\u00e8ce est un investissement s\u00fbr pour prolonger la dur\u00e9e de vie de votre appareil.","robots":{"index":"index","follow":"follow","max-snippet":"max-snippet:-1","max-image-preview":"max-image-preview:large","max-video-preview":"max-video-preview:-1"},"canonical":"https:\/\/granuluxfrance.com\/produit\/bougie-dallumage-amg-270-w-140-mm-filetage-3-8-gaz-cable-50-cm\/","og_locale":"en_US","og_type":"article","og_title":"Bougie d\u2019allumage AMG \u2013 270 W \/ 140 mm \u2013 Filetage 3\/8 gaz \u2013 C\u00e2ble 50 cm - granuluxfrance","og_description":"Cette bougie d\u2019allumage AMG pour po\u00eale \u00e0 granul\u00e9s est id\u00e9ale en remplacement de votre r\u00e9sistance d\u2019origine. Sa puissance de 270 W et son format 140 mm assurent une chauffe rapide du granul\u00e9, permettant un allumage efficace m\u00eame en hiver rigoureux. Sa fixation par \u00e9crou 3\/8 gaz et son c\u00e2ble de 50 cm la rendent facile \u00e0 installer. Cette pi\u00e8ce est un investissement s\u00fbr pour prolonger la dur\u00e9e de vie de votre appareil.","og_url":"https:\/\/granuluxfrance.com\/produit\/bougie-dallumage-amg-270-w-140-mm-filetage-3-8-gaz-cable-50-cm\/","og_site_name":"granuluxfrance","article_modified_time":"2026-01-01T23:37:18+00:00","og_image":[{"width":1024,"height":1536,"url":"https:\/\/granuluxfrance.com\/wp-content\/uploads\/2025\/08\/Bougie-140-mm-de-long.webp","type":"image\/webp"}],"twitter_card":"summary_large_image","twitter_misc":{"Est. reading time":"1 minute"},"schema":{"@context":"https:\/\/schema.org","@graph":[{"@type":"WebPage","@id":"https:\/\/granuluxfrance.com\/produit\/bougie-dallumage-amg-270-w-140-mm-filetage-3-8-gaz-cable-50-cm\/","url":"https:\/\/granuluxfrance.com\/produit\/bougie-dallumage-amg-270-w-140-mm-filetage-3-8-gaz-cable-50-cm\/","name":"Bougie d\u2019allumage AMG \u2013 270 W \/ 140 mm \u2013 Filetage 3\/8 gaz \u2013 C\u00e2ble 50 cm - granuluxfrance","isPartOf":{"@id":"https:\/\/granuluxfrance.com\/#website"},"primaryImageOfPage":{"@id":"https:\/\/granuluxfrance.com\/produit\/bougie-dallumage-amg-270-w-140-mm-filetage-3-8-gaz-cable-50-cm\/#primaryimage"},"image":{"@id":"https:\/\/granuluxfrance.com\/produit\/bougie-dallumage-amg-270-w-140-mm-filetage-3-8-gaz-cable-50-cm\/#primaryimage"},"thumbnailUrl":"https:\/\/granuluxfrance.com\/wp-content\/uploads\/2025\/08\/Bougie-140-mm-de-long.webp","datePublished":"2025-08-12T18:00:24+00:00","dateModified":"2026-01-01T23:37:18+00:00","description":"Cette bougie d\u2019allumage AMG pour po\u00eale \u00e0 granul\u00e9s est id\u00e9ale en remplacement de votre r\u00e9sistance d\u2019origine. Sa puissance de 270 W et son format 140 mm assurent une chauffe rapide du granul\u00e9, permettant un allumage efficace m\u00eame en hiver rigoureux. Sa fixation par \u00e9crou 3\/8 gaz et son c\u00e2ble de 50 cm la rendent facile \u00e0 installer. Cette pi\u00e8ce est un investissement s\u00fbr pour prolonger la dur\u00e9e de vie de votre appareil.","breadcrumb":{"@id":"https:\/\/granuluxfrance.com\/produit\/bougie-dallumage-amg-270-w-140-mm-filetage-3-8-gaz-cable-50-cm\/#breadcrumb"},"inLanguage":"en-US","potentialAction":[{"@type":"ReadAction","target":["https:\/\/granuluxfrance.com\/produit\/bougie-dallumage-amg-270-w-140-mm-filetage-3-8-gaz-cable-50-cm\/"]}]},{"@type":"ImageObject","inLanguage":"en-US","@id":"https:\/\/granuluxfrance.com\/produit\/bougie-dallumage-amg-270-w-140-mm-filetage-3-8-gaz-cable-50-cm\/#primaryimage","url":"https:\/\/granuluxfrance.com\/wp-content\/uploads\/2025\/08\/Bougie-140-mm-de-long.webp","contentUrl":"https:\/\/granuluxfrance.com\/wp-content\/uploads\/2025\/08\/Bougie-140-mm-de-long.webp","width":1024,"height":1536,"caption":"bougie-AMG"},{"@type":"BreadcrumbList","@id":"https:\/\/granuluxfrance.com\/produit\/bougie-dallumage-amg-270-w-140-mm-filetage-3-8-gaz-cable-50-cm\/#breadcrumb","itemListElement":[{"@type":"ListItem","position":1,"name":"Accueil","item":"https:\/\/granuluxfrance.com\/"},{"@type":"ListItem","position":2,"name":"BOUTIQUE","item":"https:\/\/granuluxfrance.com\/shop\/"},{"@type":"ListItem","position":3,"name":"Bougie d\u2019allumage AMG \u2013 270 W \/ 140 mm \u2013 Filetage 3\/8 gaz \u2013 C\u00e2ble 50 cm"}]},{"@type":"WebSite","@id":"https:\/\/granuluxfrance.com\/#website","url":"https:\/\/granuluxfrance.com\/","name":"granuluxfrance","description":"","publisher":{"@id":"https:\/\/granuluxfrance.com\/#organization"},"potentialAction":[{"@type":"SearchAction","target":{"@type":"EntryPoint","urlTemplate":"https:\/\/granuluxfrance.com\/?s={search_term_string}"},"query-input":{"@type":"PropertyValueSpecification","valueRequired":true,"valueName":"search_term_string"}}],"inLanguage":"en-US"},{"@type":"Organization","@id":"https:\/\/granuluxfrance.com\/#organization","name":"granuluxfrance","url":"https:\/\/granuluxfrance.com\/","logo":{"@type":"ImageObject","inLanguage":"en-US","@id":"https:\/\/granuluxfrance.com\/#\/schema\/logo\/image\/","url":"https:\/\/granuluxfrance.com\/wp-content\/uploads\/2025\/07\/Screenshot_259.png","contentUrl":"https:\/\/granuluxfrance.com\/wp-content\/uploads\/2025\/07\/Screenshot_259.png","width":510,"height":382,"caption":"granuluxfrance"},"image":{"@id":"https:\/\/granuluxfrance.com\/#\/schema\/logo\/image\/"}}]}},"jetpack_sharing_enabled":true,"_links":{"self":[{"href":"https:\/\/granuluxfrance.com\/en\/wp-json\/wp\/v2\/product\/29804","targetHints":{"allow":["GET"]}}],"collection":[{"href":"https:\/\/granuluxfrance.com\/en\/wp-json\/wp\/v2\/product"}],"about":[{"href":"https:\/\/granuluxfrance.com\/en\/wp-json\/wp\/v2\/types\/product"}],"replies":[{"embeddable":true,"href":"https:\/\/granuluxfrance.com\/en\/wp-json\/wp\/v2\/comments?post=29804"}],"version-history":[{"count":4,"href":"https:\/\/granuluxfrance.com\/en\/wp-json\/wp\/v2\/product\/29804\/revisions"}],"predecessor-version":[{"id":29807,"href":"https:\/\/granuluxfrance.com\/en\/wp-json\/wp\/v2\/product\/29804\/revisions\/29807"}],"wp:featuredmedia":[{"embeddable":true,"href":"https:\/\/granuluxfrance.com\/en\/wp-json\/wp\/v2\/media\/30102"}],"wp:attachment":[{"href":"https:\/\/granuluxfrance.com\/en\/wp-json\/wp\/v2\/media?parent=29804"}],"wp:term":[{"taxonomy":"product_brand","embeddable":true,"href":"https:\/\/granuluxfrance.com\/en\/wp-json\/wp\/v2\/product_brand?post=29804"},{"taxonomy":"product_cat","embeddable":true,"href":"https:\/\/granuluxfrance.com\/en\/wp-json\/wp\/v2\/product_cat?post=29804"},{"taxonomy":"product_tag","embeddable":true,"href":"https:\/\/granuluxfrance.com\/en\/wp-json\/wp\/v2\/product_tag?post=29804"}],"curies":[{"name":"wp","href":"https:\/\/api.w.org\/{rel}","templated":true}]}}